{"id":23089,"date":"2023-07-04T19:06:15","date_gmt":"2023-07-04T19:06:15","guid":{"rendered":"https:\/\/mybookselling.store\/?post_type=product&amp;p=23089"},"modified":"2025-01-06T21:47:13","modified_gmt":"2025-01-06T21:47:13","slug":"cuaderno-escritura-terapeutica","status":"publish","type":"product","link":"https:\/\/mybookselling.velqorumholding.ee\/mbs2023\/title\/cuaderno-escritura-terapeutica\/","title":{"rendered":"Cuaderno de escritura terap\u00e9utica"},"content":{"rendered":"<p>Tiene ante usted un cuaderno de informaci\u00f3n, sugerencias, preguntas que le obligar\u00e1n a mirar a su interior y conocerse mejor.<span class=\"Apple-converted-space\">\u00a0<\/span>A trav\u00e9s de un m\u00e9todo terap\u00e9utico, cada ejercicio est\u00e1 enfocado a la sanaci\u00f3n emocional a trav\u00e9s de la aceptaci\u00f3n y el desarrollo de una mayor conciencia sobre s\u00ed mismo, para que disfrute de una vida m\u00e1s feliz, equilibrada y plena.<\/p>\n","protected":false},"excerpt":{"rendered":"<p>Tiene ante usted un cuaderno de informaci\u00f3n, sugerencias, preguntas que le obligar\u00e1n a mirar a su interior y conocerse mejor. A trav\u00e9s de un m\u00e9todo terap\u00e9utico, cada ejercicio est\u00e1 enfocado a la sanaci\u00f3n emocional a trav\u00e9s de la aceptaci\u00f3n y el desarrollo de una mayor conciencia sobre s\u00ed mismo, para que disfrute de una vida m\u00e1s feliz, equilibrada y plena.<\/p>\n","protected":false},"featured_media":23097,"template":"","meta":[],"product_brand":[],"product_cat":[86],"product_tag":[],"class_list":{"0":"post-23089","1":"product","2":"type-product","3":"status-publish","4":"has-post-thumbnail","6":"product_cat-autoayuda-superacion-personal","7":"sales-flash-overlay","8":"woocommerce-text-align-center","9":"woocommerce-image-align-center","10":"do-quantity-buttons","12":"first","13":"outofstock","14":"shipping-taxable","15":"purchasable","16":"product-type-variable","17":"has-default-attributes"},"_links":{"self":[{"href":"https:\/\/mybookselling.velqorumholding.ee\/mbs2023\/wp-json\/wp\/v2\/product\/23089","targetHints":{"allow":["GET"]}}],"collection":[{"href":"https:\/\/mybookselling.velqorumholding.ee\/mbs2023\/wp-json\/wp\/v2\/product"}],"about":[{"href":"https:\/\/mybookselling.velqorumholding.ee\/mbs2023\/wp-json\/wp\/v2\/types\/product"}],"wp:featuredmedia":[{"embeddable":true,"href":"https:\/\/mybookselling.velqorumholding.ee\/mbs2023\/wp-json\/wp\/v2\/media\/23097"}],"wp:attachment":[{"href":"https:\/\/mybookselling.velqorumholding.ee\/mbs2023\/wp-json\/wp\/v2\/media?parent=23089"}],"wp:term":[{"taxonomy":"product_brand","embeddable":true,"href":"https:\/\/mybookselling.velqorumholding.ee\/mbs2023\/wp-json\/wp\/v2\/product_brand?post=23089"},{"taxonomy":"product_cat","embeddable":true,"href":"https:\/\/mybookselling.velqorumholding.ee\/mbs2023\/wp-json\/wp\/v2\/product_cat?post=23089"},{"taxonomy":"product_tag","embeddable":true,"href":"https:\/\/mybookselling.velqorumholding.ee\/mbs2023\/wp-json\/wp\/v2\/product_tag?post=23089"}],"curies":[{"name":"wp","href":"https:\/\/api.w.org\/{rel}","templated":true}]}}