{"id":23059,"date":"2023-06-30T19:32:50","date_gmt":"2023-06-30T19:32:50","guid":{"rendered":"https:\/\/mybookselling.store\/?post_type=product&amp;p=23059"},"modified":"2025-01-06T21:47:13","modified_gmt":"2025-01-06T21:47:13","slug":"breviario","status":"publish","type":"product","link":"https:\/\/mybookselling.velqorumholding.ee\/mbs2023\/title\/breviario\/","title":{"rendered":"Breviario"},"content":{"rendered":"<p>Si la poes\u00eda es el grito callado de quien sue\u00f1a inmerso en la realidad, la lectura de cada una de estas p\u00edldoras l\u00edricas no son sino el mejor modo de comenzar el d\u00eda. Escritas sn moldear, son esbozos, dibujos r\u00e1pidos que se diluyen en la mente; que se aspiran como el humo<span class=\"Apple-converted-space\">\u00a0 <\/span>de un suspiro. Palabras. Frases. Oraciones que crecen sobre el papel en libertad, como los p\u00e1jaros. Sin las cadenas de la raz\u00f3n, sin el constre\u00f1imiento de la est\u00e9tica. Sin el respeto a lo perfecto.<\/p>\n<p><b>Toma tu c\u00e1psula l\u00edrica cada ma\u00f1ana, antes de inmiscuirte en la rutina y que el germen de la poes\u00eda crezca a lo largo del d\u00eda.<\/b><\/p>\n","protected":false},"excerpt":{"rendered":"<p><i>Mediterr\u00e1neo oriental. Siglo IX A. J. C. <\/i><\/p>\n<p>El dios griego Zeus, cautivado por la belleza de las princesas de Argos y de Fenicia, se ve envuelto en una rivalidad con el Sumo Sacerdote Amon Ra, del reino Kushita, en Egipto, que a su vez, consagra sus d\u00edas a proteger a la hija de Inaco y fracturar as\u00ed el mito legendario de los griegos.<\/p>\n<p>Pero en esta tesitura, una de las dos princesas consigue su objetivo. Sin embargo, pronto descubrir\u00e1n que ambas dos mantiene un mismo or\u00edgen, incluso, de sangre.<\/p>\n<p><strong>Una obra que nos adentra en un mundo lejano, ahogado de pasiones genuinamente humanas, escrita con riguroso estudio hist\u00f3rico.<\/strong><\/p>\n","protected":false},"featured_media":23067,"template":"","meta":[],"product_brand":[],"product_cat":[62],"product_tag":[],"class_list":{"0":"post-23059","1":"product","2":"type-product","3":"status-publish","4":"has-post-thumbnail","6":"product_cat-poesia","7":"sales-flash-overlay","8":"woocommerce-text-align-center","9":"woocommerce-image-align-center","10":"do-quantity-buttons","12":"first","13":"outofstock","14":"shipping-taxable","15":"purchasable","16":"product-type-variable","17":"has-default-attributes"},"_links":{"self":[{"href":"https:\/\/mybookselling.velqorumholding.ee\/mbs2023\/wp-json\/wp\/v2\/product\/23059","targetHints":{"allow":["GET"]}}],"collection":[{"href":"https:\/\/mybookselling.velqorumholding.ee\/mbs2023\/wp-json\/wp\/v2\/product"}],"about":[{"href":"https:\/\/mybookselling.velqorumholding.ee\/mbs2023\/wp-json\/wp\/v2\/types\/product"}],"wp:featuredmedia":[{"embeddable":true,"href":"https:\/\/mybookselling.velqorumholding.ee\/mbs2023\/wp-json\/wp\/v2\/media\/23067"}],"wp:attachment":[{"href":"https:\/\/mybookselling.velqorumholding.ee\/mbs2023\/wp-json\/wp\/v2\/media?parent=23059"}],"wp:term":[{"taxonomy":"product_brand","embeddable":true,"href":"https:\/\/mybookselling.velqorumholding.ee\/mbs2023\/wp-json\/wp\/v2\/product_brand?post=23059"},{"taxonomy":"product_cat","embeddable":true,"href":"https:\/\/mybookselling.velqorumholding.ee\/mbs2023\/wp-json\/wp\/v2\/product_cat?post=23059"},{"taxonomy":"product_tag","embeddable":true,"href":"https:\/\/mybookselling.velqorumholding.ee\/mbs2023\/wp-json\/wp\/v2\/product_tag?post=23059"}],"curies":[{"name":"wp","href":"https:\/\/api.w.org\/{rel}","templated":true}]}}