{"id":23035,"date":"2023-06-30T17:56:47","date_gmt":"2023-06-30T17:56:47","guid":{"rendered":"https:\/\/mybookselling.store\/?post_type=product&amp;p=23035"},"modified":"2025-01-06T21:47:13","modified_gmt":"2025-01-06T21:47:13","slug":"contradicciones","status":"publish","type":"product","link":"https:\/\/mybookselling.velqorumholding.ee\/mbs2023\/title\/contradicciones\/","title":{"rendered":"Contradicciones"},"content":{"rendered":"<p>A trav\u00e9s de doce piezas l\u00edricas, comprendemos la magnitud de la nostalgia y su vinculaci\u00f3n con el dolor por la p\u00e9rdida de los padres, pero tambi\u00e9n asistimos a la voz de una madre a su hijo. Doce poemas que son expresi\u00f3n del alma de Sandra Acosta.<\/p>\n<p><strong>Una obra po\u00e9tica que abordan la nostalgia, y los recuerdos; el amor y la eterna contemplaci\u00f3n de quien trata de descifrarse a s\u00ed misma, a golpe de verso.<\/strong><\/p>\n","protected":false},"excerpt":{"rendered":"<p>A trav\u00e9s de doce piezas l\u00edricas, comprendemos la magnitud de la nostalgia y su vinculaci\u00f3n con el dolor por la p\u00e9rdida de los padres, pero tambi\u00e9n asistimos a la voz de una madre a su hijo. Doce poemas que son expresi\u00f3n del alma de Sandra Acosta.<\/p>\n<p><strong>Una obra po\u00e9tica que abordan la nostalgia, y los recuerdos; el amor y la eterna contemplaci\u00f3n de quien trata de descifrarse a s\u00ed misma, a golpe de verso.<\/strong><\/p>\n","protected":false},"featured_media":23043,"template":"","meta":[],"product_brand":[],"product_cat":[62],"product_tag":[],"class_list":{"0":"post-23035","1":"product","2":"type-product","3":"status-publish","4":"has-post-thumbnail","6":"product_cat-poesia","7":"sales-flash-overlay","8":"woocommerce-text-align-center","9":"woocommerce-image-align-center","10":"do-quantity-buttons","12":"first","13":"outofstock","14":"shipping-taxable","15":"purchasable","16":"product-type-variable","17":"has-default-attributes"},"_links":{"self":[{"href":"https:\/\/mybookselling.velqorumholding.ee\/mbs2023\/wp-json\/wp\/v2\/product\/23035","targetHints":{"allow":["GET"]}}],"collection":[{"href":"https:\/\/mybookselling.velqorumholding.ee\/mbs2023\/wp-json\/wp\/v2\/product"}],"about":[{"href":"https:\/\/mybookselling.velqorumholding.ee\/mbs2023\/wp-json\/wp\/v2\/types\/product"}],"wp:featuredmedia":[{"embeddable":true,"href":"https:\/\/mybookselling.velqorumholding.ee\/mbs2023\/wp-json\/wp\/v2\/media\/23043"}],"wp:attachment":[{"href":"https:\/\/mybookselling.velqorumholding.ee\/mbs2023\/wp-json\/wp\/v2\/media?parent=23035"}],"wp:term":[{"taxonomy":"product_brand","embeddable":true,"href":"https:\/\/mybookselling.velqorumholding.ee\/mbs2023\/wp-json\/wp\/v2\/product_brand?post=23035"},{"taxonomy":"product_cat","embeddable":true,"href":"https:\/\/mybookselling.velqorumholding.ee\/mbs2023\/wp-json\/wp\/v2\/product_cat?post=23035"},{"taxonomy":"product_tag","embeddable":true,"href":"https:\/\/mybookselling.velqorumholding.ee\/mbs2023\/wp-json\/wp\/v2\/product_tag?post=23035"}],"curies":[{"name":"wp","href":"https:\/\/api.w.org\/{rel}","templated":true}]}}