{"id":23023,"date":"2023-06-30T17:37:43","date_gmt":"2023-06-30T17:37:43","guid":{"rendered":"https:\/\/mybookselling.store\/?post_type=product&amp;p=23023"},"modified":"2025-01-06T21:47:13","modified_gmt":"2025-01-06T21:47:13","slug":"al-fin-has-llegado","status":"publish","type":"product","link":"https:\/\/mybookselling.velqorumholding.ee\/mbs2023\/title\/al-fin-has-llegado\/","title":{"rendered":"Al fin has llegado, vida m\u00eda"},"content":{"rendered":"<p>Entre las paredes de un cuarto de hospital, una ventana y el murmullo del personal m\u00e9dico por los corredores, Ver\u00f3nica nos narra la historia de su vida en sus \u00faltimos d\u00edas. \u00c1ngel, un joven cuya vida ha sido dif\u00edcil, nos ense\u00f1a a superar la maldad humana con dosis de inteligencia y confianza en s\u00ed mismo. Ramy, un viejo solitario que saborea lo amargo de una existencia gris, nos hace part\u00edcipes de los episodios m\u00e1s dolorosos de su vida.<\/p>\n<p><strong>Tres relatos, tres vidas, tres destinos cuyo pasado y presente han compartido dosis de dolor y resignaci\u00f3n y que se nos muestran en estas p\u00e1ginas desplegados con total sinceridad.<\/strong><\/p>\n","protected":false},"excerpt":{"rendered":"<p>Entre las paredes de un cuarto de hospital, una ventana y el murmullo del personal m\u00e9dico por los corredores, Ver\u00f3nica nos narra la historia de su vida en sus \u00faltimos d\u00edas. \u00c1ngel, un joven cuya vida ha sido dif\u00edcil, nos ense\u00f1a a superar la maldad humana con dosis de inteligencia y confianza en s\u00ed mismo. Ramy, un viejo solitario que saborea lo amargo de una existencia gris, nos hace part\u00edcipes de los episodios m\u00e1s dolorosos de su vida.<\/p>\n<p><strong>Tres relatos, tres vidas, tres destinos cuyo pasado y presente han compartido dosis de dolor y resignaci\u00f3n y que se nos muestran en estas p\u00e1ginas desplegados con total sinceridad.<\/strong><\/p>\n","protected":false},"featured_media":23031,"template":"","meta":[],"product_brand":[],"product_cat":[67,21],"product_tag":[],"class_list":{"0":"post-23023","1":"product","2":"type-product","3":"status-publish","4":"has-post-thumbnail","6":"product_cat-cuentos","7":"product_cat-drama","8":"sales-flash-overlay","9":"woocommerce-text-align-center","10":"woocommerce-image-align-center","11":"do-quantity-buttons","13":"first","14":"outofstock","15":"shipping-taxable","16":"purchasable","17":"product-type-variable","18":"has-default-attributes"},"_links":{"self":[{"href":"https:\/\/mybookselling.velqorumholding.ee\/mbs2023\/wp-json\/wp\/v2\/product\/23023","targetHints":{"allow":["GET"]}}],"collection":[{"href":"https:\/\/mybookselling.velqorumholding.ee\/mbs2023\/wp-json\/wp\/v2\/product"}],"about":[{"href":"https:\/\/mybookselling.velqorumholding.ee\/mbs2023\/wp-json\/wp\/v2\/types\/product"}],"wp:featuredmedia":[{"embeddable":true,"href":"https:\/\/mybookselling.velqorumholding.ee\/mbs2023\/wp-json\/wp\/v2\/media\/23031"}],"wp:attachment":[{"href":"https:\/\/mybookselling.velqorumholding.ee\/mbs2023\/wp-json\/wp\/v2\/media?parent=23023"}],"wp:term":[{"taxonomy":"product_brand","embeddable":true,"href":"https:\/\/mybookselling.velqorumholding.ee\/mbs2023\/wp-json\/wp\/v2\/product_brand?post=23023"},{"taxonomy":"product_cat","embeddable":true,"href":"https:\/\/mybookselling.velqorumholding.ee\/mbs2023\/wp-json\/wp\/v2\/product_cat?post=23023"},{"taxonomy":"product_tag","embeddable":true,"href":"https:\/\/mybookselling.velqorumholding.ee\/mbs2023\/wp-json\/wp\/v2\/product_tag?post=23023"}],"curies":[{"name":"wp","href":"https:\/\/api.w.org\/{rel}","templated":true}]}}