{"id":22959,"date":"2023-06-09T16:06:04","date_gmt":"2023-06-09T16:06:04","guid":{"rendered":"https:\/\/mybookselling.store\/?post_type=product&amp;p=22959"},"modified":"2025-01-06T21:47:12","modified_gmt":"2025-01-06T21:47:12","slug":"aprenda-c-creando-juegos-mentales","status":"publish","type":"product","link":"https:\/\/mybookselling.velqorumholding.ee\/mbs2023\/title\/aprenda-c-creando-juegos-mentales\/","title":{"rendered":"Aprenda C++ creando juegos mentales"},"content":{"rendered":"<div class=\"page\" title=\"Page 1\">\n<div class=\"section\">\n<div class=\"layoutArea\">\n<div class=\"column\"><\/div>\n<p>El lenguaje de programaci\u00f3n C++ se ha extendido desde hace m\u00e1s de dos d\u00e9cadas y su importancia radica en que muchos navegadores Web, sistemas operativos, bibliotecas, bases de datos, videojuegos y nubes por citar algunas aplicaciones, est\u00e1n escritos en C++.<\/p>\n<p>Por lo anterior, se presenta un manual pr\u00e1ctico orientado a que el lector conozca los fundamentos y estructura de este lenguaje, a trav\u00e9s de una metodolog\u00eda din\u00e1mica creando m\u00e1s de doce juegos mentales describiendo sus caracter\u00edsticas, directivas empleadas, inicializaci\u00f3n de par\u00e1metros, funciones de usuario utilizadas, la explicaci\u00f3n y comentarios a cada uno de los programas.<\/p>\n<p><strong>Un manual esencial para estudiantes y aficionados a la programaci\u00f3n que invita al lector a explorar y adecuar el c\u00f3digo de los diversos programas a sus necesidades y requerimientos.<\/strong><\/p>\n<p>&nbsp;<\/p>\n<\/div>\n<\/div>\n<\/div>\n","protected":false},"excerpt":{"rendered":"<p>El lenguaje de programaci\u00f3n C++ se ha extendido desde hace m\u00e1s de dos d\u00e9cadas y su importancia radica en que muchos navegadores Web, sistemas operativos, bibliotecas, bases de datos, videojuegos y nubes por citar algunas aplicaciones, est\u00e1n escritos en C++.<\/p>\n<p>Por lo anterior, se presenta un manual pr\u00e1ctico orientado a que el lector conozca los fundamentos y estructura de este lenguaje, a trav\u00e9s de una metodolog\u00eda din\u00e1mica creando m\u00e1s de doce juegos mentales describiendo sus caracter\u00edsticas, directivas empleadas, inicializaci\u00f3n de par\u00e1metros, funciones de usuario utilizadas, la explicaci\u00f3n y comentarios a cada uno de los programas.<\/p>\n<p><strong>Un manual esencial para estudiantes y aficionados a la programaci\u00f3n que invita al lector a explorar y adecuar el c\u00f3digo de los diversos programas a sus necesidades y requerimientos.<\/strong><\/p>\n","protected":false},"featured_media":22964,"template":"","meta":[],"product_brand":[],"product_cat":[215],"product_tag":[],"class_list":{"0":"post-22959","1":"product","2":"type-product","3":"status-publish","4":"has-post-thumbnail","6":"product_cat-metodos-educativos","7":"sales-flash-overlay","8":"woocommerce-text-align-center","9":"woocommerce-image-align-center","10":"do-quantity-buttons","12":"first","13":"outofstock","14":"shipping-taxable","15":"purchasable","16":"product-type-variable","17":"has-default-attributes"},"_links":{"self":[{"href":"https:\/\/mybookselling.velqorumholding.ee\/mbs2023\/wp-json\/wp\/v2\/product\/22959","targetHints":{"allow":["GET"]}}],"collection":[{"href":"https:\/\/mybookselling.velqorumholding.ee\/mbs2023\/wp-json\/wp\/v2\/product"}],"about":[{"href":"https:\/\/mybookselling.velqorumholding.ee\/mbs2023\/wp-json\/wp\/v2\/types\/product"}],"wp:featuredmedia":[{"embeddable":true,"href":"https:\/\/mybookselling.velqorumholding.ee\/mbs2023\/wp-json\/wp\/v2\/media\/22964"}],"wp:attachment":[{"href":"https:\/\/mybookselling.velqorumholding.ee\/mbs2023\/wp-json\/wp\/v2\/media?parent=22959"}],"wp:term":[{"taxonomy":"product_brand","embeddable":true,"href":"https:\/\/mybookselling.velqorumholding.ee\/mbs2023\/wp-json\/wp\/v2\/product_brand?post=22959"},{"taxonomy":"product_cat","embeddable":true,"href":"https:\/\/mybookselling.velqorumholding.ee\/mbs2023\/wp-json\/wp\/v2\/product_cat?post=22959"},{"taxonomy":"product_tag","embeddable":true,"href":"https:\/\/mybookselling.velqorumholding.ee\/mbs2023\/wp-json\/wp\/v2\/product_tag?post=22959"}],"curies":[{"name":"wp","href":"https:\/\/api.w.org\/{rel}","templated":true}]}}