{"id":22895,"date":"2023-05-21T16:16:31","date_gmt":"2023-05-21T16:16:31","guid":{"rendered":"https:\/\/mybookselling.store\/?post_type=product&amp;p=22895"},"modified":"2025-01-06T21:47:12","modified_gmt":"2025-01-06T21:47:12","slug":"grieta","status":"publish","type":"product","link":"https:\/\/mybookselling.velqorumholding.ee\/mbs2023\/title\/grieta\/","title":{"rendered":"Grieta"},"content":{"rendered":"<div class=\"page\" title=\"Page 1\">\n<div class=\"section\">\n<div class=\"layoutArea\">\n<div class=\"column\">\n<p>F\u00e9nix, un hombre con ferviente deseo de encontrar el amor por cualquier medio, conoce a Gama a trav\u00e9s de una aplicaci\u00f3n digital de citas. En poco tiempo, se enamoran y F\u00e9nix propone iniciar un proyecto familiar en com\u00fan. Lo que aparentemente es un horizonte ilusionante, pronto se tornar\u00e1 un calvario.<span class=\"Apple-converted-space\">\u00a0<\/span><\/p>\n<p>Con un enfoque legal sobre las regulaciones de la interrupci\u00f3n del embarazo a la par que cr\u00edtico, Alejandro Conde esboza un planteamiento<span class=\"Apple-converted-space\">\u00a0 <\/span>heterodoxo pero justo en relaci\u00f3n a la figura paterna y su voluntad, as\u00ed como el papel del Estado en su intervenci\u00f3n.<\/p>\n<\/div>\n<div class=\"_df_book df-lite\" id=\"df_22926\"  _slug=\"22926\" data-title=\"\" wpoptions=\"true\" thumbtype=\"\" ><\/div><script class=\"df-shortcode-script\" nowprocket type=\"application\/javascript\">window.option_df_22926 = {\"outline\":[],\"autoEnableOutline\":\"false\",\"autoEnableThumbnail\":\"false\",\"overwritePDFOutline\":\"false\",\"direction\":\"1\",\"pageSize\":\"0\",\"source\":\"https:\\\/\\\/mybookselling.store\\\/wp-content\\\/uploads\\\/2023\\\/05\\\/Grieta-Print.pdf\",\"wpOptions\":\"true\"}; if(window.DFLIP && window.DFLIP.parseBooks){window.DFLIP.parseBooks();}<\/script>\n<\/div>\n<\/div>\n<\/div>\n","protected":false},"excerpt":{"rendered":"<p>F\u00e9nix, un hombre con ferviente deseo de encontrar el amor por cualquier medio, conoce a Gama a trav\u00e9s de una aplicaci\u00f3n digital de citas. En poco tiempo, se enamoran y F\u00e9nix propone iniciar un proyecto familiar en com\u00fan. Lo que aparentemente es un horizonte ilusionante, pronto se tornar\u00e1 un calvario.<span class=\"Apple-converted-space\">\u00a0<\/span><\/p>\n<p>Con un enfoque legal sobre las regulaciones de la interrupci\u00f3n del embarazo a la par que cr\u00edtico, Alejandro Conde esboza un planteamiento<span class=\"Apple-converted-space\">\u00a0 <\/span>heterodoxo pero justo en relaci\u00f3n a la figura paterna y su voluntad, as\u00ed como el papel del Estado en su intervenci\u00f3n.<\/p>\n","protected":false},"featured_media":22903,"template":"","meta":[],"product_brand":[],"product_cat":[86,100],"product_tag":[],"class_list":{"0":"post-22895","1":"product","2":"type-product","3":"status-publish","4":"has-post-thumbnail","6":"product_cat-autoayuda-superacion-personal","7":"product_cat-biografia","8":"sales-flash-overlay","9":"woocommerce-text-align-center","10":"woocommerce-image-align-center","11":"do-quantity-buttons","13":"first","14":"outofstock","15":"shipping-taxable","16":"purchasable","17":"product-type-variable","18":"has-default-attributes"},"_links":{"self":[{"href":"https:\/\/mybookselling.velqorumholding.ee\/mbs2023\/wp-json\/wp\/v2\/product\/22895","targetHints":{"allow":["GET"]}}],"collection":[{"href":"https:\/\/mybookselling.velqorumholding.ee\/mbs2023\/wp-json\/wp\/v2\/product"}],"about":[{"href":"https:\/\/mybookselling.velqorumholding.ee\/mbs2023\/wp-json\/wp\/v2\/types\/product"}],"wp:featuredmedia":[{"embeddable":true,"href":"https:\/\/mybookselling.velqorumholding.ee\/mbs2023\/wp-json\/wp\/v2\/media\/22903"}],"wp:attachment":[{"href":"https:\/\/mybookselling.velqorumholding.ee\/mbs2023\/wp-json\/wp\/v2\/media?parent=22895"}],"wp:term":[{"taxonomy":"product_brand","embeddable":true,"href":"https:\/\/mybookselling.velqorumholding.ee\/mbs2023\/wp-json\/wp\/v2\/product_brand?post=22895"},{"taxonomy":"product_cat","embeddable":true,"href":"https:\/\/mybookselling.velqorumholding.ee\/mbs2023\/wp-json\/wp\/v2\/product_cat?post=22895"},{"taxonomy":"product_tag","embeddable":true,"href":"https:\/\/mybookselling.velqorumholding.ee\/mbs2023\/wp-json\/wp\/v2\/product_tag?post=22895"}],"curies":[{"name":"wp","href":"https:\/\/api.w.org\/{rel}","templated":true}]}}