{"id":22877,"date":"2023-05-21T16:07:20","date_gmt":"2023-05-21T16:07:20","guid":{"rendered":"https:\/\/mybookselling.store\/?post_type=product&amp;p=22877"},"modified":"2025-01-06T21:47:12","modified_gmt":"2025-01-06T21:47:12","slug":"cronicas-de-el-salvador","status":"publish","type":"product","link":"https:\/\/mybookselling.velqorumholding.ee\/mbs2023\/title\/cronicas-de-el-salvador\/","title":{"rendered":"Cr\u00f3nicas de El Salvador"},"content":{"rendered":"<div class=\"page\" title=\"Page 1\">\n<div class=\"section\">\n<div class=\"layoutArea\">\n<div class=\"column\">\n<p>Octubre de 1871. El Decano de la Facultad de Medicina de la Universidad de Chile se esfuerza por comprender las causas de la alta mortandad en los reci\u00e9n nacidos. Es el comienzo de un proyecto de magnitudes insospechadas: la construcci\u00f3n de un recinto hospitalario que estudie, trate y prevenga esta situaci\u00f3n.<span class=\"Apple-converted-space\">\u00a0<\/span><\/p>\n<p>As\u00ed, durante los ciento cincuenta y un a\u00f1os de existencia, El Salvador ha sido mudo testigo de vidas que han venido y otras que han desaparecido; en los paritorios, en la morgue; ecos de enfermos con historia propia que solo el viejo edificio conoce y guarda con celo.<span class=\"Apple-converted-space\">\u00a0<\/span><\/p>\n<p>As\u00ed, de la mano de quien habit\u00f3 los d\u00edas y las noches del interior de El Salvador, nos llega esta recopilaci\u00f3n de historias reales literaturizadas como tributo humilde al silencioso hospital.<\/p>\n<\/div>\n<div class=\"_df_book df-lite\" id=\"df_22920\"  _slug=\"22920\" data-title=\"\" wpoptions=\"true\" thumbtype=\"\" ><\/div><script class=\"df-shortcode-script\" nowprocket type=\"application\/javascript\">window.option_df_22920 = {\"outline\":[],\"autoEnableOutline\":\"false\",\"autoEnableThumbnail\":\"false\",\"overwritePDFOutline\":\"false\",\"direction\":\"1\",\"pageSize\":\"0\",\"source\":\"https:\\\/\\\/mybookselling.store\\\/wp-content\\\/uploads\\\/2023\\\/05\\\/Cronicas-de-El-Salvador-Print.pdf\",\"wpOptions\":\"true\"}; if(window.DFLIP && window.DFLIP.parseBooks){window.DFLIP.parseBooks();}<\/script>\n<\/div>\n<\/div>\n<\/div>\n","protected":false},"excerpt":{"rendered":"<p>Octubre de 1871. El Decano de la Facultad de Medicina de la Universidad de Chile se esfuerza por comprender las causas de la alta mortandad en los reci\u00e9n nacidos. Es el comienzo de un proyecto de magnitudes insospechadas: la construcci\u00f3n de un recinto hospitalario que estudie, trate y prevenga esta situaci\u00f3n.<span class=\"Apple-converted-space\">\u00a0<\/span><\/p>\n<p>As\u00ed, durante los ciento cincuenta y un a\u00f1os de existencia, El Salvador ha sido mudo testigo de vidas que han venido y otras que han desaparecido; en los paritorios, en la morgue; ecos de enfermos con historia propia que solo el viejo edificio conoce y guarda con celo.<span class=\"Apple-converted-space\">\u00a0<\/span><\/p>\n<p>As\u00ed, de la mano de quien habit\u00f3 los d\u00edas y las noches del interior de El Salvador, nos llega esta recopilaci\u00f3n de historias reales literaturizadas como tributo humilde al silencioso hospital.<\/p>\n","protected":false},"featured_media":22888,"template":"","meta":[],"product_brand":[],"product_cat":[100],"product_tag":[],"class_list":{"0":"post-22877","1":"product","2":"type-product","3":"status-publish","4":"has-post-thumbnail","6":"product_cat-biografia","7":"sales-flash-overlay","8":"woocommerce-text-align-center","9":"woocommerce-image-align-center","10":"do-quantity-buttons","12":"first","13":"outofstock","14":"shipping-taxable","15":"purchasable","16":"product-type-variable","17":"has-default-attributes"},"_links":{"self":[{"href":"https:\/\/mybookselling.velqorumholding.ee\/mbs2023\/wp-json\/wp\/v2\/product\/22877","targetHints":{"allow":["GET"]}}],"collection":[{"href":"https:\/\/mybookselling.velqorumholding.ee\/mbs2023\/wp-json\/wp\/v2\/product"}],"about":[{"href":"https:\/\/mybookselling.velqorumholding.ee\/mbs2023\/wp-json\/wp\/v2\/types\/product"}],"wp:featuredmedia":[{"embeddable":true,"href":"https:\/\/mybookselling.velqorumholding.ee\/mbs2023\/wp-json\/wp\/v2\/media\/22888"}],"wp:attachment":[{"href":"https:\/\/mybookselling.velqorumholding.ee\/mbs2023\/wp-json\/wp\/v2\/media?parent=22877"}],"wp:term":[{"taxonomy":"product_brand","embeddable":true,"href":"https:\/\/mybookselling.velqorumholding.ee\/mbs2023\/wp-json\/wp\/v2\/product_brand?post=22877"},{"taxonomy":"product_cat","embeddable":true,"href":"https:\/\/mybookselling.velqorumholding.ee\/mbs2023\/wp-json\/wp\/v2\/product_cat?post=22877"},{"taxonomy":"product_tag","embeddable":true,"href":"https:\/\/mybookselling.velqorumholding.ee\/mbs2023\/wp-json\/wp\/v2\/product_tag?post=22877"}],"curies":[{"name":"wp","href":"https:\/\/api.w.org\/{rel}","templated":true}]}}