{"id":22862,"date":"2023-05-21T15:58:51","date_gmt":"2023-05-21T15:58:51","guid":{"rendered":"https:\/\/mybookselling.store\/?post_type=product&amp;p=22862"},"modified":"2025-01-06T21:47:12","modified_gmt":"2025-01-06T21:47:12","slug":"estrofas-para-cuba","status":"publish","type":"product","link":"https:\/\/mybookselling.velqorumholding.ee\/mbs2023\/title\/estrofas-para-cuba\/","title":{"rendered":"Estrofas para Cuba"},"content":{"rendered":"<div class=\"page\" title=\"Page 1\">\n<div class=\"section\">\n<div class=\"layoutArea\">\n<div class=\"column\">\n<p>A trav\u00e9s de los versos del poeta chileno Miguel Fa\u00fandez Rojas, el lector emprender\u00e1 un viaje a lomos del lirismo para describirnos con gran riqueza cada edificio, cada lugar de la isla donde quedan impregnados sonidos, olores y sabores que nos deleitan; versos de un poeta que exprimen el jugo de la belleza de los paisajes cubanos, del car\u00e1cter abierto y entra\u00f1able de sus gentes. Pero que inciden con dureza en la cara oculta de un sistema pol\u00edtico<span class=\"Apple-converted-space\">\u00a0 <\/span>que fusila toda esperanza de futuro para quienes solo tienen pasado; para quienes solo ven el presente.<\/p>\n<p>#estrofasparacuba<span class=\"Apple-converted-space\">\u00a0 <\/span>#miguelfaundezrojas<\/p>\n<\/div>\n<div class=\"_df_book df-lite\" id=\"df_22914\"  _slug=\"estrofas-para-cuba\" data-title=\"estrofas-para-cuba\" wpoptions=\"true\" thumbtype=\"\" ><\/div><script class=\"df-shortcode-script\" nowprocket type=\"application\/javascript\">window.option_df_22914 = {\"outline\":[],\"autoEnableOutline\":\"false\",\"autoEnableThumbnail\":\"false\",\"overwritePDFOutline\":\"false\",\"direction\":\"1\",\"pageSize\":\"0\",\"source\":\"https:\\\/\\\/mybookselling.store\\\/wp-content\\\/uploads\\\/2023\\\/05\\\/Estrofas-para-Cuba-Print.pdf\",\"wpOptions\":\"true\"}; if(window.DFLIP && window.DFLIP.parseBooks){window.DFLIP.parseBooks();}<\/script>\n<\/div>\n<\/div>\n<\/div>\n","protected":false},"excerpt":{"rendered":"<p>A trav\u00e9s de los versos del poeta chileno Miguel Fa\u00fandez Rojas, el lector emprender\u00e1 un viaje a lomos del lirismo para describirnos con gran riqueza cada edificio, cada lugar de la isla donde quedan impregnados sonidos, olores y sabores que nos deleitan; versos de un poeta que exprimen el jugo de la belleza de los paisajes cubanos, del car\u00e1cter abierto y entra\u00f1able de sus gentes. Pero que inciden con dureza en la cara oculta de un sistema pol\u00edtico<span class=\"Apple-converted-space\">\u00a0 <\/span>que fusila toda esperanza de futuro para quienes solo tienen pasado; para quienes solo ven el presente.<\/p>\n","protected":false},"featured_media":22873,"template":"","meta":[],"product_brand":[],"product_cat":[62,208],"product_tag":[],"class_list":{"0":"post-22862","1":"product","2":"type-product","3":"status-publish","4":"has-post-thumbnail","6":"product_cat-poesia","7":"product_cat-viajes","8":"sales-flash-overlay","9":"woocommerce-text-align-center","10":"woocommerce-image-align-center","11":"do-quantity-buttons","13":"first","14":"outofstock","15":"shipping-taxable","16":"purchasable","17":"product-type-variable","18":"has-default-attributes"},"_links":{"self":[{"href":"https:\/\/mybookselling.velqorumholding.ee\/mbs2023\/wp-json\/wp\/v2\/product\/22862","targetHints":{"allow":["GET"]}}],"collection":[{"href":"https:\/\/mybookselling.velqorumholding.ee\/mbs2023\/wp-json\/wp\/v2\/product"}],"about":[{"href":"https:\/\/mybookselling.velqorumholding.ee\/mbs2023\/wp-json\/wp\/v2\/types\/product"}],"wp:featuredmedia":[{"embeddable":true,"href":"https:\/\/mybookselling.velqorumholding.ee\/mbs2023\/wp-json\/wp\/v2\/media\/22873"}],"wp:attachment":[{"href":"https:\/\/mybookselling.velqorumholding.ee\/mbs2023\/wp-json\/wp\/v2\/media?parent=22862"}],"wp:term":[{"taxonomy":"product_brand","embeddable":true,"href":"https:\/\/mybookselling.velqorumholding.ee\/mbs2023\/wp-json\/wp\/v2\/product_brand?post=22862"},{"taxonomy":"product_cat","embeddable":true,"href":"https:\/\/mybookselling.velqorumholding.ee\/mbs2023\/wp-json\/wp\/v2\/product_cat?post=22862"},{"taxonomy":"product_tag","embeddable":true,"href":"https:\/\/mybookselling.velqorumholding.ee\/mbs2023\/wp-json\/wp\/v2\/product_tag?post=22862"}],"curies":[{"name":"wp","href":"https:\/\/api.w.org\/{rel}","templated":true}]}}