{"id":22767,"date":"2023-05-13T17:11:47","date_gmt":"2023-05-13T17:11:47","guid":{"rendered":"https:\/\/mybookselling.store\/?post_type=product&#038;p=22767"},"modified":"2025-01-06T21:47:12","modified_gmt":"2025-01-06T21:47:12","slug":"escritos-de-luna-y-sol","status":"publish","type":"product","link":"https:\/\/mybookselling.velqorumholding.ee\/mbs2023\/title\/escritos-de-luna-y-sol\/","title":{"rendered":"Escritos de Luna y Sol"},"content":{"rendered":"<div class=\"page\" title=\"Page 1\">\n<div class=\"section\">\n<div class=\"layoutArea\">\n<div class=\"column\">\n<p>Voces escritas transformadas en un libro, voces que hablan del deseo m\u00e1gico del amor, escondidas estaban en un ordenador, esperando a ser liberadas para ser le\u00eddas y compartidas.<\/p>\n<p>As\u00ed nacen estos versos, del susurro \u00edntimo. La Luna y el Sol, se miran inicialmente desde la lejan\u00eda, y se invitan a la comunicaci\u00f3n rom\u00e1ntica a trav\u00e9s de mails, este acto de escribir amorosamente, crea la aventura de amar y de ser amado.<\/p>\n<p>De los escritos, emanan maravillosas emociones, que iluminan el camino de los enamorados.<\/p>\n<\/div>\n<div class=\"_df_book df-lite\" id=\"df_22782\"  _slug=\"escritos-de-luna-y-sol\" data-title=\"escritos-de-luna-y-sol\" wpoptions=\"true\" thumbtype=\"\" ><\/div><script class=\"df-shortcode-script\" nowprocket type=\"application\/javascript\">window.option_df_22782 = {\"outline\":[],\"autoEnableOutline\":\"false\",\"autoEnableThumbnail\":\"false\",\"overwritePDFOutline\":\"false\",\"direction\":\"1\",\"pageSize\":\"0\",\"source\":\"https:\\\/\\\/mybookselling.store\\\/wp-content\\\/uploads\\\/2023\\\/05\\\/Escritos-de-la-Luna-y-el-Sol-Print.pdf\",\"wpOptions\":\"true\"}; if(window.DFLIP && window.DFLIP.parseBooks){window.DFLIP.parseBooks();}<\/script>\n<\/div>\n<\/div>\n<\/div>\n","protected":false},"excerpt":{"rendered":"<p>Voces escritas transformadas en un libro, voces que hablan del deseo m\u00e1gico del amor, escondidas estaban en un ordenador, esperando a ser liberadas para ser le\u00eddas y compartidas.<\/p>\n<p>As\u00ed nacen estos versos, del susurro \u00edntimo. La Luna y el Sol, se miran inicialmente desde la lejan\u00eda, y se invitan a la comunicaci\u00f3n rom\u00e1ntica a trav\u00e9s de mails, este acto de escribir amorosamente, crea la aventura de amar y de ser amado.<\/p>\n<p>De los escritos, emanan maravillosas emociones, que iluminan el camino de los enamorados.<\/p>\n","protected":false},"featured_media":22775,"template":"","meta":[],"product_brand":[],"product_cat":[62],"product_tag":[],"class_list":{"0":"post-22767","1":"product","2":"type-product","3":"status-publish","4":"has-post-thumbnail","6":"product_cat-poesia","7":"sales-flash-overlay","8":"woocommerce-text-align-center","9":"woocommerce-image-align-center","10":"do-quantity-buttons","12":"first","13":"instock","14":"shipping-taxable","15":"purchasable","16":"product-type-variable","17":"has-default-attributes"},"_links":{"self":[{"href":"https:\/\/mybookselling.velqorumholding.ee\/mbs2023\/wp-json\/wp\/v2\/product\/22767","targetHints":{"allow":["GET"]}}],"collection":[{"href":"https:\/\/mybookselling.velqorumholding.ee\/mbs2023\/wp-json\/wp\/v2\/product"}],"about":[{"href":"https:\/\/mybookselling.velqorumholding.ee\/mbs2023\/wp-json\/wp\/v2\/types\/product"}],"wp:featuredmedia":[{"embeddable":true,"href":"https:\/\/mybookselling.velqorumholding.ee\/mbs2023\/wp-json\/wp\/v2\/media\/22775"}],"wp:attachment":[{"href":"https:\/\/mybookselling.velqorumholding.ee\/mbs2023\/wp-json\/wp\/v2\/media?parent=22767"}],"wp:term":[{"taxonomy":"product_brand","embeddable":true,"href":"https:\/\/mybookselling.velqorumholding.ee\/mbs2023\/wp-json\/wp\/v2\/product_brand?post=22767"},{"taxonomy":"product_cat","embeddable":true,"href":"https:\/\/mybookselling.velqorumholding.ee\/mbs2023\/wp-json\/wp\/v2\/product_cat?post=22767"},{"taxonomy":"product_tag","embeddable":true,"href":"https:\/\/mybookselling.velqorumholding.ee\/mbs2023\/wp-json\/wp\/v2\/product_tag?post=22767"}],"curies":[{"name":"wp","href":"https:\/\/api.w.org\/{rel}","templated":true}]}}