{"id":22689,"date":"2023-04-29T21:16:03","date_gmt":"2023-04-29T21:16:03","guid":{"rendered":"https:\/\/mybookselling.store\/?post_type=product&amp;p=22689"},"modified":"2025-01-06T21:47:12","modified_gmt":"2025-01-06T21:47:12","slug":"crepitos","status":"publish","type":"product","link":"https:\/\/mybookselling.velqorumholding.ee\/mbs2023\/title\/crepitos\/","title":{"rendered":"Cr\u00e9pitos"},"content":{"rendered":"<div class=\"page\" title=\"Page 1\">\n<div class=\"section\">\n<div class=\"layoutArea\">\n<div class=\"column\">\n<p><i>Pero la escuela no era solo oscuridad, no era solo un pasillo interminable por el que pod\u00eda caminar. Tambi\u00e9n hab\u00eda habitaciones. Habitaciones horribles donde la locura parec\u00eda palpitar. La primera vez que entr\u00f3 en una de esas habitaciones hab\u00eda encontrado un ser blanco, lleno de luz, era alto y delgado, se contorneaba sin parar con fuertes golpes de un lado a otro, carec\u00eda de cabeza, solo dos grandes protuberancias que sobresal\u00edan de su cuello y colgaban como ap\u00e9ndices muertos.<\/i><\/p>\n<p><b>Cuando Rox\u00e1n, durante el \u00falimo d\u00eda de clases, ve a un ni\u00f1o muerto con las cuencas vac\u00edas en el bosque que rodea el colegio Dur\u00e1n-D\u00e1vila, su vida da un giro; algo desconocido comienza a<span class=\"Apple-converted-space\">\u00a0 <\/span>acecharla. Tras la muerte repentina de uno de sus colegas, decide adentrarse junto a su amigo para desentra\u00f1ar la verdad. Sin saber que en ese lugar habita un mal oculto muy poderoso.<\/b><\/p>\n<p><i>#crepitos #sergionunez<\/i><\/p>\n<\/div>\n<div class=\"_df_book df-lite\" id=\"df_22684\"  _slug=\"creditos\" data-title=\"creditos\" wpoptions=\"true\" thumbtype=\"\" ><\/div><script class=\"df-shortcode-script\" nowprocket type=\"application\/javascript\">window.option_df_22684 = {\"outline\":[],\"autoEnableOutline\":\"false\",\"autoEnableThumbnail\":\"false\",\"overwritePDFOutline\":\"false\",\"direction\":\"1\",\"pageSize\":\"0\",\"source\":\"https:\\\/\\\/mybookselling.store\\\/wp-content\\\/uploads\\\/2023\\\/04\\\/Crepitos-Print-1.pdf\",\"wpOptions\":\"true\"}; if(window.DFLIP && window.DFLIP.parseBooks){window.DFLIP.parseBooks();}<\/script>\n<\/div>\n<\/div>\n<\/div>\n","protected":false},"excerpt":{"rendered":"<p><i>Pero la escuela no era solo oscuridad, no era solo un pasillo interminable por el que pod\u00eda caminar. Tambi\u00e9n hab\u00eda habitaciones. Habitaciones horribles donde la locura parec\u00eda palpitar. La primera vez que entr\u00f3 en una de esas habitaciones hab\u00eda encontrado un ser blanco, lleno de luz, era alto y delgado, se contorneaba sin parar con fuertes golpes de un lado a otro, carec\u00eda de cabeza, solo dos grandes protuberancias que sobresal\u00edan de su cuello y colgaban como ap\u00e9ndices muertos.<\/i><\/p>\n<p><b>Cuando Rox\u00e1n, durante el \u00falimo d\u00eda de clases, ve a un ni\u00f1o muerto con las cuencas vac\u00edas en el bosque que rodea el colegio Dur\u00e1n-D\u00e1vila, su vida da un giro; algo desconocido comienza a<span class=\"Apple-converted-space\">\u00a0 <\/span>acecharla. Tras la muerte repentina de uno de sus colegas, decide adentrarse junto a su amigo para desentra\u00f1ar la verdad. Sin saber que en ese lugar habita un mal oculto muy poderoso.<\/b><\/p>\n","protected":false},"featured_media":22697,"template":"","meta":[],"product_brand":[],"product_cat":[106],"product_tag":[],"class_list":{"0":"post-22689","1":"product","2":"type-product","3":"status-publish","4":"has-post-thumbnail","6":"product_cat-terror","7":"sales-flash-overlay","8":"woocommerce-text-align-center","9":"woocommerce-image-align-center","10":"do-quantity-buttons","12":"first","13":"outofstock","14":"shipping-taxable","15":"purchasable","16":"product-type-variable","17":"has-default-attributes"},"_links":{"self":[{"href":"https:\/\/mybookselling.velqorumholding.ee\/mbs2023\/wp-json\/wp\/v2\/product\/22689","targetHints":{"allow":["GET"]}}],"collection":[{"href":"https:\/\/mybookselling.velqorumholding.ee\/mbs2023\/wp-json\/wp\/v2\/product"}],"about":[{"href":"https:\/\/mybookselling.velqorumholding.ee\/mbs2023\/wp-json\/wp\/v2\/types\/product"}],"wp:featuredmedia":[{"embeddable":true,"href":"https:\/\/mybookselling.velqorumholding.ee\/mbs2023\/wp-json\/wp\/v2\/media\/22697"}],"wp:attachment":[{"href":"https:\/\/mybookselling.velqorumholding.ee\/mbs2023\/wp-json\/wp\/v2\/media?parent=22689"}],"wp:term":[{"taxonomy":"product_brand","embeddable":true,"href":"https:\/\/mybookselling.velqorumholding.ee\/mbs2023\/wp-json\/wp\/v2\/product_brand?post=22689"},{"taxonomy":"product_cat","embeddable":true,"href":"https:\/\/mybookselling.velqorumholding.ee\/mbs2023\/wp-json\/wp\/v2\/product_cat?post=22689"},{"taxonomy":"product_tag","embeddable":true,"href":"https:\/\/mybookselling.velqorumholding.ee\/mbs2023\/wp-json\/wp\/v2\/product_tag?post=22689"}],"curies":[{"name":"wp","href":"https:\/\/api.w.org\/{rel}","templated":true}]}}