{"id":22664,"date":"2023-04-29T17:29:34","date_gmt":"2023-04-29T17:29:34","guid":{"rendered":"https:\/\/mybookselling.store\/?post_type=product&amp;p=22664"},"modified":"2025-01-06T21:47:12","modified_gmt":"2025-01-06T21:47:12","slug":"memorias-de-una-ex","status":"publish","type":"product","link":"https:\/\/mybookselling.velqorumholding.ee\/mbs2023\/title\/memorias-de-una-ex\/","title":{"rendered":"Memorias de una ex"},"content":{"rendered":"<div class=\"page\" title=\"Page 1\">\n<div class=\"section\">\n<div class=\"layoutArea\">\n<div class=\"column\">\n<p>Eliza es una mujer joven que goza de una aparente vida id\u00edlica: trabaja en aquello que desea, tiene un departamento en una zona privilegiada, un veh\u00edculo \u00faltimo modelo y una vida social intensa y amplia.<span class=\"Apple-converted-space\">\u00a0<\/span><\/p>\n<p>Pero bajo esa apariencia, Eliza oculta una incontrolable adicci\u00f3n al sexo que la envuelve entre hombres, mujeres, alcohol y s\u00e1banas. Sin embargo, ese desenfreno no ha logrado olvidar al primer y \u00fanico hombre que le ense\u00f1\u00f3 el amor, Jes\u00fas, que reaparece en su vida despu\u00e9s de a\u00f1os de ausencia. Eliza deber\u00e1 lidiar con la dualidad que nace en ella, entre satisfacer sus impulsos o comprometerse con Jes\u00fas.<\/p>\n<p><strong>Una obra que nos adentra en la mente de una ninf\u00f3mana y los m\u00faltiples sentimientos encontrados que debe combatir.<\/strong><\/p>\n<\/div>\n<div class=\"_df_book df-lite\" id=\"df_22676\"  _slug=\"memorias-de-una-ex\" data-title=\"memorias-de-una-ex\" wpoptions=\"true\" thumbtype=\"\" ><\/div><script class=\"df-shortcode-script\" nowprocket type=\"application\/javascript\">window.option_df_22676 = {\"outline\":[],\"autoEnableOutline\":\"false\",\"autoEnableThumbnail\":\"false\",\"overwritePDFOutline\":\"false\",\"direction\":\"1\",\"pageSize\":\"0\",\"source\":\"https:\\\/\\\/mybookselling.store\\\/wp-content\\\/uploads\\\/2023\\\/04\\\/Memorias-de-una-Ex-Print.pdf\",\"wpOptions\":\"true\"}; if(window.DFLIP && window.DFLIP.parseBooks){window.DFLIP.parseBooks();}<\/script>\n<\/div>\n<\/div>\n<\/div>\n","protected":false},"excerpt":{"rendered":"<p>Eliza es una mujer joven que goza de una aparente vida id\u00edlica: trabaja en aquello que desea, tiene un departamento en una zona privilegiada, un veh\u00edculo \u00faltimo modelo y una vida social intensa y amplia.<span class=\"Apple-converted-space\">\u00a0<\/span><\/p>\n<p>Pero bajo esa apariencia, Eliza oculta una incontrolable adicci\u00f3n al sexo que la envuelve entre hombres, mujeres, alcohol y s\u00e1banas. Sin embargo, ese desenfreno no ha logrado olvidar al primer y \u00fanico hombre que le ense\u00f1\u00f3 el amor, Jes\u00fas, que reaparece en su vida despu\u00e9s de a\u00f1os de ausencia. Eliza deber\u00e1 lidiar con la dualidad que nace en ella, entre satisfacer sus impulsos o comprometerse con Jes\u00fas.<\/p>\n<p><strong>Una obra que nos adentra en la mente de una ninf\u00f3mana y los m\u00faltiples sentimientos encontrados que debe combatir.<\/strong><\/p>\n","protected":false},"featured_media":22672,"template":"","meta":[],"product_brand":[],"product_cat":[187,80],"product_tag":[],"class_list":{"0":"post-22664","1":"product","2":"type-product","3":"status-publish","4":"has-post-thumbnail","6":"product_cat-erotismo","7":"product_cat-romanticismo","8":"sales-flash-overlay","9":"woocommerce-text-align-center","10":"woocommerce-image-align-center","11":"do-quantity-buttons","13":"first","14":"outofstock","15":"shipping-taxable","16":"purchasable","17":"product-type-variable","18":"has-default-attributes"},"_links":{"self":[{"href":"https:\/\/mybookselling.velqorumholding.ee\/mbs2023\/wp-json\/wp\/v2\/product\/22664","targetHints":{"allow":["GET"]}}],"collection":[{"href":"https:\/\/mybookselling.velqorumholding.ee\/mbs2023\/wp-json\/wp\/v2\/product"}],"about":[{"href":"https:\/\/mybookselling.velqorumholding.ee\/mbs2023\/wp-json\/wp\/v2\/types\/product"}],"wp:featuredmedia":[{"embeddable":true,"href":"https:\/\/mybookselling.velqorumholding.ee\/mbs2023\/wp-json\/wp\/v2\/media\/22672"}],"wp:attachment":[{"href":"https:\/\/mybookselling.velqorumholding.ee\/mbs2023\/wp-json\/wp\/v2\/media?parent=22664"}],"wp:term":[{"taxonomy":"product_brand","embeddable":true,"href":"https:\/\/mybookselling.velqorumholding.ee\/mbs2023\/wp-json\/wp\/v2\/product_brand?post=22664"},{"taxonomy":"product_cat","embeddable":true,"href":"https:\/\/mybookselling.velqorumholding.ee\/mbs2023\/wp-json\/wp\/v2\/product_cat?post=22664"},{"taxonomy":"product_tag","embeddable":true,"href":"https:\/\/mybookselling.velqorumholding.ee\/mbs2023\/wp-json\/wp\/v2\/product_tag?post=22664"}],"curies":[{"name":"wp","href":"https:\/\/api.w.org\/{rel}","templated":true}]}}