{"id":22639,"date":"2023-04-28T21:10:44","date_gmt":"2023-04-28T21:10:44","guid":{"rendered":"https:\/\/mybookselling.store\/?post_type=product&#038;p=22639"},"modified":"2025-01-06T21:47:12","modified_gmt":"2025-01-06T21:47:12","slug":"gladiadores-de-la-luz","status":"publish","type":"product","link":"https:\/\/mybookselling.velqorumholding.ee\/mbs2023\/title\/gladiadores-de-la-luz\/","title":{"rendered":"Gladiadores de la luz"},"content":{"rendered":"<div class=\"page\" title=\"Page 1\">\n<div class=\"section\">\n<div class=\"layoutArea\">\n<div class=\"column\">\n<p>En medio de una confusa batalla entre la Luz y la Oscuridad, dos hombres y una mujer son los comisionados para guardar el orden en un peque\u00f1o pa\u00eds de Am\u00e9rica del Sur. Frente a seres no humanos que desbordan la actividad policial, la misi\u00f3n V Tropper y los Light Warriors deber\u00e1n lidiar, no solo con las amenazas de un mundo oscuro, sino con los entresijos del coraz\u00f3n y sus sentimientos.<span class=\"Apple-converted-space\">\u00a0<\/span><\/p>\n<p><strong>Esta primera entrega de la saga Gladiadores de Luz, escrita hace m\u00e1s de 25 a\u00f1os, juega magistralmente con la acci\u00f3n, la aventura y el amor en medio de una trama que te atrapar\u00e1 desde la primera p\u00e1gina.<\/strong><\/p>\n<p>#gladiadoresdeluz #fafvasconez<\/p>\n<\/div>\n<div class=\"_df_book df-lite\" id=\"df_22651\"  _slug=\"gladiadores\" data-title=\"gladiadores\" wpoptions=\"true\" thumbtype=\"\" ><\/div><script class=\"df-shortcode-script\" nowprocket type=\"application\/javascript\">window.option_df_22651 = {\"outline\":[],\"autoEnableOutline\":\"false\",\"autoEnableThumbnail\":\"false\",\"overwritePDFOutline\":\"false\",\"direction\":\"1\",\"pageSize\":\"0\",\"source\":\"https:\\\/\\\/mybookselling.store\\\/wp-content\\\/uploads\\\/2023\\\/04\\\/Gladiadores-de-la-luz-I-Print.pdf\",\"wpOptions\":\"true\"}; if(window.DFLIP && window.DFLIP.parseBooks){window.DFLIP.parseBooks();}<\/script>\n<\/div>\n<\/div>\n<\/div>\n","protected":false},"excerpt":{"rendered":"<p>En medio de una confusa batalla entre la Luz y la Oscuridad, dos hombres y una mujer son los comisionados para guardar el orden en un peque\u00f1o pa\u00eds de Am\u00e9rica del Sur. Frente a seres no humanos que desbordan la actividad policial, la misi\u00f3n V Tropper y los Light Warriors deber\u00e1n lidiar, no solo con las amenazas de un mundo oscuro, sino con los entresijos del coraz\u00f3n y sus sentimientos.<\/p>\n<p><strong>Esta primera entrega de la saga Gladiadores de Luz, escrita hace m\u00e1s de 25 a\u00f1os, juega magistralmente con la acci\u00f3n, la aventura y el amor en medio de una trama que te atrapar\u00e1 desde la primera p\u00e1gina.<\/strong><\/p>\n","protected":false},"featured_media":22661,"template":"","meta":[],"product_brand":[],"product_cat":[93,55],"product_tag":[],"class_list":{"0":"post-22639","1":"product","2":"type-product","3":"status-publish","4":"has-post-thumbnail","6":"product_cat-aventura","7":"product_cat-ciencia-ficcion","8":"sales-flash-overlay","9":"woocommerce-text-align-center","10":"woocommerce-image-align-center","11":"do-quantity-buttons","13":"first","14":"instock","15":"shipping-taxable","16":"purchasable","17":"product-type-variable","18":"has-default-attributes"},"_links":{"self":[{"href":"https:\/\/mybookselling.velqorumholding.ee\/mbs2023\/wp-json\/wp\/v2\/product\/22639","targetHints":{"allow":["GET"]}}],"collection":[{"href":"https:\/\/mybookselling.velqorumholding.ee\/mbs2023\/wp-json\/wp\/v2\/product"}],"about":[{"href":"https:\/\/mybookselling.velqorumholding.ee\/mbs2023\/wp-json\/wp\/v2\/types\/product"}],"wp:featuredmedia":[{"embeddable":true,"href":"https:\/\/mybookselling.velqorumholding.ee\/mbs2023\/wp-json\/wp\/v2\/media\/22661"}],"wp:attachment":[{"href":"https:\/\/mybookselling.velqorumholding.ee\/mbs2023\/wp-json\/wp\/v2\/media?parent=22639"}],"wp:term":[{"taxonomy":"product_brand","embeddable":true,"href":"https:\/\/mybookselling.velqorumholding.ee\/mbs2023\/wp-json\/wp\/v2\/product_brand?post=22639"},{"taxonomy":"product_cat","embeddable":true,"href":"https:\/\/mybookselling.velqorumholding.ee\/mbs2023\/wp-json\/wp\/v2\/product_cat?post=22639"},{"taxonomy":"product_tag","embeddable":true,"href":"https:\/\/mybookselling.velqorumholding.ee\/mbs2023\/wp-json\/wp\/v2\/product_tag?post=22639"}],"curies":[{"name":"wp","href":"https:\/\/api.w.org\/{rel}","templated":true}]}}