{"id":22462,"date":"2023-04-06T18:20:05","date_gmt":"2023-04-06T18:20:05","guid":{"rendered":"https:\/\/mybookselling.store\/?post_type=product&amp;p=22462"},"modified":"2025-01-06T21:47:12","modified_gmt":"2025-01-06T21:47:12","slug":"la-antorcha","status":"publish","type":"product","link":"https:\/\/mybookselling.velqorumholding.ee\/mbs2023\/title\/la-antorcha\/","title":{"rendered":"La antorcha"},"content":{"rendered":"<div class=\"page\" title=\"Page 1\">\n<div class=\"section\">\n<div class=\"layoutArea\">\n<p>En alg\u00fan lugar del tiempo y del espacio existe un peque\u00f1o lugar que sus habitantes le llaman \u201cDaje\u201d. Y es en este lugar donde el viejo y nuevo mundo se enzarzan en una lucha que protagonizar\u00e1n personalidades ilustres que abandonar\u00e1n sus intereses particulares y se dar\u00e1n a la causa por una \u00e9poca nueva.<\/p>\n<p><b><i>De la pluma de Juan X. Garc\u00eda, La antorcha nos transporta a un mundo lejano con personajes cuya heroicidad se clavar\u00e1n en nuestros corazones desde la primera p\u00e1gina.<\/i><\/b><\/p>\n<p>#laantorcha #juanxgarcia<\/p>\n<div class=\"_df_book df-lite\" id=\"df_22473\"  _slug=\"la-antorcha\" data-title=\"la-antorcha\" wpoptions=\"true\" thumbtype=\"\" ><\/div><script class=\"df-shortcode-script\" nowprocket type=\"application\/javascript\">window.option_df_22473 = {\"outline\":[],\"autoEnableOutline\":\"false\",\"autoEnableThumbnail\":\"false\",\"overwritePDFOutline\":\"false\",\"direction\":\"1\",\"pageSize\":\"0\",\"source\":\"https:\\\/\\\/mybookselling.store\\\/wp-content\\\/uploads\\\/2023\\\/04\\\/La-antorcha-Print.pdf\",\"wpOptions\":\"true\"}; if(window.DFLIP && window.DFLIP.parseBooks){window.DFLIP.parseBooks();}<\/script>\n<\/div>\n<\/div>\n<\/div>\n","protected":false},"excerpt":{"rendered":"<p>En alg\u00fan lugar del tiempo y del espacio existe un peque\u00f1o lugar que sus habitantes le llaman \u201cDaje\u201d. Y es en este lugar donde el viejo y nuevo mundo se enzarzan en una lucha que protagonizar\u00e1n personalidades ilustres que abandonar\u00e1n sus intereses particulares y se dar\u00e1n a la causa por una \u00e9poca nueva.<\/p>\n<p><b><i>De la pluma de Juan X. Garc\u00eda, La antorcha nos transporta a un mundo lejano con personajes cuya heroicidad se clavar\u00e1n en nuestros corazones desde la primera p\u00e1gina.<\/i><\/b><\/p>\n","protected":false},"featured_media":22470,"template":"","meta":[],"product_brand":[],"product_cat":[93,191,189],"product_tag":[],"class_list":{"0":"post-22462","1":"product","2":"type-product","3":"status-publish","4":"has-post-thumbnail","6":"product_cat-aventura","7":"product_cat-fantasia","8":"product_cat-novels","9":"sales-flash-overlay","10":"woocommerce-text-align-center","11":"woocommerce-image-align-center","12":"do-quantity-buttons","14":"first","15":"outofstock","16":"shipping-taxable","17":"purchasable","18":"product-type-variable","19":"has-default-attributes"},"_links":{"self":[{"href":"https:\/\/mybookselling.velqorumholding.ee\/mbs2023\/wp-json\/wp\/v2\/product\/22462","targetHints":{"allow":["GET"]}}],"collection":[{"href":"https:\/\/mybookselling.velqorumholding.ee\/mbs2023\/wp-json\/wp\/v2\/product"}],"about":[{"href":"https:\/\/mybookselling.velqorumholding.ee\/mbs2023\/wp-json\/wp\/v2\/types\/product"}],"wp:featuredmedia":[{"embeddable":true,"href":"https:\/\/mybookselling.velqorumholding.ee\/mbs2023\/wp-json\/wp\/v2\/media\/22470"}],"wp:attachment":[{"href":"https:\/\/mybookselling.velqorumholding.ee\/mbs2023\/wp-json\/wp\/v2\/media?parent=22462"}],"wp:term":[{"taxonomy":"product_brand","embeddable":true,"href":"https:\/\/mybookselling.velqorumholding.ee\/mbs2023\/wp-json\/wp\/v2\/product_brand?post=22462"},{"taxonomy":"product_cat","embeddable":true,"href":"https:\/\/mybookselling.velqorumholding.ee\/mbs2023\/wp-json\/wp\/v2\/product_cat?post=22462"},{"taxonomy":"product_tag","embeddable":true,"href":"https:\/\/mybookselling.velqorumholding.ee\/mbs2023\/wp-json\/wp\/v2\/product_tag?post=22462"}],"curies":[{"name":"wp","href":"https:\/\/api.w.org\/{rel}","templated":true}]}}