{"id":22445,"date":"2023-04-06T18:12:41","date_gmt":"2023-04-06T18:12:41","guid":{"rendered":"https:\/\/mybookselling.store\/?post_type=product&amp;p=22445"},"modified":"2025-01-06T21:47:12","modified_gmt":"2025-01-06T21:47:12","slug":"el-mundo-perfecto","status":"publish","type":"product","link":"https:\/\/mybookselling.velqorumholding.ee\/mbs2023\/title\/el-mundo-perfecto\/","title":{"rendered":"El mundo perfecto"},"content":{"rendered":"<div class=\"page\" title=\"Page 1\">\n<div class=\"section\">\n<div class=\"layoutArea\">\n<div class=\"column\">\u00c9poca post-diluviana. Las diferentes naciones surgidas a ra\u00edz de la nueva era se han desarrollado tecnol\u00f3gicamente y se enfrentan constantemente entre ellas por el control de los <i>\u00c1ngulos<\/i>, es decir, los poderes que rigen las leyes universales. En esta tesitura, Erik emprende un viaje que lo llevar\u00e1 hasta una ciudad pertenecente a la vieja era, antes del Diluvio. A trav\u00e9s de un antiguo cient\u00edfico all\u00e1 retirado, deber\u00e1 conseguir el poder de uno de esos \u00c1ngulos dentro de un mundo que jam\u00e1s imagin\u00f3 que existiera.<\/div>\n<div><\/div>\n<div><\/div>\n<p><strong>El mundo perfecto es la opera prima del escritor L. G. Garza que con sus giros dram\u00e1ticos y su prosa sencilla, cautiva al lector desde la primera p\u00e1gina.<\/strong><\/p>\n<p>#elmundoperfecto #lggarza<\/p>\n<div class=\"_df_book df-lite\" id=\"df_22453\"  _slug=\"el-mundo-perfecto\" data-title=\"el-mundo-perfecto\" wpoptions=\"true\" thumbtype=\"\" ><\/div><script class=\"df-shortcode-script\" nowprocket type=\"application\/javascript\">window.option_df_22453 = {\"outline\":[],\"autoEnableOutline\":\"false\",\"autoEnableThumbnail\":\"false\",\"overwritePDFOutline\":\"false\",\"direction\":\"1\",\"pageSize\":\"0\",\"source\":\"https:\\\/\\\/mybookselling.store\\\/wp-content\\\/uploads\\\/2023\\\/04\\\/El-mundo-perfecto-Print.pdf\",\"wpOptions\":\"true\"}; if(window.DFLIP && window.DFLIP.parseBooks){window.DFLIP.parseBooks();}<\/script>\n<\/div>\n<\/div>\n<\/div>\n","protected":false},"excerpt":{"rendered":"<div class=\"column\">\u00c9poca post-diluviana. Las diferentes naciones surgidas a ra\u00edz de la nueva era se han desarrollado tecnol\u00f3gicamente y se enfrentan constantemente entre ellas por el control de los <i>\u00c1ngulos<\/i>, es decir, los poderes que rigen las leyes universales. En esta tesitura, Erik emprende un viaje que lo llevar\u00e1 hasta una ciudad pertenecente a la vieja era, antes del Diluvio. A trav\u00e9s de un antiguo cient\u00edfico all\u00e1 retirado, deber\u00e1 conseguir el poder de uno de esos \u00c1ngulos dentro de un mundo que jam\u00e1s imagin\u00f3 que existiera.<\/div>\n<div><\/div>\n<div><\/div>\n<p><strong>El mundo perfecto es la opera prima del escritor L. G. Garza que con sus giros dram\u00e1ticos y su prosa sencilla, cautiva al lector desde la primera p\u00e1gina.<\/strong><\/p>\n","protected":false},"featured_media":22458,"template":"","meta":[],"product_brand":[],"product_cat":[93,191,189],"product_tag":[],"class_list":{"0":"post-22445","1":"product","2":"type-product","3":"status-publish","4":"has-post-thumbnail","6":"product_cat-aventura","7":"product_cat-fantasia","8":"product_cat-novels","9":"sales-flash-overlay","10":"woocommerce-text-align-center","11":"woocommerce-image-align-center","12":"do-quantity-buttons","14":"first","15":"outofstock","16":"shipping-taxable","17":"purchasable","18":"product-type-variable","19":"has-default-attributes"},"_links":{"self":[{"href":"https:\/\/mybookselling.velqorumholding.ee\/mbs2023\/wp-json\/wp\/v2\/product\/22445","targetHints":{"allow":["GET"]}}],"collection":[{"href":"https:\/\/mybookselling.velqorumholding.ee\/mbs2023\/wp-json\/wp\/v2\/product"}],"about":[{"href":"https:\/\/mybookselling.velqorumholding.ee\/mbs2023\/wp-json\/wp\/v2\/types\/product"}],"wp:featuredmedia":[{"embeddable":true,"href":"https:\/\/mybookselling.velqorumholding.ee\/mbs2023\/wp-json\/wp\/v2\/media\/22458"}],"wp:attachment":[{"href":"https:\/\/mybookselling.velqorumholding.ee\/mbs2023\/wp-json\/wp\/v2\/media?parent=22445"}],"wp:term":[{"taxonomy":"product_brand","embeddable":true,"href":"https:\/\/mybookselling.velqorumholding.ee\/mbs2023\/wp-json\/wp\/v2\/product_brand?post=22445"},{"taxonomy":"product_cat","embeddable":true,"href":"https:\/\/mybookselling.velqorumholding.ee\/mbs2023\/wp-json\/wp\/v2\/product_cat?post=22445"},{"taxonomy":"product_tag","embeddable":true,"href":"https:\/\/mybookselling.velqorumholding.ee\/mbs2023\/wp-json\/wp\/v2\/product_tag?post=22445"}],"curies":[{"name":"wp","href":"https:\/\/api.w.org\/{rel}","templated":true}]}}