{"id":22411,"date":"2023-04-18T20:41:27","date_gmt":"2023-04-18T20:41:27","guid":{"rendered":"https:\/\/mybookselling.store\/?post_type=product&amp;p=22411"},"modified":"2025-01-06T21:47:12","modified_gmt":"2025-01-06T21:47:12","slug":"apellidos-corrientes","status":"publish","type":"product","link":"https:\/\/mybookselling.velqorumholding.ee\/mbs2023\/title\/apellidos-corrientes\/","title":{"rendered":"Apellidos corrientes"},"content":{"rendered":"<div class=\"page\" title=\"Page 1\">\n<div class=\"section\">\n<div class=\"layoutArea\">\n<div class=\"column\">\n<p>Chile, 1991. En el barrio obrero de la comuna de Maip\u00fa, Santiago es un adolescente que se enfrenta al comienzo de la Ense\u00f1anza Media y que arrastra los complejos y preocupaciones propios de su edad. Con un padre que ha perdido la esperanza despu\u00e9s de dos d\u00e9cadas de dictadura y un hermano huido debido a la oposici\u00f3n del R\u00e9gimen Militar, Santiago vivir\u00e1 lo dulce y amargo del amor, del valor de la amistad, as\u00ed como la incertidumbre de un futuro en medio de un pa\u00eds que lucha por encontrar el camino del consenso, la paz social y el progreso.<\/p>\n<p><strong>Con destreza y sentimiento, la prosa de Santiago Mu\u00f1oz es capaz de transportarnos a una \u00e9poca que cambi\u00f3 el rumbo nacional.<\/strong><\/p>\n<p>#apellidoscorrientes<\/p>\n<\/div>\n<div class=\"_df_book df-lite\" id=\"df_22422\"  _slug=\"apellidos-corrientes\" data-title=\"apellidos-corrientes\" wpoptions=\"true\" thumbtype=\"\" ><\/div><script class=\"df-shortcode-script\" nowprocket type=\"application\/javascript\">window.option_df_22422 = {\"outline\":[],\"autoEnableOutline\":\"false\",\"autoEnableThumbnail\":\"false\",\"overwritePDFOutline\":\"false\",\"direction\":\"1\",\"pageSize\":\"0\",\"source\":\"https:\\\/\\\/mybookselling.store\\\/wp-content\\\/uploads\\\/2023\\\/04\\\/Apellidos-corrientes-Print.pdf\",\"wpOptions\":\"true\"}; if(window.DFLIP && window.DFLIP.parseBooks){window.DFLIP.parseBooks();}<\/script>\n<\/div>\n<\/div>\n<\/div>\n","protected":false},"excerpt":{"rendered":"<p>Chile, 1991. En el barrio obrero de la comuna de Maip\u00fa, Santiago es un adolescente que se enfrenta al comienzo de la Ense\u00f1anza Media y que arrastra los complejos y preocupaciones propios de su edad. Con un padre que ha perdido la esperanza despu\u00e9s de dos d\u00e9cadas de dictadura y un hermano huido debido a la oposici\u00f3n del R\u00e9gimen Militar, Santiago vivir\u00e1 lo dulce y amargo del amor, del valor de la amistad, as\u00ed como la incertidumbre de un futuro en medio de un pa\u00eds que lucha por encontrar el camino del consenso, la paz social y el progreso.<\/p>\n<p><strong>Con destreza y sentimiento, la prosa de Santiago Mu\u00f1oz es capaz de transportarnos a una \u00e9poca que cambi\u00f3 el rumbo nacional.<\/strong><\/p>\n<p>#apellidoscorrientes<\/p>\n","protected":false},"featured_media":22419,"template":"","meta":[],"product_brand":[],"product_cat":[100],"product_tag":[],"class_list":{"0":"post-22411","1":"product","2":"type-product","3":"status-publish","4":"has-post-thumbnail","6":"product_cat-biografia","7":"sales-flash-overlay","8":"woocommerce-text-align-center","9":"woocommerce-image-align-center","10":"do-quantity-buttons","12":"first","13":"outofstock","14":"shipping-taxable","15":"purchasable","16":"product-type-variable","17":"has-default-attributes"},"_links":{"self":[{"href":"https:\/\/mybookselling.velqorumholding.ee\/mbs2023\/wp-json\/wp\/v2\/product\/22411","targetHints":{"allow":["GET"]}}],"collection":[{"href":"https:\/\/mybookselling.velqorumholding.ee\/mbs2023\/wp-json\/wp\/v2\/product"}],"about":[{"href":"https:\/\/mybookselling.velqorumholding.ee\/mbs2023\/wp-json\/wp\/v2\/types\/product"}],"wp:featuredmedia":[{"embeddable":true,"href":"https:\/\/mybookselling.velqorumholding.ee\/mbs2023\/wp-json\/wp\/v2\/media\/22419"}],"wp:attachment":[{"href":"https:\/\/mybookselling.velqorumholding.ee\/mbs2023\/wp-json\/wp\/v2\/media?parent=22411"}],"wp:term":[{"taxonomy":"product_brand","embeddable":true,"href":"https:\/\/mybookselling.velqorumholding.ee\/mbs2023\/wp-json\/wp\/v2\/product_brand?post=22411"},{"taxonomy":"product_cat","embeddable":true,"href":"https:\/\/mybookselling.velqorumholding.ee\/mbs2023\/wp-json\/wp\/v2\/product_cat?post=22411"},{"taxonomy":"product_tag","embeddable":true,"href":"https:\/\/mybookselling.velqorumholding.ee\/mbs2023\/wp-json\/wp\/v2\/product_tag?post=22411"}],"curies":[{"name":"wp","href":"https:\/\/api.w.org\/{rel}","templated":true}]}}