{"id":21884,"date":"2023-03-17T18:39:00","date_gmt":"2023-03-17T18:39:00","guid":{"rendered":"https:\/\/mybookselling.store\/?post_type=product&amp;p=21884"},"modified":"2025-01-06T21:47:11","modified_gmt":"2025-01-06T21:47:11","slug":"vida-en-un-papel","status":"publish","type":"product","link":"https:\/\/mybookselling.velqorumholding.ee\/mbs2023\/title\/vida-en-un-papel\/","title":{"rendered":"Vida en un papel"},"content":{"rendered":"<div class=\"page\" title=\"Page 1\">\n<div class=\"section\">\n<div class=\"layoutArea\">\n<div class=\"column\">\n<p>Desde el \u00e9xtasis de la enamorada y el anhelo por la persona amada, hasta el golpeteo de la lluvia en el cristal y la respiraci\u00f3n que lo empa\u00f1a, Myriam Barahona se despoja del silencio y nos ofrece el grito euf\u00f3rico o dolorido de cada momento por el que ha transitado. Cada estrofa es la desnudez de su alma en un estado primitivo: el grito primordial de la evoluci\u00f3n humana.<\/p>\n<p><strong>Un poemario que es un canto a la misma vida y sus colores, magistralmente transmitidos por la pluma de Myriam Barahona.<\/strong><\/p>\n<p><i>#mividaenunpapel<\/i><\/p>\n<\/div>\n<div class=\"_df_book df-lite\" id=\"df_21889\"  _slug=\"vida-en-un-papel\" data-title=\"vida-en-un-papel\" wpoptions=\"true\" thumbtype=\"\" ><\/div><script class=\"df-shortcode-script\" nowprocket type=\"application\/javascript\">window.option_df_21889 = {\"outline\":[],\"autoEnableOutline\":\"false\",\"autoEnableThumbnail\":\"false\",\"overwritePDFOutline\":\"false\",\"direction\":\"1\",\"pageSize\":\"0\",\"source\":\"https:\\\/\\\/mybookselling.store\\\/wp-content\\\/uploads\\\/2023\\\/03\\\/Vida-en-un-papel-Print.pdf\",\"wpOptions\":\"true\"}; if(window.DFLIP && window.DFLIP.parseBooks){window.DFLIP.parseBooks();}<\/script>\n<\/div>\n<\/div>\n<\/div>\n","protected":false},"excerpt":{"rendered":"<p>Desde el \u00e9xtasis de la enamorada y el anhelo por la persona amada, hasta el golpeteo de la lluvia en el cristal y la respiraci\u00f3n que lo empa\u00f1a, Myriam Barahona se despoja del silencio y nos ofrece el grito euf\u00f3rico o dolorido de cada momento por el que ha transitado. Cada estrofa es la desnudez de su alma en un estado primitivo: el grito primordial de la evoluci\u00f3n humana.<\/p>\n<p><strong>Un poemario que es un canto a la misma vida y sus colores, magistralmente transmitidos por la pluma de Myriam Barahona.<\/strong><\/p>\n","protected":false},"featured_media":21897,"template":"","meta":[],"product_brand":[],"product_cat":[86,100],"product_tag":[],"class_list":{"0":"post-21884","1":"product","2":"type-product","3":"status-publish","4":"has-post-thumbnail","6":"product_cat-autoayuda-superacion-personal","7":"product_cat-biografia","8":"sales-flash-overlay","9":"woocommerce-text-align-center","10":"woocommerce-image-align-center","11":"do-quantity-buttons","13":"first","14":"outofstock","15":"shipping-taxable","16":"purchasable","17":"product-type-variable","18":"has-default-attributes"},"_links":{"self":[{"href":"https:\/\/mybookselling.velqorumholding.ee\/mbs2023\/wp-json\/wp\/v2\/product\/21884","targetHints":{"allow":["GET"]}}],"collection":[{"href":"https:\/\/mybookselling.velqorumholding.ee\/mbs2023\/wp-json\/wp\/v2\/product"}],"about":[{"href":"https:\/\/mybookselling.velqorumholding.ee\/mbs2023\/wp-json\/wp\/v2\/types\/product"}],"wp:featuredmedia":[{"embeddable":true,"href":"https:\/\/mybookselling.velqorumholding.ee\/mbs2023\/wp-json\/wp\/v2\/media\/21897"}],"wp:attachment":[{"href":"https:\/\/mybookselling.velqorumholding.ee\/mbs2023\/wp-json\/wp\/v2\/media?parent=21884"}],"wp:term":[{"taxonomy":"product_brand","embeddable":true,"href":"https:\/\/mybookselling.velqorumholding.ee\/mbs2023\/wp-json\/wp\/v2\/product_brand?post=21884"},{"taxonomy":"product_cat","embeddable":true,"href":"https:\/\/mybookselling.velqorumholding.ee\/mbs2023\/wp-json\/wp\/v2\/product_cat?post=21884"},{"taxonomy":"product_tag","embeddable":true,"href":"https:\/\/mybookselling.velqorumholding.ee\/mbs2023\/wp-json\/wp\/v2\/product_tag?post=21884"}],"curies":[{"name":"wp","href":"https:\/\/api.w.org\/{rel}","templated":true}]}}