{"id":21849,"date":"2023-03-17T18:15:29","date_gmt":"2023-03-17T18:15:29","guid":{"rendered":"https:\/\/mybookselling.store\/?post_type=product&amp;p=21849"},"modified":"2025-01-06T21:47:11","modified_gmt":"2025-01-06T21:47:11","slug":"poemas-del-sur","status":"publish","type":"product","link":"https:\/\/mybookselling.velqorumholding.ee\/mbs2023\/title\/poemas-del-sur\/","title":{"rendered":"Poemas del Sur"},"content":{"rendered":"<div class=\"page\" title=\"Page 1\">\n<div class=\"section\">\n<div class=\"layoutArea\">\n<div class=\"column\">\n<p>Al sur de Chile, bajo el manto moribundo del cielo del atardecer, se desvanecen sus rostros; rostros cuyos rasgos el tiempo no ha podido hacer desaparecer del recuerdo. Tres hologramas de lo que pudo haber sido y no fue, pero que suscita un deseo ucr\u00f3nico de retorno.<\/p>\n<p><b><i>En esta tercera entrega, Miguel Fa\u00fandez hace una introspecci\u00f3n y se descubre en la b\u00fasqueda de acariciar los recuerdos de tres amores que marcaron su camino. Cuarenta y cuatro latidos de un coraz\u00f3n que bombea nostalgia.<\/i><\/b><\/p>\n<p><i>#miguelfaundez #delunas<\/i><\/p>\n<\/div>\n<div class=\"_df_book df-lite\" id=\"df_21854\"  _slug=\"poemas-del-sur\" data-title=\"poemas-del-sur\" wpoptions=\"true\" thumbtype=\"\" ><\/div><script class=\"df-shortcode-script\" nowprocket type=\"application\/javascript\">window.option_df_21854 = {\"outline\":[],\"autoEnableOutline\":\"false\",\"autoEnableThumbnail\":\"false\",\"overwritePDFOutline\":\"false\",\"direction\":\"1\",\"pageSize\":\"0\",\"source\":\"https:\\\/\\\/mybookselling.store\\\/wp-content\\\/uploads\\\/2023\\\/03\\\/Poemas-del-Sur-Print.pdf\",\"wpOptions\":\"true\"}; if(window.DFLIP && window.DFLIP.parseBooks){window.DFLIP.parseBooks();}<\/script>\n<\/div>\n<\/div>\n<\/div>\n","protected":false},"excerpt":{"rendered":"<p>Al sur de Chile, bajo el manto moribundo del cielo del atardecer, se desvanecen sus rostros; rostros cuyos rasgos el tiempo no ha podido hacer desaparecer del recuerdo. Tres hologramas de lo que pudo haber sido y no fue, pero que suscita un deseo ucr\u00f3nico de retorno.<\/p>\n<p><b><i>En esta tercera entrega, Miguel Fa\u00fandez hace una introspecci\u00f3n y se descubre en la b\u00fasqueda de acariciar los recuerdos de tres amores que marcaron su camino. Cuarenta y cuatro latidos de un coraz\u00f3n que bombea nostalgia.<\/i><\/b><\/p>\n","protected":false},"featured_media":21862,"template":"","meta":[],"product_brand":[],"product_cat":[62],"product_tag":[],"class_list":{"0":"post-21849","1":"product","2":"type-product","3":"status-publish","4":"has-post-thumbnail","6":"product_cat-poesia","7":"sales-flash-overlay","8":"woocommerce-text-align-center","9":"woocommerce-image-align-center","10":"do-quantity-buttons","12":"first","13":"outofstock","14":"shipping-taxable","15":"purchasable","16":"product-type-variable","17":"has-default-attributes"},"_links":{"self":[{"href":"https:\/\/mybookselling.velqorumholding.ee\/mbs2023\/wp-json\/wp\/v2\/product\/21849","targetHints":{"allow":["GET"]}}],"collection":[{"href":"https:\/\/mybookselling.velqorumholding.ee\/mbs2023\/wp-json\/wp\/v2\/product"}],"about":[{"href":"https:\/\/mybookselling.velqorumholding.ee\/mbs2023\/wp-json\/wp\/v2\/types\/product"}],"wp:featuredmedia":[{"embeddable":true,"href":"https:\/\/mybookselling.velqorumholding.ee\/mbs2023\/wp-json\/wp\/v2\/media\/21862"}],"wp:attachment":[{"href":"https:\/\/mybookselling.velqorumholding.ee\/mbs2023\/wp-json\/wp\/v2\/media?parent=21849"}],"wp:term":[{"taxonomy":"product_brand","embeddable":true,"href":"https:\/\/mybookselling.velqorumholding.ee\/mbs2023\/wp-json\/wp\/v2\/product_brand?post=21849"},{"taxonomy":"product_cat","embeddable":true,"href":"https:\/\/mybookselling.velqorumholding.ee\/mbs2023\/wp-json\/wp\/v2\/product_cat?post=21849"},{"taxonomy":"product_tag","embeddable":true,"href":"https:\/\/mybookselling.velqorumholding.ee\/mbs2023\/wp-json\/wp\/v2\/product_tag?post=21849"}],"curies":[{"name":"wp","href":"https:\/\/api.w.org\/{rel}","templated":true}]}}