{"id":21832,"date":"2023-03-17T18:07:05","date_gmt":"2023-03-17T18:07:05","guid":{"rendered":"https:\/\/mybookselling.store\/?post_type=product&amp;p=21832"},"modified":"2025-01-06T21:47:11","modified_gmt":"2025-01-06T21:47:11","slug":"flor-de-porcelana","status":"publish","type":"product","link":"https:\/\/mybookselling.velqorumholding.ee\/mbs2023\/title\/flor-de-porcelana\/","title":{"rendered":"Flor de porcelana"},"content":{"rendered":"<div class=\"page\" title=\"Page 1\">\n<div class=\"section\">\n<div class=\"layoutArea\">\n<div class=\"column\">\n<p>Como un r\u00edo nervioso que surca las experiencias vividas, la pluma de Joshue Lara Z. se desborda ir\u00f3nica pero decidida sobre cada evento que curte y madura a una persona; desde el sexo y los celos, el deseo de ver a la persona amada, hasta el placer de re\u00edrse de los desprop\u00f3sitos de una existencia tan ca\u00f3tica como absurda.<\/p>\n<p><strong>Setenta y dos piezas l\u00edricas que conforman un poemario heterodoxo pre\u00f1ado de iron\u00eda pero que encierra un profundo deseo de definirse en la delgada l\u00ednea que separa la vida de la muerte.<\/strong><\/p>\n<\/div>\n<div class=\"_df_book df-lite\" id=\"df_21840\"  _slug=\"flor-de-porcelana\" data-title=\"flor-de-porcelana\" wpoptions=\"true\" thumbtype=\"\" ><\/div><script class=\"df-shortcode-script\" nowprocket type=\"application\/javascript\">window.option_df_21840 = {\"outline\":[],\"autoEnableOutline\":\"false\",\"autoEnableThumbnail\":\"false\",\"overwritePDFOutline\":\"false\",\"direction\":\"1\",\"pageSize\":\"0\",\"source\":\"https:\\\/\\\/mybookselling.store\\\/wp-content\\\/uploads\\\/2023\\\/03\\\/Flor-de-porcelana-Print.pdf\",\"wpOptions\":\"true\"}; if(window.DFLIP && window.DFLIP.parseBooks){window.DFLIP.parseBooks();}<\/script>\n<\/div>\n<\/div>\n<\/div>\n","protected":false},"excerpt":{"rendered":"<p>Como un r\u00edo nervioso que surca las experiencias vividas, la pluma de Joshue Lara Z. se desborda ir\u00f3nica pero decidida sobre cada evento que curte y madura a una persona; desde el sexo y los celos, el deseo de ver a la persona amada, hasta el placer de re\u00edrse de los desprop\u00f3sitos de una existencia tan ca\u00f3tica como absurda.<\/p>\n<p><strong>Setenta y dos piezas l\u00edricas que conforman un poemario heterodoxo pre\u00f1ado de iron\u00eda pero que encierra un profundo deseo de definirse en la delgada l\u00ednea que separa la vida de la muerte.<\/strong><\/p>\n","protected":false},"featured_media":21845,"template":"","meta":[],"product_brand":[],"product_cat":[62],"product_tag":[],"class_list":{"0":"post-21832","1":"product","2":"type-product","3":"status-publish","4":"has-post-thumbnail","6":"product_cat-poesia","7":"sales-flash-overlay","8":"woocommerce-text-align-center","9":"woocommerce-image-align-center","10":"do-quantity-buttons","12":"first","13":"outofstock","14":"shipping-taxable","15":"purchasable","16":"product-type-variable","17":"has-default-attributes"},"_links":{"self":[{"href":"https:\/\/mybookselling.velqorumholding.ee\/mbs2023\/wp-json\/wp\/v2\/product\/21832","targetHints":{"allow":["GET"]}}],"collection":[{"href":"https:\/\/mybookselling.velqorumholding.ee\/mbs2023\/wp-json\/wp\/v2\/product"}],"about":[{"href":"https:\/\/mybookselling.velqorumholding.ee\/mbs2023\/wp-json\/wp\/v2\/types\/product"}],"wp:featuredmedia":[{"embeddable":true,"href":"https:\/\/mybookselling.velqorumholding.ee\/mbs2023\/wp-json\/wp\/v2\/media\/21845"}],"wp:attachment":[{"href":"https:\/\/mybookselling.velqorumholding.ee\/mbs2023\/wp-json\/wp\/v2\/media?parent=21832"}],"wp:term":[{"taxonomy":"product_brand","embeddable":true,"href":"https:\/\/mybookselling.velqorumholding.ee\/mbs2023\/wp-json\/wp\/v2\/product_brand?post=21832"},{"taxonomy":"product_cat","embeddable":true,"href":"https:\/\/mybookselling.velqorumholding.ee\/mbs2023\/wp-json\/wp\/v2\/product_cat?post=21832"},{"taxonomy":"product_tag","embeddable":true,"href":"https:\/\/mybookselling.velqorumholding.ee\/mbs2023\/wp-json\/wp\/v2\/product_tag?post=21832"}],"curies":[{"name":"wp","href":"https:\/\/api.w.org\/{rel}","templated":true}]}}