{"id":21813,"date":"2023-03-17T17:52:41","date_gmt":"2023-03-17T17:52:41","guid":{"rendered":"https:\/\/mybookselling.store\/?post_type=product&amp;p=21813"},"modified":"2025-01-06T21:47:11","modified_gmt":"2025-01-06T21:47:11","slug":"sinfonia-de-los-espiritus","status":"publish","type":"product","link":"https:\/\/mybookselling.velqorumholding.ee\/mbs2023\/title\/sinfonia-de-los-espiritus\/","title":{"rendered":"Sinfon\u00eda de los esp\u00edritus"},"content":{"rendered":"<div class=\"page\" title=\"Page 1\">\n<div class=\"section\">\n<div class=\"layoutArea\">\n<div class=\"column\">\n<p>Sam Wesen ha vivido en Montenegro desde que vino al mundo. Bajo unas lomas grises y por las nubes, surge impetuosa la monta\u00f1a. Seg\u00fan las leyendas locales,<span class=\"Apple-converted-space\">\u00a0 <\/span>est\u00e1 embrujada, por lo que se ha hecho frecuente que peregrinos persigan sus misterios. Pero,\u00bfQui\u00e9nes son los sacerdotes que utilizan t\u00fanicas escarlatas y m\u00e1scaras de animales? \u00bfQu\u00e9 son los Sonetistas y su sociedad oscura que se ha extendido por el mundo? Y sobretodo: \u00bfQu\u00e9 se esconde tras la Puerta de Piedra?<\/p>\n<p><b><i>De la mano del escritor venezolano Gerardo Steinfeld, presentamos una historia que genera curiosidad desde el primer cap\u00edtulo, con un ritmo narrativo fresco.<\/i><\/b><\/p>\n<p><i>#sinfoniadelosespiritus<\/i><\/p>\n<\/div>\n<div class=\"_df_book df-lite\" id=\"df_21819\"  _slug=\"sinfonia-de-los-espiritus\" data-title=\"sinfonia-de-los-espiritus\" wpoptions=\"true\" thumbtype=\"\" ><\/div><script class=\"df-shortcode-script\" nowprocket type=\"application\/javascript\">window.option_df_21819 = {\"outline\":[],\"autoEnableOutline\":\"false\",\"autoEnableThumbnail\":\"false\",\"overwritePDFOutline\":\"false\",\"direction\":\"1\",\"pageSize\":\"0\",\"source\":\"https:\\\/\\\/mybookselling.store\\\/wp-content\\\/uploads\\\/2023\\\/03\\\/Sinfonia-de-los-espiritus-Print.pdf\",\"wpOptions\":\"true\"}; if(window.DFLIP && window.DFLIP.parseBooks){window.DFLIP.parseBooks();}<\/script>\n<\/div>\n<\/div>\n<\/div>\n","protected":false},"excerpt":{"rendered":"<p>Sam Wesen ha vivido en Montenegro desde que vino al mundo. Bajo unas lomas grises y por las nubes, surge impetuosa la monta\u00f1a. Seg\u00fan las leyendas locales,<span class=\"Apple-converted-space\">\u00a0 <\/span>est\u00e1 embrujada, por lo que se ha hecho frecuente que peregrinos persigan sus misterios. Pero,\u00bfQui\u00e9nes son los sacerdotes que utilizan t\u00fanicas escarlatas y m\u00e1scaras de animales? \u00bfQu\u00e9 son los Sonetistas y su sociedad oscura que se ha extendido por el mundo? Y sobretodo: \u00bfQu\u00e9 se esconde tras la Puerta de Piedra?<\/p>\n<p><b><i>De la mano del escritor venezolano Gerardo Steinfeld, presentamos una historia que genera curiosidad desde el primer cap\u00edtulo, con un ritmo narrativo fresco.<\/i><\/b><\/p>\n","protected":false},"featured_media":21828,"template":"","meta":[],"product_brand":[],"product_cat":[77,106],"product_tag":[],"class_list":{"0":"post-21813","1":"product","2":"type-product","3":"status-publish","4":"has-post-thumbnail","6":"product_cat-mystery","7":"product_cat-terror","8":"sales-flash-overlay","9":"woocommerce-text-align-center","10":"woocommerce-image-align-center","11":"do-quantity-buttons","13":"first","14":"outofstock","15":"shipping-taxable","16":"purchasable","17":"product-type-variable","18":"has-default-attributes"},"_links":{"self":[{"href":"https:\/\/mybookselling.velqorumholding.ee\/mbs2023\/wp-json\/wp\/v2\/product\/21813","targetHints":{"allow":["GET"]}}],"collection":[{"href":"https:\/\/mybookselling.velqorumholding.ee\/mbs2023\/wp-json\/wp\/v2\/product"}],"about":[{"href":"https:\/\/mybookselling.velqorumholding.ee\/mbs2023\/wp-json\/wp\/v2\/types\/product"}],"wp:featuredmedia":[{"embeddable":true,"href":"https:\/\/mybookselling.velqorumholding.ee\/mbs2023\/wp-json\/wp\/v2\/media\/21828"}],"wp:attachment":[{"href":"https:\/\/mybookselling.velqorumholding.ee\/mbs2023\/wp-json\/wp\/v2\/media?parent=21813"}],"wp:term":[{"taxonomy":"product_brand","embeddable":true,"href":"https:\/\/mybookselling.velqorumholding.ee\/mbs2023\/wp-json\/wp\/v2\/product_brand?post=21813"},{"taxonomy":"product_cat","embeddable":true,"href":"https:\/\/mybookselling.velqorumholding.ee\/mbs2023\/wp-json\/wp\/v2\/product_cat?post=21813"},{"taxonomy":"product_tag","embeddable":true,"href":"https:\/\/mybookselling.velqorumholding.ee\/mbs2023\/wp-json\/wp\/v2\/product_tag?post=21813"}],"curies":[{"name":"wp","href":"https:\/\/api.w.org\/{rel}","templated":true}]}}