{"id":21685,"date":"2023-03-07T17:23:34","date_gmt":"2023-03-07T17:23:34","guid":{"rendered":"https:\/\/mybookselling.store\/?post_type=product&amp;p=21685"},"modified":"2025-01-06T21:47:11","modified_gmt":"2025-01-06T21:47:11","slug":"claves-para-empezar-un-negocio","status":"publish","type":"product","link":"https:\/\/mybookselling.velqorumholding.ee\/mbs2023\/title\/claves-para-empezar-un-negocio\/","title":{"rendered":"Claves para empezar un negocio"},"content":{"rendered":"<div class=\"page\" title=\"Page 1\">\n<div class=\"section\">\n<div class=\"layoutArea\">\n<div class=\"column\">\n<p>Desde la experiencia y la reflexi\u00f3n, Luis Felipe Casta\u00f1o nos brinda todo un resumen de los valores que deben regir toda actividad econ\u00f3mica que se vaya a iniciar. Desde la necesidad de una preparaci\u00f3n psicol\u00f3gica, un entrenamiento de la resiliencia necesaria para atravesar las crisis que pudieran sobrevenirnos, hasta el control econ\u00f3mico-financiero, Claves para iniciar un negocio resulta un libro ameno, de lectura descomplicada y apto para toda persona emprendedora o que necesite reencontrarse con su negocio para reconducirlo.<span class=\"Apple-converted-space\">\u00a0<\/span><\/p>\n<p><strong>Estructurado en siete cap\u00edtulos que condensan el grueso de todas las disciplinas imprescindibles, el lector obtiene una r\u00e1pida y \u00fatil formaci\u00f3n para encaminarse al \u00e9xito empresarial.<\/strong><\/p>\n<p><i>#clavesparainiciarunnegocio<\/i><\/p>\n<\/div>\n<div class=\"_df_book df-lite\" id=\"df_21799\"  _slug=\"claves-para-iniciar-un-negocio\" data-title=\"claves-para-iniciar-un-negocio\" wpoptions=\"true\" thumbtype=\"\" ><\/div><script class=\"df-shortcode-script\" nowprocket type=\"application\/javascript\">window.option_df_21799 = {\"outline\":[],\"autoEnableOutline\":\"false\",\"autoEnableThumbnail\":\"false\",\"overwritePDFOutline\":\"false\",\"direction\":\"1\",\"pageSize\":\"0\",\"source\":\"https:\\\/\\\/mybookselling.store\\\/wp-content\\\/uploads\\\/2023\\\/03\\\/CLAVES-PARA-INICIAR-UN-NEGOCIO-Print.pdf\",\"wpOptions\":\"true\"}; if(window.DFLIP && window.DFLIP.parseBooks){window.DFLIP.parseBooks();}<\/script>\n<\/div>\n<\/div>\n<\/div>\n","protected":false},"excerpt":{"rendered":"<p>Desde la experiencia y la reflexi\u00f3n, Luis Felipe Casta\u00f1o nos brinda todo un resumen de los valores que deben regir toda actividad econ\u00f3mica que se vaya a iniciar. Desde la necesidad de una preparaci\u00f3n psicol\u00f3gica, un entrenamiento de la resiliencia necesaria para atravesar las crisis que pudieran sobrevenirnos, hasta el control econ\u00f3mico-financiero, Claves para iniciar un negocio resulta un libro ameno, de lectura descomplicada y apto para toda persona emprendedora o que necesite reencontrarse con su negocio para reconducirlo.<\/p>\n<p><strong>Estructurado en siete cap\u00edtulos que condensan el grueso de todas las disciplinas imprescindibles, el lector obtiene una r\u00e1pida y \u00fatil formaci\u00f3n para encaminarse al \u00e9xito empresarial.<\/strong><\/p>\n","protected":false},"featured_media":21809,"template":"","meta":[],"product_brand":[],"product_cat":[123],"product_tag":[],"class_list":{"0":"post-21685","1":"product","2":"type-product","3":"status-publish","4":"has-post-thumbnail","6":"product_cat-empresa","7":"sales-flash-overlay","8":"woocommerce-text-align-center","9":"woocommerce-image-align-center","10":"do-quantity-buttons","12":"first","13":"outofstock","14":"shipping-taxable","15":"purchasable","16":"product-type-variable","17":"has-default-attributes"},"_links":{"self":[{"href":"https:\/\/mybookselling.velqorumholding.ee\/mbs2023\/wp-json\/wp\/v2\/product\/21685","targetHints":{"allow":["GET"]}}],"collection":[{"href":"https:\/\/mybookselling.velqorumholding.ee\/mbs2023\/wp-json\/wp\/v2\/product"}],"about":[{"href":"https:\/\/mybookselling.velqorumholding.ee\/mbs2023\/wp-json\/wp\/v2\/types\/product"}],"wp:featuredmedia":[{"embeddable":true,"href":"https:\/\/mybookselling.velqorumholding.ee\/mbs2023\/wp-json\/wp\/v2\/media\/21809"}],"wp:attachment":[{"href":"https:\/\/mybookselling.velqorumholding.ee\/mbs2023\/wp-json\/wp\/v2\/media?parent=21685"}],"wp:term":[{"taxonomy":"product_brand","embeddable":true,"href":"https:\/\/mybookselling.velqorumholding.ee\/mbs2023\/wp-json\/wp\/v2\/product_brand?post=21685"},{"taxonomy":"product_cat","embeddable":true,"href":"https:\/\/mybookselling.velqorumholding.ee\/mbs2023\/wp-json\/wp\/v2\/product_cat?post=21685"},{"taxonomy":"product_tag","embeddable":true,"href":"https:\/\/mybookselling.velqorumholding.ee\/mbs2023\/wp-json\/wp\/v2\/product_tag?post=21685"}],"curies":[{"name":"wp","href":"https:\/\/api.w.org\/{rel}","templated":true}]}}