{"id":21636,"date":"2023-02-21T16:05:36","date_gmt":"2023-02-21T16:05:36","guid":{"rendered":"https:\/\/mybookselling.store\/?post_type=product&amp;p=21636"},"modified":"2025-01-06T21:47:11","modified_gmt":"2025-01-06T21:47:11","slug":"el-monstruo-y-las-ratas","status":"publish","type":"product","link":"https:\/\/mybookselling.velqorumholding.ee\/mbs2023\/title\/el-monstruo-y-las-ratas\/","title":{"rendered":"El monstruo y las ratas"},"content":{"rendered":"<div class=\"page\" title=\"Page 1\">\n<div class=\"section\">\n<div class=\"layoutArea\">\n<p>En una caja<span class=\"Apple-converted-space\">\u00a0 <\/span>de pl\u00e1stico de reducidas dimensiones, diez ratascomparten espacio con un monstruo, de aspecto feroz e instinto furtivo, que contempla a cada una de sus presas de un modo inexpresivo pero curioso. Las ratas, despavoridas, se sienten vulnerables a la par que conscientes de su inmediato destino. Algunas, r\u00eden; otras, lloran. El orden establecido por la naturaleza entra en cuesti\u00f3n. \u00bfPuede una rata pensar en sobrevivir?<\/p>\n<p><b><i>Breve pero intenso, El monstruo y las ratas ahonda en la b\u00fasqueda del sentido y la jerarqu\u00eda, el temor a la muerte y su aceptaci\u00f3n. Un relato que no deja indiferente al lector.<\/i><\/b><\/p>\n<p><i>#elmonstruoylasratas<\/i><\/p>\n<div class=\"_df_book df-lite\" id=\"df_21648\"  _slug=\"el-monstruo-y-las-ratas\" data-title=\"el-monstruo-y-las-ratas\" wpoptions=\"true\" thumbtype=\"\" ><\/div><script class=\"df-shortcode-script\" nowprocket type=\"application\/javascript\">window.option_df_21648 = {\"outline\":[],\"autoEnableOutline\":\"false\",\"autoEnableThumbnail\":\"false\",\"overwritePDFOutline\":\"false\",\"direction\":\"1\",\"pageSize\":\"0\",\"source\":\"https:\\\/\\\/mybookselling.store\\\/wp-content\\\/uploads\\\/2023\\\/02\\\/El-monstruo-y-las-ratas-Print.pdf\",\"wpOptions\":\"true\"}; if(window.DFLIP && window.DFLIP.parseBooks){window.DFLIP.parseBooks();}<\/script>\n<\/div>\n<\/div>\n<\/div>\n","protected":false},"excerpt":{"rendered":"<p>En una caja<span class=\"Apple-converted-space\">\u00a0 <\/span>de pl\u00e1stico de reducidas dimensiones, diez ratascomparten espacio con un monstruo, de aspecto feroz e instinto furtivo, que contempla a cada una de sus presas de un modo inexpresivo pero curioso. Las ratas, despavoridas, se sienten vulnerables a la par que conscientes de su inmediato destino. Algunas, r\u00eden; otras, lloran. El orden establecido por la naturaleza entra en cuesti\u00f3n. \u00bfPuede una rata pensar en sobrevivir?<\/p>\n<p><b><i>Breve pero intenso, El monstruo y las ratas ahonda en la b\u00fasqueda del sentido y la jerarqu\u00eda, el temor a la muerte y su aceptaci\u00f3n. Un relato que no deja indiferente al lector.<\/i><\/b><\/p>\n","protected":false},"featured_media":21641,"template":"","meta":[],"product_brand":[],"product_cat":[93,118],"product_tag":[28],"class_list":{"0":"post-21636","1":"product","2":"type-product","3":"status-publish","4":"has-post-thumbnail","6":"product_cat-aventura","7":"product_cat-filosofia","8":"product_tag-award-winners","9":"sales-flash-overlay","10":"woocommerce-text-align-center","11":"woocommerce-image-align-center","12":"do-quantity-buttons","14":"first","15":"outofstock","16":"shipping-taxable","17":"purchasable","18":"product-type-variable"},"_links":{"self":[{"href":"https:\/\/mybookselling.velqorumholding.ee\/mbs2023\/wp-json\/wp\/v2\/product\/21636","targetHints":{"allow":["GET"]}}],"collection":[{"href":"https:\/\/mybookselling.velqorumholding.ee\/mbs2023\/wp-json\/wp\/v2\/product"}],"about":[{"href":"https:\/\/mybookselling.velqorumholding.ee\/mbs2023\/wp-json\/wp\/v2\/types\/product"}],"wp:featuredmedia":[{"embeddable":true,"href":"https:\/\/mybookselling.velqorumholding.ee\/mbs2023\/wp-json\/wp\/v2\/media\/21641"}],"wp:attachment":[{"href":"https:\/\/mybookselling.velqorumholding.ee\/mbs2023\/wp-json\/wp\/v2\/media?parent=21636"}],"wp:term":[{"taxonomy":"product_brand","embeddable":true,"href":"https:\/\/mybookselling.velqorumholding.ee\/mbs2023\/wp-json\/wp\/v2\/product_brand?post=21636"},{"taxonomy":"product_cat","embeddable":true,"href":"https:\/\/mybookselling.velqorumholding.ee\/mbs2023\/wp-json\/wp\/v2\/product_cat?post=21636"},{"taxonomy":"product_tag","embeddable":true,"href":"https:\/\/mybookselling.velqorumholding.ee\/mbs2023\/wp-json\/wp\/v2\/product_tag?post=21636"}],"curies":[{"name":"wp","href":"https:\/\/api.w.org\/{rel}","templated":true}]}}