{"id":21630,"date":"2023-02-21T16:01:05","date_gmt":"2023-02-21T16:01:05","guid":{"rendered":"https:\/\/mybookselling.store\/?post_type=product&amp;p=21630"},"modified":"2025-01-06T21:47:11","modified_gmt":"2025-01-06T21:47:11","slug":"la-fuerza-de-la-fe","status":"publish","type":"product","link":"https:\/\/mybookselling.velqorumholding.ee\/mbs2023\/title\/la-fuerza-de-la-fe\/","title":{"rendered":"La fuerza de la Fe"},"content":{"rendered":"<div class=\"page\" title=\"Page 1\">\n<div class=\"section\">\n<div class=\"layoutArea\">\n<p>Nora Luc\u00eda es una mujer que, como todos, tiene sus aspiraciones profesionales y personales, hasta que una noche sin luna, por creer en el amor, qued\u00f3 embarazada, siendo soltera. A ra\u00edz de entonces, la adversidad la persigui\u00f3 hasta el punto de ser violada y quedar de nuevo en estado. Con la ayuda de Dios, la autora narra c\u00f3mo su salud mental se debilit\u00f3 llegando incluso a ser recluida en un sanatorio mental y de c\u00f3mo le arrancaron de su lado lo que m\u00e1s quer\u00eda: sus dos hijos.<\/p>\n<p><b>Una historio autobiogr\u00e1fica que nos ense\u00f1a que en los momentos de debilidad, la fuerza de la Fe es el mejor bast\u00f3n para nuestro camino.<\/b><\/p>\n<p><i>#lafuerzadelafe #noraluciavilla<\/i><\/p>\n<div class=\"_df_book df-lite\" id=\"df_21642\"  _slug=\"la-fuerza-de-la-fe\" data-title=\"la-fuerza-de-la-fe\" wpoptions=\"true\" thumbtype=\"\" ><\/div><script class=\"df-shortcode-script\" nowprocket type=\"application\/javascript\">window.option_df_21642 = {\"outline\":[],\"autoEnableOutline\":\"false\",\"autoEnableThumbnail\":\"false\",\"overwritePDFOutline\":\"false\",\"direction\":\"1\",\"pageSize\":\"0\",\"source\":\"https:\\\/\\\/mybookselling.store\\\/wp-content\\\/uploads\\\/2023\\\/02\\\/La-fuerza-de-la-Fe-Print.pdf\",\"wpOptions\":\"true\"}; if(window.DFLIP && window.DFLIP.parseBooks){window.DFLIP.parseBooks();}<\/script>\n<\/div>\n<\/div>\n<\/div>\n","protected":false},"excerpt":{"rendered":"<p>Nora Luc\u00eda es una mujer que, como todos, tiene sus aspiraciones profesionales y personales, hasta que una noche sin luna, por creer en el amor, qued\u00f3 embarazada, siendo soltera. A ra\u00edz de entonces, la adversidad la persigui\u00f3 hasta el punto de ser violada y quedar de nuevo en estado. Con la ayuda de Dios, la autora narra c\u00f3mo su salud mental se debilit\u00f3 llegando incluso a ser recluida en un sanatorio mental y de c\u00f3mo le arrancaron de su lado lo que m\u00e1s quer\u00eda: sus dos hijos.<\/p>\n<p><b>Una historio autobiogr\u00e1fica que nos ense\u00f1a que en los momentos de debilidad, la fuerza de la Fe es el mejor bast\u00f3n para nuestro camino.<\/b><\/p>\n","protected":false},"featured_media":21635,"template":"","meta":[],"product_brand":[],"product_cat":[90,116],"product_tag":[28],"class_list":{"0":"post-21630","1":"product","2":"type-product","3":"status-publish","4":"has-post-thumbnail","6":"product_cat-ensayo","7":"product_cat-religion","8":"product_tag-award-winners","9":"sales-flash-overlay","10":"woocommerce-text-align-center","11":"woocommerce-image-align-center","12":"do-quantity-buttons","14":"first","15":"outofstock","16":"shipping-taxable","17":"purchasable","18":"product-type-variable"},"_links":{"self":[{"href":"https:\/\/mybookselling.velqorumholding.ee\/mbs2023\/wp-json\/wp\/v2\/product\/21630","targetHints":{"allow":["GET"]}}],"collection":[{"href":"https:\/\/mybookselling.velqorumholding.ee\/mbs2023\/wp-json\/wp\/v2\/product"}],"about":[{"href":"https:\/\/mybookselling.velqorumholding.ee\/mbs2023\/wp-json\/wp\/v2\/types\/product"}],"wp:featuredmedia":[{"embeddable":true,"href":"https:\/\/mybookselling.velqorumholding.ee\/mbs2023\/wp-json\/wp\/v2\/media\/21635"}],"wp:attachment":[{"href":"https:\/\/mybookselling.velqorumholding.ee\/mbs2023\/wp-json\/wp\/v2\/media?parent=21630"}],"wp:term":[{"taxonomy":"product_brand","embeddable":true,"href":"https:\/\/mybookselling.velqorumholding.ee\/mbs2023\/wp-json\/wp\/v2\/product_brand?post=21630"},{"taxonomy":"product_cat","embeddable":true,"href":"https:\/\/mybookselling.velqorumholding.ee\/mbs2023\/wp-json\/wp\/v2\/product_cat?post=21630"},{"taxonomy":"product_tag","embeddable":true,"href":"https:\/\/mybookselling.velqorumholding.ee\/mbs2023\/wp-json\/wp\/v2\/product_tag?post=21630"}],"curies":[{"name":"wp","href":"https:\/\/api.w.org\/{rel}","templated":true}]}}