{"id":21626,"date":"2023-03-05T15:58:10","date_gmt":"2023-03-05T15:58:10","guid":{"rendered":"https:\/\/mybookselling.store\/?post_type=product&#038;p=21626"},"modified":"2025-01-06T21:47:11","modified_gmt":"2025-01-06T21:47:11","slug":"ecuador-querido","status":"publish","type":"product","link":"https:\/\/mybookselling.velqorumholding.ee\/mbs2023\/title\/ecuador-querido\/","title":{"rendered":"Ecuador querido"},"content":{"rendered":"<div class=\"page\" title=\"Page 1\">\n<div class=\"section\">\n<div class=\"layoutArea\">\n<p>Patricio Hidalgo nos trae a golpe de fotograf\u00edas la esencia de una naci\u00f3n. Cada fragmento visual es un retazo de su cultura, su evoluci\u00f3n, su historia y su futuro.<span class=\"Apple-converted-space\">\u00a0<\/span><\/p>\n<p><i>#ecuadorquerido #patriciohidalgo<\/i><\/p>\n<div class=\"_df_book df-lite\" id=\"df_21680\"  _slug=\"ecuador-querido\" data-title=\"ecuador-querido\" wpoptions=\"true\" thumbtype=\"\" ><\/div><script class=\"df-shortcode-script\" nowprocket type=\"application\/javascript\">window.option_df_21680 = {\"outline\":[],\"autoEnableOutline\":\"false\",\"autoEnableThumbnail\":\"false\",\"overwritePDFOutline\":\"false\",\"direction\":\"1\",\"pageSize\":\"0\",\"source\":\"https:\\\/\\\/mybookselling.store\\\/wp-content\\\/uploads\\\/2023\\\/03\\\/ecuador_querido_master.pdf\",\"wpOptions\":\"true\"}; if(window.DFLIP && window.DFLIP.parseBooks){window.DFLIP.parseBooks();}<\/script>\n<\/div>\n<\/div>\n<\/div>\n","protected":false},"excerpt":{"rendered":"<p>Patricio Hidalgo nos trae a golpe de fotograf\u00edas la esencia de una naci\u00f3n. Cada fragmento visual es un retazo de su cultura, su evoluci\u00f3n, su historia y su futuro.<span class=\"Apple-converted-space\">\u00a0<\/span><\/p>\n<p><i>#ecuadorquerido #patriciohidalgo<\/i><\/p>\n","protected":false},"featured_media":23412,"template":"","meta":[],"product_brand":[],"product_cat":[112],"product_tag":[28],"class_list":{"0":"post-21626","1":"product","2":"type-product","3":"status-publish","4":"has-post-thumbnail","6":"product_cat-cultura","7":"product_tag-award-winners","8":"sales-flash-overlay","9":"woocommerce-text-align-center","10":"woocommerce-image-align-center","11":"do-quantity-buttons","13":"first","14":"instock","15":"shipping-taxable","16":"purchasable","17":"product-type-simple"},"_links":{"self":[{"href":"https:\/\/mybookselling.velqorumholding.ee\/mbs2023\/wp-json\/wp\/v2\/product\/21626","targetHints":{"allow":["GET"]}}],"collection":[{"href":"https:\/\/mybookselling.velqorumholding.ee\/mbs2023\/wp-json\/wp\/v2\/product"}],"about":[{"href":"https:\/\/mybookselling.velqorumholding.ee\/mbs2023\/wp-json\/wp\/v2\/types\/product"}],"wp:featuredmedia":[{"embeddable":true,"href":"https:\/\/mybookselling.velqorumholding.ee\/mbs2023\/wp-json\/wp\/v2\/media\/23412"}],"wp:attachment":[{"href":"https:\/\/mybookselling.velqorumholding.ee\/mbs2023\/wp-json\/wp\/v2\/media?parent=21626"}],"wp:term":[{"taxonomy":"product_brand","embeddable":true,"href":"https:\/\/mybookselling.velqorumholding.ee\/mbs2023\/wp-json\/wp\/v2\/product_brand?post=21626"},{"taxonomy":"product_cat","embeddable":true,"href":"https:\/\/mybookselling.velqorumholding.ee\/mbs2023\/wp-json\/wp\/v2\/product_cat?post=21626"},{"taxonomy":"product_tag","embeddable":true,"href":"https:\/\/mybookselling.velqorumholding.ee\/mbs2023\/wp-json\/wp\/v2\/product_tag?post=21626"}],"curies":[{"name":"wp","href":"https:\/\/api.w.org\/{rel}","templated":true}]}}