{"id":21620,"date":"2023-02-21T15:53:19","date_gmt":"2023-02-21T15:53:19","guid":{"rendered":"https:\/\/mybookselling.store\/?post_type=product&amp;p=21620"},"modified":"2025-01-06T21:47:11","modified_gmt":"2025-01-06T21:47:11","slug":"la-perla-de-mazatlan","status":"publish","type":"product","link":"https:\/\/mybookselling.velqorumholding.ee\/mbs2023\/title\/la-perla-de-mazatlan\/","title":{"rendered":"La perla de Mazatl\u00e1n"},"content":{"rendered":"<div class=\"page\" title=\"Page 1\">\n<div class=\"section\">\n<div class=\"layoutArea\">\n<p>Guadalupe, conocida por La perla de Mazatl\u00e1n, viaja junto a su hija a Nicaragua para reconciliarse con su pasado. A\u00f1os atr\u00e1s, su abuelo, hombre distinguido y propietario de heredades situadas en la isla<span class=\"Apple-converted-space\">\u00a0 <\/span>de Juan Venado, apareci\u00f3 muerto en circunstancias poco claras. Poco a poco, Guadalupe conocer\u00e1 los movimientos de su abuelo los d\u00edas antes de su fallecimiento, as\u00ed como las personas que extra\u00f1amente lo acompa\u00f1aron. Pronto conocer\u00e1 que el pasado encierra secretos insospechados, cuyo origen se sit\u00faa en la \u00e9poca precolombina.<\/p>\n<p><b>Escrito con maestr\u00eda, J. E. Brignardelli nos ofrece una trama a caballo entre el misterio y la novela negra.<\/b><\/p>\n<p><i>#laperlademazatlan<\/i><\/p>\n<div class=\"_df_book df-lite\" id=\"df_21645\"  _slug=\"la-perla-de-mazatlan\" data-title=\"la-perla-de-mazatlan\" wpoptions=\"true\" thumbtype=\"\" ><\/div><script class=\"df-shortcode-script\" nowprocket type=\"application\/javascript\">window.option_df_21645 = {\"outline\":[],\"autoEnableOutline\":\"false\",\"autoEnableThumbnail\":\"false\",\"overwritePDFOutline\":\"false\",\"direction\":\"1\",\"pageSize\":\"0\",\"source\":\"https:\\\/\\\/mybookselling.store\\\/wp-content\\\/uploads\\\/2023\\\/02\\\/La-perla-de-Mazatlan-Print.pdf\",\"wpOptions\":\"true\"}; if(window.DFLIP && window.DFLIP.parseBooks){window.DFLIP.parseBooks();}<\/script>\n<\/div>\n<\/div>\n<\/div>\n","protected":false},"excerpt":{"rendered":"<p>Guadalupe, conocida por La perla de Mazatl\u00e1n, viaja junto a su hija a Nicaragua para reconciliarse con su pasado. A\u00f1os atr\u00e1s, su abuelo, hombre distinguido y propietario de heredades situadas en la isla<span class=\"Apple-converted-space\">\u00a0 <\/span>de Juan Venado, apareci\u00f3 muerto en circunstancias poco claras. Poco a poco, Guadalupe conocer\u00e1 los movimientos de su abuelo los d\u00edas antes de su fallecimiento, as\u00ed como las personas que extra\u00f1amente lo acompa\u00f1aron. Pronto conocer\u00e1 que el pasado encierra secretos insospechados, cuyo origen se sit\u00faa en la \u00e9poca precolombina.<\/p>\n<p><b>Escrito con maestr\u00eda, J. E. Brignardelli nos ofrece una trama a caballo entre el misterio y la novela negra.<\/b><\/p>\n","protected":false},"featured_media":21625,"template":"","meta":[],"product_brand":[],"product_cat":[21,106],"product_tag":[28],"class_list":{"0":"post-21620","1":"product","2":"type-product","3":"status-publish","4":"has-post-thumbnail","6":"product_cat-drama","7":"product_cat-terror","8":"product_tag-award-winners","9":"sales-flash-overlay","10":"woocommerce-text-align-center","11":"woocommerce-image-align-center","12":"do-quantity-buttons","14":"first","15":"outofstock","16":"shipping-taxable","17":"purchasable","18":"product-type-variable"},"_links":{"self":[{"href":"https:\/\/mybookselling.velqorumholding.ee\/mbs2023\/wp-json\/wp\/v2\/product\/21620","targetHints":{"allow":["GET"]}}],"collection":[{"href":"https:\/\/mybookselling.velqorumholding.ee\/mbs2023\/wp-json\/wp\/v2\/product"}],"about":[{"href":"https:\/\/mybookselling.velqorumholding.ee\/mbs2023\/wp-json\/wp\/v2\/types\/product"}],"wp:featuredmedia":[{"embeddable":true,"href":"https:\/\/mybookselling.velqorumholding.ee\/mbs2023\/wp-json\/wp\/v2\/media\/21625"}],"wp:attachment":[{"href":"https:\/\/mybookselling.velqorumholding.ee\/mbs2023\/wp-json\/wp\/v2\/media?parent=21620"}],"wp:term":[{"taxonomy":"product_brand","embeddable":true,"href":"https:\/\/mybookselling.velqorumholding.ee\/mbs2023\/wp-json\/wp\/v2\/product_brand?post=21620"},{"taxonomy":"product_cat","embeddable":true,"href":"https:\/\/mybookselling.velqorumholding.ee\/mbs2023\/wp-json\/wp\/v2\/product_cat?post=21620"},{"taxonomy":"product_tag","embeddable":true,"href":"https:\/\/mybookselling.velqorumholding.ee\/mbs2023\/wp-json\/wp\/v2\/product_tag?post=21620"}],"curies":[{"name":"wp","href":"https:\/\/api.w.org\/{rel}","templated":true}]}}