{"id":21590,"date":"2023-02-15T19:47:54","date_gmt":"2023-02-15T19:47:54","guid":{"rendered":"https:\/\/mybookselling.store\/?post_type=product&amp;p=21590"},"modified":"2025-01-06T21:47:11","modified_gmt":"2025-01-06T21:47:11","slug":"el-bestiario-de-nocturna","status":"publish","type":"product","link":"https:\/\/mybookselling.velqorumholding.ee\/mbs2023\/title\/el-bestiario-de-nocturna\/","title":{"rendered":"El bestiario de Nocturna"},"content":{"rendered":"<div class=\"page\" title=\"Page 1\">\n<div class=\"section\">\n<div class=\"layoutArea\">\n<p><i>La sangre ca\u00eda como lluvia en mi espalda, as\u00ed como ojos y v\u00edsceras de algunos cad\u00e1veres. La agon\u00eda recorr\u00eda mi cuerpo cada que intentaba aproximarme a una puerta de madera oscura. El se\u00f1or Needles replicaba los golpes en la puerta del pasillo, cada golpe m\u00e1s violento que el anterior. Llam\u00e1ndome con una voz abismal. Intent\u00e9 incorporarme para abrir la puerta y entrar lo m\u00e1s pronto posible pero el pasillo se torn\u00f3 m\u00e1s y m\u00e1s estrecho y la puerta se hab\u00eda alejado&#8230;<\/i><\/p>\n<p><b>El Bestiario de Nocturna re\u00fane nueve relatos de terror que abordan los horrores m\u00e1s perversos que puede tolerar la mente humana. Cada p\u00e1rrafo, cada l\u00ednea es una confrontaci\u00f3n entre el lector y el enigm\u00e1tico mundo de lo oculto.<\/b><\/p>\n<p><i>#elbestiariodenocturna<\/i><\/p>\n<div class=\"_df_book df-lite\" id=\"df_21596\"  _slug=\"el-bestiario-de-nocturna\" data-title=\"el-bestiario-de-nocturna\" wpoptions=\"true\" thumbtype=\"\" ><\/div><script class=\"df-shortcode-script\" nowprocket type=\"application\/javascript\">window.option_df_21596 = {\"outline\":[],\"autoEnableOutline\":\"false\",\"autoEnableThumbnail\":\"false\",\"overwritePDFOutline\":\"false\",\"direction\":\"1\",\"pageSize\":\"0\",\"source\":\"https:\\\/\\\/mybookselling.store\\\/wp-content\\\/uploads\\\/2023\\\/02\\\/El-Bestiario-de-Nocturna-Print.pdf\",\"wpOptions\":\"true\"}; if(window.DFLIP && window.DFLIP.parseBooks){window.DFLIP.parseBooks();}<\/script>\n<\/div>\n<\/div>\n<\/div>\n","protected":false},"excerpt":{"rendered":"<p><i>La sangre ca\u00eda como lluvia en mi espalda, as\u00ed como ojos y v\u00edsceras de algunos cad\u00e1veres. La agon\u00eda recorr\u00eda mi cuerpo cada que intentaba aproximarme a una puerta de madera oscura. El se\u00f1or Needles replicaba los golpes en la puerta del pasillo, cada golpe m\u00e1s violento que el anterior. Llam\u00e1ndome con una voz abismal. Intent\u00e9 incorporarme para abrir la puerta y entrar lo m\u00e1s pronto posible pero el pasillo se torn\u00f3 m\u00e1s y m\u00e1s estrecho y la puerta se hab\u00eda alejado&#8230;<\/i><\/p>\n<p><b>El Bestiario de Nocturna re\u00fane nueve relatos de terror que abordan los horrores m\u00e1s perversos que puede tolerar la mente humana. Cada p\u00e1rrafo, cada l\u00ednea es una confrontaci\u00f3n entre el lector y el enigm\u00e1tico mundo de lo oculto.<\/b><\/p>\n","protected":false},"featured_media":21595,"template":"","meta":[],"product_brand":[],"product_cat":[67,106],"product_tag":[28],"class_list":{"0":"post-21590","1":"product","2":"type-product","3":"status-publish","4":"has-post-thumbnail","6":"product_cat-cuentos","7":"product_cat-terror","8":"product_tag-award-winners","9":"sales-flash-overlay","10":"woocommerce-text-align-center","11":"woocommerce-image-align-center","12":"do-quantity-buttons","14":"first","15":"outofstock","16":"shipping-taxable","17":"purchasable","18":"product-type-variable"},"_links":{"self":[{"href":"https:\/\/mybookselling.velqorumholding.ee\/mbs2023\/wp-json\/wp\/v2\/product\/21590","targetHints":{"allow":["GET"]}}],"collection":[{"href":"https:\/\/mybookselling.velqorumholding.ee\/mbs2023\/wp-json\/wp\/v2\/product"}],"about":[{"href":"https:\/\/mybookselling.velqorumholding.ee\/mbs2023\/wp-json\/wp\/v2\/types\/product"}],"wp:featuredmedia":[{"embeddable":true,"href":"https:\/\/mybookselling.velqorumholding.ee\/mbs2023\/wp-json\/wp\/v2\/media\/21595"}],"wp:attachment":[{"href":"https:\/\/mybookselling.velqorumholding.ee\/mbs2023\/wp-json\/wp\/v2\/media?parent=21590"}],"wp:term":[{"taxonomy":"product_brand","embeddable":true,"href":"https:\/\/mybookselling.velqorumholding.ee\/mbs2023\/wp-json\/wp\/v2\/product_brand?post=21590"},{"taxonomy":"product_cat","embeddable":true,"href":"https:\/\/mybookselling.velqorumholding.ee\/mbs2023\/wp-json\/wp\/v2\/product_cat?post=21590"},{"taxonomy":"product_tag","embeddable":true,"href":"https:\/\/mybookselling.velqorumholding.ee\/mbs2023\/wp-json\/wp\/v2\/product_tag?post=21590"}],"curies":[{"name":"wp","href":"https:\/\/api.w.org\/{rel}","templated":true}]}}