{"id":21584,"date":"2023-02-15T19:32:07","date_gmt":"2023-02-15T19:32:07","guid":{"rendered":"https:\/\/mybookselling.store\/?post_type=product&#038;p=21584"},"modified":"2025-01-06T21:47:11","modified_gmt":"2025-01-06T21:47:11","slug":"anima","status":"publish","type":"product","link":"https:\/\/mybookselling.velqorumholding.ee\/mbs2023\/title\/anima\/","title":{"rendered":"Anima"},"content":{"rendered":"<div class=\"page\" title=\"Page 1\">\n<div class=\"section\">\n<div class=\"layoutArea\">\n<p>M\u00e1s all\u00e1 de lo conocido, existe un reino llamado Anima, donde hace veintisiete a\u00f1os se libr\u00f3 una batalla cruenta en la que muri\u00f3 el pr\u00edncipe demonio. En una tierra donde los poderes de los \u00e1ngeles de la luz y la oscuridad, al morir, se traspasan al vientre de una mujer viva, nace Azai Hawke, poseedor de un poder superior que abrir\u00e1 una cruzada para derrotar al Rey demonio que usurpa el trono, Saros.<\/p>\n<p><b><i>Anima es la obra que abre una saga con personajes m\u00edticos que nos conquistar\u00e1n desde el primer momento de su lectura.<\/i><\/b><\/p>\n<p><i>#anima #erickhiramacosta<\/i><\/p>\n<div class=\"_df_book df-lite\" id=\"df_21599\"  _slug=\"anima\" data-title=\"anima\" wpoptions=\"true\" thumbtype=\"\" ><\/div><script class=\"df-shortcode-script\" nowprocket type=\"application\/javascript\">window.option_df_21599 = {\"outline\":[],\"autoEnableOutline\":\"false\",\"autoEnableThumbnail\":\"false\",\"overwritePDFOutline\":\"false\",\"direction\":\"1\",\"pageSize\":\"0\",\"source\":\"https:\\\/\\\/mybookselling.store\\\/wp-content\\\/uploads\\\/2023\\\/02\\\/Anima-Print.pdf\",\"wpOptions\":\"true\"}; if(window.DFLIP && window.DFLIP.parseBooks){window.DFLIP.parseBooks();}<\/script>\n<\/div>\n<\/div>\n<\/div>\n","protected":false},"excerpt":{"rendered":"<p>M\u00e1s all\u00e1 de lo conocido, existe un reino llamado Anima, donde hace veintisiete a\u00f1os se libr\u00f3 una batalla cruenta en la que muri\u00f3 el pr\u00edncipe demonio. En una tierra donde los poderes de los \u00e1ngeles de la luz y la oscuridad, al morir, se traspasan al vientre de una mujer viva, nace Azai Hawke, poseedor de un poder superior que abrir\u00e1 una cruzada para derrotar al Rey demonio que usurpa el trono, Saros.<\/p>\n<p><b><i>Anima es la obra que abre una saga con personajes m\u00edticos que nos conquistar\u00e1n desde el primer momento de su lectura.<\/i><\/b><\/p>\n","protected":false},"featured_media":21589,"template":"","meta":[],"product_brand":[],"product_cat":[93],"product_tag":[],"class_list":{"0":"post-21584","1":"product","2":"type-product","3":"status-publish","4":"has-post-thumbnail","6":"product_cat-aventura","7":"sales-flash-overlay","8":"woocommerce-text-align-center","9":"woocommerce-image-align-center","10":"do-quantity-buttons","12":"first","13":"instock","14":"shipping-taxable","15":"purchasable","16":"product-type-variable"},"_links":{"self":[{"href":"https:\/\/mybookselling.velqorumholding.ee\/mbs2023\/wp-json\/wp\/v2\/product\/21584","targetHints":{"allow":["GET"]}}],"collection":[{"href":"https:\/\/mybookselling.velqorumholding.ee\/mbs2023\/wp-json\/wp\/v2\/product"}],"about":[{"href":"https:\/\/mybookselling.velqorumholding.ee\/mbs2023\/wp-json\/wp\/v2\/types\/product"}],"wp:featuredmedia":[{"embeddable":true,"href":"https:\/\/mybookselling.velqorumholding.ee\/mbs2023\/wp-json\/wp\/v2\/media\/21589"}],"wp:attachment":[{"href":"https:\/\/mybookselling.velqorumholding.ee\/mbs2023\/wp-json\/wp\/v2\/media?parent=21584"}],"wp:term":[{"taxonomy":"product_brand","embeddable":true,"href":"https:\/\/mybookselling.velqorumholding.ee\/mbs2023\/wp-json\/wp\/v2\/product_brand?post=21584"},{"taxonomy":"product_cat","embeddable":true,"href":"https:\/\/mybookselling.velqorumholding.ee\/mbs2023\/wp-json\/wp\/v2\/product_cat?post=21584"},{"taxonomy":"product_tag","embeddable":true,"href":"https:\/\/mybookselling.velqorumholding.ee\/mbs2023\/wp-json\/wp\/v2\/product_tag?post=21584"}],"curies":[{"name":"wp","href":"https:\/\/api.w.org\/{rel}","templated":true}]}}