{"id":21578,"date":"2023-02-15T19:08:33","date_gmt":"2023-02-15T19:08:33","guid":{"rendered":"https:\/\/mybookselling.store\/?post_type=product&amp;p=21578"},"modified":"2025-01-06T21:47:11","modified_gmt":"2025-01-06T21:47:11","slug":"soy-testigo-2-copia","status":"publish","type":"product","link":"https:\/\/mybookselling.velqorumholding.ee\/mbs2023\/title\/soy-testigo-2-copia\/","title":{"rendered":"Soy testigo 2"},"content":{"rendered":"<div class=\"page\" title=\"Page 1\">\n<div class=\"section\">\n<div class=\"layoutArea\">\n<p><i>El estallido social dej\u00f3 en evidencia el debilitado modelo social y econ\u00f3mico que solo serv\u00eda a unos pocos, levantamiento que condujo a un gran sue\u00f1o: escribir una nueva Constituci\u00f3n. Por primera vez en la historia con la participaci\u00f3n directa de la gente com\u00fan, pero no absuelta de diferentes reveses.\u00a0<\/i><\/p>\n<p><strong>As\u00ed, este ensayo narra sobre una sociedad chilena que se esfuerza por acordar y superar sus grandes grietas, de conseguir alguna posibilidad de mirar el futuro con esperanza y paz m\u00e1s duradera.<\/strong><\/p>\n<div class=\"_df_book df-lite\" id=\"df_21560\"  _slug=\"soy-testigo\" data-title=\"soy-testigo\" wpoptions=\"true\" thumbtype=\"\" ><\/div><script class=\"df-shortcode-script\" nowprocket type=\"application\/javascript\">window.option_df_21560 = {\"outline\":[],\"autoEnableOutline\":\"false\",\"autoEnableThumbnail\":\"false\",\"overwritePDFOutline\":\"false\",\"direction\":\"1\",\"pageSize\":\"0\",\"source\":\"https:\\\/\\\/mybookselling.store\\\/wp-content\\\/uploads\\\/2023\\\/02\\\/Soy-testigo-2-Print.pdf\",\"wpOptions\":\"true\"}; if(window.DFLIP && window.DFLIP.parseBooks){window.DFLIP.parseBooks();}<\/script>\n<\/div>\n<\/div>\n<\/div>\n","protected":false},"excerpt":{"rendered":"<p><i>El estallido social dej\u00f3 en evidencia el debilitado modelo social y econ\u00f3mico que solo serv\u00eda a unos pocos, levantamiento que condujo a un gran sue\u00f1o: escribir una nueva Constituci\u00f3n. Por primera vez en la historia con la participaci\u00f3n directa de la gente com\u00fan, pero no absuelta de diferentes reveses.\u00a0<\/i><\/p>\n<p><strong>As\u00ed, este ensayo narra sobre una sociedad chilena que se esfuerza por acordar y superar sus grandes grietas, de conseguir alguna posibilidad de mirar el futuro con esperanza y paz m\u00e1s duradera.<\/strong><\/p>\n","protected":false},"featured_media":21559,"template":"","meta":[],"product_brand":[],"product_cat":[90],"product_tag":[28],"class_list":{"0":"post-21578","1":"product","2":"type-product","3":"status-publish","4":"has-post-thumbnail","6":"product_cat-ensayo","7":"product_tag-award-winners","8":"sales-flash-overlay","9":"woocommerce-text-align-center","10":"woocommerce-image-align-center","11":"do-quantity-buttons","13":"first","14":"outofstock","15":"shipping-taxable","16":"purchasable","17":"product-type-variable"},"_links":{"self":[{"href":"https:\/\/mybookselling.velqorumholding.ee\/mbs2023\/wp-json\/wp\/v2\/product\/21578","targetHints":{"allow":["GET"]}}],"collection":[{"href":"https:\/\/mybookselling.velqorumholding.ee\/mbs2023\/wp-json\/wp\/v2\/product"}],"about":[{"href":"https:\/\/mybookselling.velqorumholding.ee\/mbs2023\/wp-json\/wp\/v2\/types\/product"}],"wp:featuredmedia":[{"embeddable":true,"href":"https:\/\/mybookselling.velqorumholding.ee\/mbs2023\/wp-json\/wp\/v2\/media\/21559"}],"wp:attachment":[{"href":"https:\/\/mybookselling.velqorumholding.ee\/mbs2023\/wp-json\/wp\/v2\/media?parent=21578"}],"wp:term":[{"taxonomy":"product_brand","embeddable":true,"href":"https:\/\/mybookselling.velqorumholding.ee\/mbs2023\/wp-json\/wp\/v2\/product_brand?post=21578"},{"taxonomy":"product_cat","embeddable":true,"href":"https:\/\/mybookselling.velqorumholding.ee\/mbs2023\/wp-json\/wp\/v2\/product_cat?post=21578"},{"taxonomy":"product_tag","embeddable":true,"href":"https:\/\/mybookselling.velqorumholding.ee\/mbs2023\/wp-json\/wp\/v2\/product_tag?post=21578"}],"curies":[{"name":"wp","href":"https:\/\/api.w.org\/{rel}","templated":true}]}}