{"id":21548,"date":"2023-02-10T16:07:02","date_gmt":"2023-02-10T16:07:02","guid":{"rendered":"https:\/\/mybookselling.store\/?post_type=product&amp;p=21548"},"modified":"2025-01-06T21:47:10","modified_gmt":"2025-01-06T21:47:10","slug":"cuentos-y-escritos-del-encierro","status":"publish","type":"product","link":"https:\/\/mybookselling.velqorumholding.ee\/mbs2023\/title\/cuentos-y-escritos-del-encierro\/","title":{"rendered":"Cuentos y escritos del encierro"},"content":{"rendered":"<div class=\"page\" title=\"Page 1\">\n<div class=\"section\">\n<div class=\"layoutArea\">\n<p><i>Al inicio del encierro, el camino trazado y sus tareas empujaban una peque\u00f1a angustia por la frustraci\u00f3n de no poder llevarlas a cabo. Y se acentuaba el encierro como una c\u00e1rcel, donde lo que est\u00e1 m\u00e1s all\u00e1 de nosotros se aquieta, menos el temible virus, que sigue amenazando la libertad de nuestros d\u00edas. Entramos luego; con la aceptaci\u00f3n de que hay algo m\u00e1s poderoso que nosotros, tal vez el caos o la naturaleza; a una etapa de desconcierto: una constante quietud de asombro y desasosiego. Al final y despu\u00e9s de abandonar muchas capas de pesadas conductas y futuros seguros, nos miramos al espejo y es el otro, el reflejado, quien nos traza el nuevo sendero de la imaginaci\u00f3n y el infinito. La realidad ya no es lo que era y es en ese doblez del desconcierto, que la capto de otra forma y la expreso en cuentos cortos, que nos ayudan a digerir entre la fantas\u00eda, esa nueva verdad que delata nuestra fragilidad.<span class=\"Apple-converted-space\">\u00a0<\/span><\/i><\/p>\n<p><i>#aniballlano<\/i><\/p>\n<p><i>#cuentosyescritosdelencierro<\/i><\/p>\n<div class=\"_df_book df-lite\" id=\"df_21563\"  _slug=\"cuentos-y-escritos\" data-title=\"cuentos-y-escritos\" wpoptions=\"true\" thumbtype=\"\" ><\/div><script class=\"df-shortcode-script\" nowprocket type=\"application\/javascript\">window.option_df_21563 = {\"outline\":[],\"autoEnableOutline\":\"false\",\"autoEnableThumbnail\":\"false\",\"overwritePDFOutline\":\"false\",\"direction\":\"1\",\"pageSize\":\"0\",\"source\":\"https:\\\/\\\/mybookselling.store\\\/wp-content\\\/uploads\\\/2023\\\/02\\\/Cuentos-y-escritos-del-encierro-Print.pdf\",\"wpOptions\":\"true\"}; if(window.DFLIP && window.DFLIP.parseBooks){window.DFLIP.parseBooks();}<\/script>\n<\/div>\n<\/div>\n<\/div>\n","protected":false},"excerpt":{"rendered":"<p><i>Al inicio del encierro, el camino trazado y sus tareas empujaban una peque\u00f1a angustia por la frustraci\u00f3n de no poder llevarlas a cabo. Y se acentuaba el encierro como una c\u00e1rcel, donde lo que est\u00e1 m\u00e1s all\u00e1 de nosotros se aquieta, menos el temible virus, que sigue amenazando la libertad de nuestros d\u00edas. Entramos luego; con la aceptaci\u00f3n de que hay algo m\u00e1s poderoso que nosotros, tal vez el caos o la naturaleza; a una etapa de desconcierto: una constante quietud de asombro y desasosiego. Al final y despu\u00e9s de abandonar muchas capas de pesadas conductas y futuros seguros, nos miramos al espejo y es el otro, el reflejado, quien nos traza el nuevo sendero de la imaginaci\u00f3n y el infinito. La realidad ya no es lo que era y es en ese doblez del desconcierto, que la capto de otra forma y la expreso en cuentos cortos, que nos ayudan a digerir entre la fantas\u00eda, esa nueva verdad que delata nuestra fragilidad. <\/i><\/p>\n","protected":false},"featured_media":21553,"template":"","meta":[],"product_brand":[],"product_cat":[67],"product_tag":[28],"class_list":{"0":"post-21548","1":"product","2":"type-product","3":"status-publish","4":"has-post-thumbnail","6":"product_cat-cuentos","7":"product_tag-award-winners","8":"sales-flash-overlay","9":"woocommerce-text-align-center","10":"woocommerce-image-align-center","11":"do-quantity-buttons","13":"first","14":"outofstock","15":"shipping-taxable","16":"purchasable","17":"product-type-variable"},"_links":{"self":[{"href":"https:\/\/mybookselling.velqorumholding.ee\/mbs2023\/wp-json\/wp\/v2\/product\/21548","targetHints":{"allow":["GET"]}}],"collection":[{"href":"https:\/\/mybookselling.velqorumholding.ee\/mbs2023\/wp-json\/wp\/v2\/product"}],"about":[{"href":"https:\/\/mybookselling.velqorumholding.ee\/mbs2023\/wp-json\/wp\/v2\/types\/product"}],"wp:featuredmedia":[{"embeddable":true,"href":"https:\/\/mybookselling.velqorumholding.ee\/mbs2023\/wp-json\/wp\/v2\/media\/21553"}],"wp:attachment":[{"href":"https:\/\/mybookselling.velqorumholding.ee\/mbs2023\/wp-json\/wp\/v2\/media?parent=21548"}],"wp:term":[{"taxonomy":"product_brand","embeddable":true,"href":"https:\/\/mybookselling.velqorumholding.ee\/mbs2023\/wp-json\/wp\/v2\/product_brand?post=21548"},{"taxonomy":"product_cat","embeddable":true,"href":"https:\/\/mybookselling.velqorumholding.ee\/mbs2023\/wp-json\/wp\/v2\/product_cat?post=21548"},{"taxonomy":"product_tag","embeddable":true,"href":"https:\/\/mybookselling.velqorumholding.ee\/mbs2023\/wp-json\/wp\/v2\/product_tag?post=21548"}],"curies":[{"name":"wp","href":"https:\/\/api.w.org\/{rel}","templated":true}]}}