{"id":21536,"date":"2023-02-10T15:52:40","date_gmt":"2023-02-10T15:52:40","guid":{"rendered":"https:\/\/mybookselling.store\/?post_type=product&amp;p=21536"},"modified":"2025-01-06T21:47:10","modified_gmt":"2025-01-06T21:47:10","slug":"breve-historia-de-un-homo-sapiens","status":"publish","type":"product","link":"https:\/\/mybookselling.velqorumholding.ee\/mbs2023\/title\/breve-historia-de-un-homo-sapiens\/","title":{"rendered":"Breve historia de un Homo Sapiens"},"content":{"rendered":"<div class=\"page\" title=\"Page 1\">\n<div class=\"section\">\n<div class=\"layoutArea\">\n<div class=\"column\"><\/div>\n<p><i>Tengo frio y el viento h\u00famedo que viene del mar, lame lujurioso como una gran lengua mi cuerpo semidesnudo y ahonda esta frustrante postraci\u00f3n de mil barrotes. El paisaje es hendija. Afuera todo es movimiento mientras yo me desl\u00edo a pedazos, como trozo de espejo congelado entre las hogueras del tiempo. Llueve, siempre la lluvia, pero ahora las gotas agravan mi tristeza, diminutos trazos de grises que caen del infinito, del infinito libre y poderoso, para borrar los vestigios de luz de esta naturaleza desatada. \u00bfC\u00f3mo escribir para economizar lo que se agota: el tiempo, el papel, la palabra y mis prop\u00f3sitos?<\/i><\/p>\n<p><strong>As\u00ed comienza Breve historia de un Homo Sapiens, que mediante la pluma de An\u00edbal Llano, nos acerca a los recuerdos de un hombre encarcelado que bucea en sus recuerdos de la c\u00e1rcel, su familia, y encara la muerte junto a una ins\u00f3lita compa\u00f1\u00eda.<\/strong><\/p>\n<p><i>#aniballlano<\/i><\/p>\n<p><i>#brevehistoriadeunhomosapiens<\/i><\/p>\n<div class=\"_df_book df-lite\" id=\"df_21569\"  _slug=\"breve-historia-de-un-homo-sapiens\" data-title=\"breve-historia-de-un-homo-sapiens\" wpoptions=\"true\" thumbtype=\"\" ><\/div><script class=\"df-shortcode-script\" nowprocket type=\"application\/javascript\">window.option_df_21569 = {\"outline\":[],\"autoEnableOutline\":\"false\",\"autoEnableThumbnail\":\"false\",\"overwritePDFOutline\":\"false\",\"direction\":\"1\",\"pageSize\":\"0\",\"source\":\"https:\\\/\\\/mybookselling.store\\\/wp-content\\\/uploads\\\/2023\\\/02\\\/Breve-historia-de-un-Homo-Sapiens-Print.pdf\",\"wpOptions\":\"true\"}; if(window.DFLIP && window.DFLIP.parseBooks){window.DFLIP.parseBooks();}<\/script>\n<\/div>\n<\/div>\n<\/div>\n","protected":false},"excerpt":{"rendered":"<p><i>Tengo frio y el viento h\u00famedo que viene del mar, lame lujurioso como una gran lengua mi cuerpo semidesnudo y ahonda esta frustrante postraci\u00f3n de mil barrotes. El paisaje es hendija. Afuera todo es movimiento mientras yo me desl\u00edo a pedazos, como trozo de espejo congelado entre las hogueras del tiempo. Llueve, siempre la lluvia, pero ahora las gotas agravan mi tristeza, diminutos trazos de grises que caen del infinito, del infinito libre y poderoso, para borrar los vestigios de luz de esta naturaleza desatada. \u00bfC\u00f3mo escribir para economizar lo que se agota: el tiempo, el papel, la palabra y mis prop\u00f3sitos?<\/i><\/p>\n<p><strong>As\u00ed comienza Breve historia de un Homo Sapiens, que mediante la pluma de An\u00edbal Llano, nos acerca a los recuerdos de un hombre encarcelado que bucea en sus recuerdos de la c\u00e1rcel, su familia, y encara la muerte junto a una ins\u00f3lita compa\u00f1\u00eda.<\/strong><\/p>\n","protected":false},"featured_media":21541,"template":"","meta":[],"product_brand":[],"product_cat":[21,77],"product_tag":[28],"class_list":{"0":"post-21536","1":"product","2":"type-product","3":"status-publish","4":"has-post-thumbnail","6":"product_cat-drama","7":"product_cat-mystery","8":"product_tag-award-winners","9":"sales-flash-overlay","10":"woocommerce-text-align-center","11":"woocommerce-image-align-center","12":"do-quantity-buttons","14":"first","15":"outofstock","16":"shipping-taxable","17":"purchasable","18":"product-type-variable"},"_links":{"self":[{"href":"https:\/\/mybookselling.velqorumholding.ee\/mbs2023\/wp-json\/wp\/v2\/product\/21536","targetHints":{"allow":["GET"]}}],"collection":[{"href":"https:\/\/mybookselling.velqorumholding.ee\/mbs2023\/wp-json\/wp\/v2\/product"}],"about":[{"href":"https:\/\/mybookselling.velqorumholding.ee\/mbs2023\/wp-json\/wp\/v2\/types\/product"}],"wp:featuredmedia":[{"embeddable":true,"href":"https:\/\/mybookselling.velqorumholding.ee\/mbs2023\/wp-json\/wp\/v2\/media\/21541"}],"wp:attachment":[{"href":"https:\/\/mybookselling.velqorumholding.ee\/mbs2023\/wp-json\/wp\/v2\/media?parent=21536"}],"wp:term":[{"taxonomy":"product_brand","embeddable":true,"href":"https:\/\/mybookselling.velqorumholding.ee\/mbs2023\/wp-json\/wp\/v2\/product_brand?post=21536"},{"taxonomy":"product_cat","embeddable":true,"href":"https:\/\/mybookselling.velqorumholding.ee\/mbs2023\/wp-json\/wp\/v2\/product_cat?post=21536"},{"taxonomy":"product_tag","embeddable":true,"href":"https:\/\/mybookselling.velqorumholding.ee\/mbs2023\/wp-json\/wp\/v2\/product_tag?post=21536"}],"curies":[{"name":"wp","href":"https:\/\/api.w.org\/{rel}","templated":true}]}}