{"id":21518,"date":"2023-02-04T18:25:22","date_gmt":"2023-02-04T18:25:22","guid":{"rendered":"https:\/\/mybookselling.store\/?post_type=product&amp;p=21518"},"modified":"2025-01-06T21:47:10","modified_gmt":"2025-01-06T21:47:10","slug":"el-legado-del-silencio","status":"publish","type":"product","link":"https:\/\/mybookselling.velqorumholding.ee\/mbs2023\/title\/el-legado-del-silencio\/","title":{"rendered":"El legado del silencio"},"content":{"rendered":"<div class=\"page\" title=\"Page 1\">\n<div class=\"section\">\n<div class=\"layoutArea\">\n<div class=\"column\"><\/div>\n<p>A\u00f1o 2077. La Humanidad sobrevive en condiciones de escasez alimentaria y la precariedad asola a cada individuo. Un mago se ha propuesto devolver la sonrisa a cada rostro. Sin embargo, tras verse envuelto en problemas, es golpeado, perdiendo el conocimiento y despertando en lo que parece un edificio extra\u00f1o y alejado. Sin poder conocer la raz\u00f3n de su estancia all\u00ed, pronto advertir\u00e1 de que la Cuarta Guerra Mundial comenz\u00f3 hace tiempo. Pero nadie fuera de ese edificio lo sabe.<span class=\"Apple-converted-space\">\u00a0<\/span><\/p>\n<p><strong>El legado del Silencio es la nueva obra del chileno Benjam\u00edn Navarro quien imprime misterio y aventura en cada uno de sus p\u00e1rrafos.<\/strong><\/p>\n<p>#ellegadodelsilencio<span class=\"Apple-converted-space\">\u00a0<\/span><\/p>\n<div class=\"_df_book df-lite\" id=\"df_21524\"  _slug=\"el-legado-del-silencio\" data-title=\"el-legado-del-silencio\" wpoptions=\"true\" thumbtype=\"\" ><\/div><script class=\"df-shortcode-script\" nowprocket type=\"application\/javascript\">window.option_df_21524 = {\"outline\":[],\"autoEnableOutline\":\"false\",\"autoEnableThumbnail\":\"false\",\"overwritePDFOutline\":\"false\",\"direction\":\"1\",\"pageSize\":\"0\",\"source\":\"https:\\\/\\\/mybookselling.store\\\/wp-content\\\/uploads\\\/2023\\\/02\\\/El-legado-del-Silencio-Print.pdf\",\"wpOptions\":\"true\"}; if(window.DFLIP && window.DFLIP.parseBooks){window.DFLIP.parseBooks();}<\/script>\n<\/div>\n<\/div>\n<\/div>\n","protected":false},"excerpt":{"rendered":"<div class=\"column\"><\/div>\n<p>A\u00f1o 2077. La Humanidad sobrevive en condiciones de escasez alimentaria y la precariedad asola a cada individuo. Un mago se ha propuesto devolver la sonrisa a cada rostro. Sin embargo, tras verse envuelto en problemas, es golpeado, perdiendo el conocimiento y despertando en lo que parece un edificio extra\u00f1o y alejado. Sin poder conocer la raz\u00f3n de su estancia all\u00ed, pronto advertir\u00e1 de que la Cuarta Guerra Mundial comenz\u00f3 hace tiempo. Pero nadie fuera de ese edificio lo sabe.<\/p>\n<p><strong>El legado del Silencio es la nueva obra del chileno Benjam\u00edn Navarro quien imprime misterio y aventura en cada uno de sus p\u00e1rrafos.<\/strong><\/p>\n","protected":false},"featured_media":21523,"template":"","meta":[],"product_brand":[],"product_cat":[93,55,77],"product_tag":[28],"class_list":{"0":"post-21518","1":"product","2":"type-product","3":"status-publish","4":"has-post-thumbnail","6":"product_cat-aventura","7":"product_cat-ciencia-ficcion","8":"product_cat-mystery","9":"product_tag-award-winners","10":"sales-flash-overlay","11":"woocommerce-text-align-center","12":"woocommerce-image-align-center","13":"do-quantity-buttons","15":"first","16":"outofstock","17":"shipping-taxable","18":"purchasable","19":"product-type-variable"},"_links":{"self":[{"href":"https:\/\/mybookselling.velqorumholding.ee\/mbs2023\/wp-json\/wp\/v2\/product\/21518","targetHints":{"allow":["GET"]}}],"collection":[{"href":"https:\/\/mybookselling.velqorumholding.ee\/mbs2023\/wp-json\/wp\/v2\/product"}],"about":[{"href":"https:\/\/mybookselling.velqorumholding.ee\/mbs2023\/wp-json\/wp\/v2\/types\/product"}],"wp:featuredmedia":[{"embeddable":true,"href":"https:\/\/mybookselling.velqorumholding.ee\/mbs2023\/wp-json\/wp\/v2\/media\/21523"}],"wp:attachment":[{"href":"https:\/\/mybookselling.velqorumholding.ee\/mbs2023\/wp-json\/wp\/v2\/media?parent=21518"}],"wp:term":[{"taxonomy":"product_brand","embeddable":true,"href":"https:\/\/mybookselling.velqorumholding.ee\/mbs2023\/wp-json\/wp\/v2\/product_brand?post=21518"},{"taxonomy":"product_cat","embeddable":true,"href":"https:\/\/mybookselling.velqorumholding.ee\/mbs2023\/wp-json\/wp\/v2\/product_cat?post=21518"},{"taxonomy":"product_tag","embeddable":true,"href":"https:\/\/mybookselling.velqorumholding.ee\/mbs2023\/wp-json\/wp\/v2\/product_tag?post=21518"}],"curies":[{"name":"wp","href":"https:\/\/api.w.org\/{rel}","templated":true}]}}