{"id":21502,"date":"2023-01-30T19:36:32","date_gmt":"2023-01-30T19:36:32","guid":{"rendered":"https:\/\/mybookselling.store\/?post_type=product&amp;p=21502"},"modified":"2025-01-06T21:47:10","modified_gmt":"2025-01-06T21:47:10","slug":"los-delirios-de-kitty-glamour","status":"publish","type":"product","link":"https:\/\/mybookselling.velqorumholding.ee\/mbs2023\/title\/los-delirios-de-kitty-glamour\/","title":{"rendered":"Los delirios de Kitty Glamour"},"content":{"rendered":"<div class=\"page\" title=\"Page 1\">\n<div class=\"section\">\n<div class=\"layoutArea\">\n<div class=\"column\">\n<p>Kitty Glamour decide abrir la caja de Pandora mediante treinta y ocho temas tab\u00fa que ponen en tela de juicio la cordura de la actual Sociedad. Con una personalidad desbordante y divertida a la par que \u00e1cida, e incluso rozando la mordacidad, Kitty no tiene filtros morales o sociales para decirnos qu\u00e9 piensa (y qu\u00e9 piensamos todos a pesar de que nunca lo reconozcamos), a trav\u00e9s de una visi\u00f3n desgarradora e inmisericorde de la evoluci\u00f3n social en los \u00faltimos a\u00f1os.<\/p>\n<p><strong>Los delirios de Kitty Glamour es una compilaci\u00f3n de art\u00edculos que te incomodar\u00e1n, te sacudir\u00e1n y cuya lectura promete el manoseo de viejos tab\u00faes y prejuicios en pos de un mayor grado de evoluci\u00f3n humana.<span class=\"Apple-converted-space\">\u00a0<\/span><\/strong><\/p>\n<p><i>#kittyglamour #deliriosdekitty<\/i><\/p>\n<\/div>\n<div class=\"_df_book df-lite\" id=\"df_21493\"  _slug=\"los-delirios-de-kitty-glamour\" data-title=\"los-delirios-de-kitty-glamour\" wpoptions=\"true\" thumbtype=\"\" ><\/div><script class=\"df-shortcode-script\" nowprocket type=\"application\/javascript\">window.option_df_21493 = {\"outline\":[],\"autoEnableOutline\":\"false\",\"autoEnableThumbnail\":\"false\",\"overwritePDFOutline\":\"false\",\"direction\":\"1\",\"pageSize\":\"0\",\"source\":\"https:\\\/\\\/mybookselling.store\\\/wp-content\\\/uploads\\\/2023\\\/01\\\/Los-delirios-de-Kitty-Glamour-Print.pdf\",\"wpOptions\":\"true\"}; if(window.DFLIP && window.DFLIP.parseBooks){window.DFLIP.parseBooks();}<\/script>\n<\/div>\n<\/div>\n<\/div>\n","protected":false},"excerpt":{"rendered":"<p>Kitty Glamour decide abrir la caja de Pandora mediante treinta y ocho temas tab\u00fa que ponen en tela de juicio la cordura de la actual Sociedad. Con una personalidad desbordante y divertida a la par que \u00e1cida, e incluso rozando la mordacidad, Kitty no tiene filtros morales o sociales para decirnos qu\u00e9 piensa (y qu\u00e9 piensamos todos a pesar de que nunca lo reconozcamos), a trav\u00e9s de una visi\u00f3n desgarradora e inmisericorde de la evoluci\u00f3n social en los \u00faltimos a\u00f1os.<\/p>\n<p><strong>Los delirios de Kitty Glamour es una compilaci\u00f3n de art\u00edculos que te incomodar\u00e1n, te sacudir\u00e1n y cuya lectura promete el manoseo de viejos tab\u00faes y prejuicios en pos de un mayor grado de evoluci\u00f3n humana. <\/strong><\/p>\n","protected":false},"featured_media":21507,"template":"","meta":[],"product_brand":[],"product_cat":[86,90],"product_tag":[28],"class_list":{"0":"post-21502","1":"product","2":"type-product","3":"status-publish","4":"has-post-thumbnail","6":"product_cat-autoayuda-superacion-personal","7":"product_cat-ensayo","8":"product_tag-award-winners","9":"sales-flash-overlay","10":"woocommerce-text-align-center","11":"woocommerce-image-align-center","12":"do-quantity-buttons","14":"first","15":"outofstock","16":"shipping-taxable","17":"purchasable","18":"product-type-variable"},"_links":{"self":[{"href":"https:\/\/mybookselling.velqorumholding.ee\/mbs2023\/wp-json\/wp\/v2\/product\/21502","targetHints":{"allow":["GET"]}}],"collection":[{"href":"https:\/\/mybookselling.velqorumholding.ee\/mbs2023\/wp-json\/wp\/v2\/product"}],"about":[{"href":"https:\/\/mybookselling.velqorumholding.ee\/mbs2023\/wp-json\/wp\/v2\/types\/product"}],"wp:featuredmedia":[{"embeddable":true,"href":"https:\/\/mybookselling.velqorumholding.ee\/mbs2023\/wp-json\/wp\/v2\/media\/21507"}],"wp:attachment":[{"href":"https:\/\/mybookselling.velqorumholding.ee\/mbs2023\/wp-json\/wp\/v2\/media?parent=21502"}],"wp:term":[{"taxonomy":"product_brand","embeddable":true,"href":"https:\/\/mybookselling.velqorumholding.ee\/mbs2023\/wp-json\/wp\/v2\/product_brand?post=21502"},{"taxonomy":"product_cat","embeddable":true,"href":"https:\/\/mybookselling.velqorumholding.ee\/mbs2023\/wp-json\/wp\/v2\/product_cat?post=21502"},{"taxonomy":"product_tag","embeddable":true,"href":"https:\/\/mybookselling.velqorumholding.ee\/mbs2023\/wp-json\/wp\/v2\/product_tag?post=21502"}],"curies":[{"name":"wp","href":"https:\/\/api.w.org\/{rel}","templated":true}]}}