{"id":21496,"date":"2023-01-30T19:22:41","date_gmt":"2023-01-30T19:22:41","guid":{"rendered":"https:\/\/mybookselling.store\/?post_type=product&amp;p=21496"},"modified":"2025-01-06T21:47:10","modified_gmt":"2025-01-06T21:47:10","slug":"cuando-empece-a-hablar-con-mi-gato","status":"publish","type":"product","link":"https:\/\/mybookselling.velqorumholding.ee\/mbs2023\/title\/cuando-empece-a-hablar-con-mi-gato\/","title":{"rendered":"Cuando empec\u00e9 a hablar con mi gato"},"content":{"rendered":"<div class=\"page\" title=\"Page 1\">\n<div class=\"section\">\n<div class=\"layoutArea\">\n<div class=\"column\">\n<p>Desde tiempos inmemoriales, el misterio siempre ha rodeado a nuestros amigos felinos. La relaci\u00f3n que los une a los humanos es, hoy m\u00e1s que nunca, m\u00e1gica. Nos despiertan con su patita en nuestro rostro, nos ma\u00fallan reclamando atenci\u00f3n y no nos dejan leer los diarios.<span class=\"Apple-converted-space\">\u00a0<\/span><\/p>\n<p>Sin embargo, apenas hay testimonios escritos acerca de su p\u00e9rdida y el duelo por el que atravesamos quienes hemos sido sus humanos. Por eso, Alena Kufir nos invita a leer su traves\u00eda de dolor ante la p\u00e9rdida de Kandor, su amigo felino, y el aprendizaje de ese proceso. Pero m\u00e1s all\u00e1, la autora indaga en el origen<span class=\"Apple-converted-space\">\u00a0 <\/span>metaf\u00edsico del v\u00ednculo gato-humano y nos seduce con una particular visi\u00f3n de c\u00f3mo llegaron nuestros peludos al planeta Tierra.<\/p>\n<p><i>#mundoanimal #alenakufir<\/i><\/p>\n<\/div>\n<div class=\"_df_book df-lite\" id=\"df_21490\"  _slug=\"cuando-empece-a-hablar-con-mi-gato\" data-title=\"cuando-empece-a-hablar-con-mi-gato\" wpoptions=\"true\" thumbtype=\"\" ><\/div><script class=\"df-shortcode-script\" nowprocket type=\"application\/javascript\">window.option_df_21490 = {\"outline\":[],\"autoEnableOutline\":\"false\",\"autoEnableThumbnail\":\"false\",\"overwritePDFOutline\":\"false\",\"direction\":\"1\",\"pageSize\":\"0\",\"source\":\"https:\\\/\\\/mybookselling.store\\\/wp-content\\\/uploads\\\/2023\\\/01\\\/Cuando-empece-a-hablar-con-mi-gato-Print.pdf\",\"wpOptions\":\"true\"}; if(window.DFLIP && window.DFLIP.parseBooks){window.DFLIP.parseBooks();}<\/script>\n<\/div>\n<\/div>\n<\/div>\n","protected":false},"excerpt":{"rendered":"<p>Desde tiempos inmemoriales, el misterio siempre ha rodeado a nuestros amigos felinos. La relaci\u00f3n que los une a los humanos es, hoy m\u00e1s que nunca, m\u00e1gica. Nos despiertan con su patita en nuestro rostro, nos ma\u00fallan reclamando atenci\u00f3n y no nos dejan leer los diarios.<\/p>\n<p>Sin embargo, apenas hay testimonios escritos acerca de su p\u00e9rdida y el duelo por el que atravesamos quienes hemos sido sus humanos. Por eso, Alena Kufir nos invita a leer su traves\u00eda de dolor ante la p\u00e9rdida de Kandor, su amigo felino, y el aprendizaje de ese proceso. Pero m\u00e1s all\u00e1, la autora indaga en el origen<span class=\"Apple-converted-space\">\u00a0 <\/span>metaf\u00edsico del v\u00ednculo gato-humano y nos seduce con una particular visi\u00f3n de c\u00f3mo llegaron nuestros peludos al planeta Tierra.<\/p>\n<p>&nbsp;<\/p>\n","protected":false},"featured_media":21501,"template":"","meta":[],"product_brand":[],"product_cat":[86],"product_tag":[28],"class_list":{"0":"post-21496","1":"product","2":"type-product","3":"status-publish","4":"has-post-thumbnail","6":"product_cat-autoayuda-superacion-personal","7":"product_tag-award-winners","8":"sales-flash-overlay","9":"woocommerce-text-align-center","10":"woocommerce-image-align-center","11":"do-quantity-buttons","13":"first","14":"outofstock","15":"shipping-taxable","16":"purchasable","17":"product-type-variable"},"_links":{"self":[{"href":"https:\/\/mybookselling.velqorumholding.ee\/mbs2023\/wp-json\/wp\/v2\/product\/21496","targetHints":{"allow":["GET"]}}],"collection":[{"href":"https:\/\/mybookselling.velqorumholding.ee\/mbs2023\/wp-json\/wp\/v2\/product"}],"about":[{"href":"https:\/\/mybookselling.velqorumholding.ee\/mbs2023\/wp-json\/wp\/v2\/types\/product"}],"wp:featuredmedia":[{"embeddable":true,"href":"https:\/\/mybookselling.velqorumholding.ee\/mbs2023\/wp-json\/wp\/v2\/media\/21501"}],"wp:attachment":[{"href":"https:\/\/mybookselling.velqorumholding.ee\/mbs2023\/wp-json\/wp\/v2\/media?parent=21496"}],"wp:term":[{"taxonomy":"product_brand","embeddable":true,"href":"https:\/\/mybookselling.velqorumholding.ee\/mbs2023\/wp-json\/wp\/v2\/product_brand?post=21496"},{"taxonomy":"product_cat","embeddable":true,"href":"https:\/\/mybookselling.velqorumholding.ee\/mbs2023\/wp-json\/wp\/v2\/product_cat?post=21496"},{"taxonomy":"product_tag","embeddable":true,"href":"https:\/\/mybookselling.velqorumholding.ee\/mbs2023\/wp-json\/wp\/v2\/product_tag?post=21496"}],"curies":[{"name":"wp","href":"https:\/\/api.w.org\/{rel}","templated":true}]}}