{"id":21468,"date":"2023-01-26T17:29:32","date_gmt":"2023-01-26T17:29:32","guid":{"rendered":"https:\/\/mybookselling.store\/?post_type=product&amp;p=21468"},"modified":"2025-01-06T21:47:10","modified_gmt":"2025-01-06T21:47:10","slug":"the-star-i-look-at-every-night","status":"publish","type":"product","link":"https:\/\/mybookselling.velqorumholding.ee\/mbs2023\/title\/the-star-i-look-at-every-night\/","title":{"rendered":"The Star I Look at Every Night"},"content":{"rendered":"<div class=\"page\" title=\"Page 1\">\n<div class=\"section\">\n<div class=\"layoutArea\">\n<div class=\"column\">\n<p>De la mano del escritor costarricense Tom\u00e1s Molano, The Star I Look At Every Night nos acerca a la muerte de quien hemos querido y cuya existencia acompasaba nuestros pasos sobre este mundo. Thomas, un adolescente de diecisiete a\u00f1os, sufre ante la enfermedad de su mejor amigo y a trav\u00e9s de estas p\u00e1ginas conoceremos su pasado y el dibujo de sus sentimientos, frustraciones y esperanzas. Pero no ser\u00e1 el \u00fanico protagonista; a su lado, en medio de la inmensa nada de la noche, una estrella lo sonr\u00ede.<span class=\"Apple-converted-space\">\u00a0<\/span><\/p>\n<p><b><i>Cada frase contenida en este libro es un grito desgarrador de la impotencia humana frente lo desconocido, la p\u00e9rdida y, en definitiva, el fin.<span class=\"Apple-converted-space\">\u00a0<\/span><\/i><\/b><\/p>\n<p><i>#thestarilookateverynigh<\/i><\/p>\n<\/div>\n<div class=\"_df_book df-lite\" id=\"df_21475\"  _slug=\"the-star-i-look-at\" data-title=\"the-star-i-look-at\" wpoptions=\"true\" thumbtype=\"\" ><\/div><script class=\"df-shortcode-script\" nowprocket type=\"application\/javascript\">window.option_df_21475 = {\"outline\":[],\"autoEnableOutline\":\"false\",\"autoEnableThumbnail\":\"false\",\"overwritePDFOutline\":\"false\",\"direction\":\"1\",\"pageSize\":\"0\",\"source\":\"https:\\\/\\\/mybookselling.store\\\/wp-content\\\/uploads\\\/2023\\\/01\\\/The-Star-I-Look-At-Every-Night-Print.pdf\",\"wpOptions\":\"true\"}; if(window.DFLIP && window.DFLIP.parseBooks){window.DFLIP.parseBooks();}<\/script>\n<\/div>\n<\/div>\n<\/div>\n","protected":false},"excerpt":{"rendered":"<p>De la mano del escritor costarricense Tom\u00e1s Molano, The Star I Look At Every Night nos acerca a la muerte de quien hemos querido y cuya existencia acompasaba nuestros pasos sobre este mundo. Thomas, un adolescente de diecisiete a\u00f1os, sufre ante la enfermedad de su mejor amigo y a trav\u00e9s de estas p\u00e1ginas conoceremos su pasado y el dibujo de sus sentimientos, frustraciones y esperanzas. Pero no ser\u00e1 el \u00fanico protagonista; a su lado, en medio de la inmensa nada de la noche, una estrella lo sonr\u00ede.<span class=\"Apple-converted-space\">\u00a0<\/span><\/p>\n<p><b><i>Cada frase contenida en este libro es un grito desgarrador de la impotencia humana frente lo desconocido, la p\u00e9rdida y, en definitiva, el fin.<span class=\"Apple-converted-space\">\u00a0<\/span><\/i><\/b><\/p>\n","protected":false},"featured_media":21473,"template":"","meta":[],"product_brand":[],"product_cat":[86],"product_tag":[28],"class_list":{"0":"post-21468","1":"product","2":"type-product","3":"status-publish","4":"has-post-thumbnail","6":"product_cat-autoayuda-superacion-personal","7":"product_tag-award-winners","8":"sales-flash-overlay","9":"woocommerce-text-align-center","10":"woocommerce-image-align-center","11":"do-quantity-buttons","13":"first","14":"outofstock","15":"shipping-taxable","16":"purchasable","17":"product-type-variable"},"_links":{"self":[{"href":"https:\/\/mybookselling.velqorumholding.ee\/mbs2023\/wp-json\/wp\/v2\/product\/21468","targetHints":{"allow":["GET"]}}],"collection":[{"href":"https:\/\/mybookselling.velqorumholding.ee\/mbs2023\/wp-json\/wp\/v2\/product"}],"about":[{"href":"https:\/\/mybookselling.velqorumholding.ee\/mbs2023\/wp-json\/wp\/v2\/types\/product"}],"wp:featuredmedia":[{"embeddable":true,"href":"https:\/\/mybookselling.velqorumholding.ee\/mbs2023\/wp-json\/wp\/v2\/media\/21473"}],"wp:attachment":[{"href":"https:\/\/mybookselling.velqorumholding.ee\/mbs2023\/wp-json\/wp\/v2\/media?parent=21468"}],"wp:term":[{"taxonomy":"product_brand","embeddable":true,"href":"https:\/\/mybookselling.velqorumholding.ee\/mbs2023\/wp-json\/wp\/v2\/product_brand?post=21468"},{"taxonomy":"product_cat","embeddable":true,"href":"https:\/\/mybookselling.velqorumholding.ee\/mbs2023\/wp-json\/wp\/v2\/product_cat?post=21468"},{"taxonomy":"product_tag","embeddable":true,"href":"https:\/\/mybookselling.velqorumholding.ee\/mbs2023\/wp-json\/wp\/v2\/product_tag?post=21468"}],"curies":[{"name":"wp","href":"https:\/\/api.w.org\/{rel}","templated":true}]}}