{"id":21424,"date":"2023-01-24T14:50:20","date_gmt":"2023-01-24T14:50:20","guid":{"rendered":"https:\/\/mybookselling.store\/?post_type=product&amp;p=21424"},"modified":"2025-01-06T21:47:10","modified_gmt":"2025-01-06T21:47:10","slug":"despertar","status":"publish","type":"product","link":"https:\/\/mybookselling.velqorumholding.ee\/mbs2023\/title\/despertar\/","title":{"rendered":"Despertar"},"content":{"rendered":"<div class=\"page\" title=\"Page 1\">\n<div class=\"section\">\n<div class=\"layoutArea\">\n<div class=\"column\">\n<p>Como una brisa suave y c\u00e1lida, cada verso acaricia cada latido de nuestro coraz\u00f3n, fundi\u00e9ndonos al un\u00edsono en la dimensi\u00f3n de cada escenario, a veces atemporal, otras ucr\u00f3nico, esperanzador, ilusionante o herido.<span class=\"Apple-converted-space\">\u00a0<\/span><\/p>\n<p><strong>Diecisiete piezas l\u00edricas que abordan el Ser, su esencia y magnitud; la llegada del amor y su eterna contemplaci\u00f3n y presencia pura. Seiscientos versos que, en definitiva, te hacen part\u00edcipe de los sentimientos de su autora.<\/strong><\/p>\n<p><i>#despertar #paolarivero<\/i><\/p>\n<\/div>\n<div class=\"_df_book df-lite\" id=\"df_21431\"  _slug=\"despertar\" data-title=\"despertar\" wpoptions=\"true\" thumbtype=\"\" ><\/div><script class=\"df-shortcode-script\" nowprocket type=\"application\/javascript\">window.option_df_21431 = {\"outline\":[],\"autoEnableOutline\":\"false\",\"autoEnableThumbnail\":\"false\",\"overwritePDFOutline\":\"false\",\"direction\":\"1\",\"pageSize\":\"0\",\"source\":\"https:\\\/\\\/mybookselling.store\\\/wp-content\\\/uploads\\\/2023\\\/01\\\/Despertar-Print.pdf\",\"wpOptions\":\"true\"}; if(window.DFLIP && window.DFLIP.parseBooks){window.DFLIP.parseBooks();}<\/script>\n<\/div>\n<\/div>\n<\/div>\n","protected":false},"excerpt":{"rendered":"<p>Como una brisa suave y c\u00e1lida, cada verso acaricia cada latido de nuestro coraz\u00f3n, fundi\u00e9ndonos al un\u00edsono en la dimensi\u00f3n de cada escenario, a veces atemporal, otras ucr\u00f3nico, esperanzador, ilusionante o herido.<\/p>\n<p><strong>Diecisiete piezas l\u00edricas que abordan el Ser, su esencia y magnitud; la llegada del amor y su eterna contemplaci\u00f3n y presencia pura. Seiscientos versos que, en definitiva, te hacen part\u00edcipe de los sentimientos de su autora.<\/strong><\/p>\n","protected":false},"featured_media":21436,"template":"","meta":[],"product_brand":[],"product_cat":[62],"product_tag":[28],"class_list":{"0":"post-21424","1":"product","2":"type-product","3":"status-publish","4":"has-post-thumbnail","6":"product_cat-poesia","7":"product_tag-award-winners","8":"sales-flash-overlay","9":"woocommerce-text-align-center","10":"woocommerce-image-align-center","11":"do-quantity-buttons","12":"wc-has-gallery","14":"first","15":"outofstock","16":"shipping-taxable","17":"purchasable","18":"product-type-variable"},"_links":{"self":[{"href":"https:\/\/mybookselling.velqorumholding.ee\/mbs2023\/wp-json\/wp\/v2\/product\/21424","targetHints":{"allow":["GET"]}}],"collection":[{"href":"https:\/\/mybookselling.velqorumholding.ee\/mbs2023\/wp-json\/wp\/v2\/product"}],"about":[{"href":"https:\/\/mybookselling.velqorumholding.ee\/mbs2023\/wp-json\/wp\/v2\/types\/product"}],"wp:featuredmedia":[{"embeddable":true,"href":"https:\/\/mybookselling.velqorumholding.ee\/mbs2023\/wp-json\/wp\/v2\/media\/21436"}],"wp:attachment":[{"href":"https:\/\/mybookselling.velqorumholding.ee\/mbs2023\/wp-json\/wp\/v2\/media?parent=21424"}],"wp:term":[{"taxonomy":"product_brand","embeddable":true,"href":"https:\/\/mybookselling.velqorumholding.ee\/mbs2023\/wp-json\/wp\/v2\/product_brand?post=21424"},{"taxonomy":"product_cat","embeddable":true,"href":"https:\/\/mybookselling.velqorumholding.ee\/mbs2023\/wp-json\/wp\/v2\/product_cat?post=21424"},{"taxonomy":"product_tag","embeddable":true,"href":"https:\/\/mybookselling.velqorumholding.ee\/mbs2023\/wp-json\/wp\/v2\/product_tag?post=21424"}],"curies":[{"name":"wp","href":"https:\/\/api.w.org\/{rel}","templated":true}]}}