{"id":21417,"date":"2023-01-22T18:18:00","date_gmt":"2023-01-22T18:18:00","guid":{"rendered":"https:\/\/mybookselling.store\/?post_type=product&amp;p=21417"},"modified":"2025-01-06T21:47:10","modified_gmt":"2025-01-06T21:47:10","slug":"unete-a-mi-deseo","status":"publish","type":"product","link":"https:\/\/mybookselling.velqorumholding.ee\/mbs2023\/title\/unete-a-mi-deseo\/","title":{"rendered":"\u00danete a mi deseo"},"content":{"rendered":"<div class=\"page\" title=\"Page 1\">\n<div class=\"section\">\n<div class=\"layoutArea\">\n<div class=\"column\">\n<p>M\u00e1s all\u00e1 de la apariencia de una joven estudiante bonita, con aspiraciones profesionales y objetivos, Luxury esconde todo aquello que le excita y libera. Su \u00edntima rebeld\u00eda contra las convenciones sociales y la hip\u00f3crita pol\u00edtica de la decencia y el pudor, explotan ante el \u00e9xtasis de sus encuentros sexuales. Pero m\u00e1s all\u00e1 de las noches fugaces, busca con desesperaci\u00f3n descubrir algo que aparentemente todos han conocido antes que ella: el amor.<\/p>\n<p><strong>Con generosas dosis de erotismo, cada p\u00e1gina agita nuestra respiraci\u00f3n al son de un coraz\u00f3n con ansias de vivir, y la pluma de Nath Juriel, con destreza y sensibilidad, nos describe los vaivenes de una mujer joven y aquello que le rodea.<\/strong><\/p>\n<p>#uneteamideseo #nathjuriel<\/p>\n<\/div>\n<div class=\"_df_book df-lite\" id=\"df_21394\"  _slug=\"unete-a-mi-deseo\" data-title=\"unete-a-mi-deseo\" wpoptions=\"true\" thumbtype=\"\" ><\/div><script class=\"df-shortcode-script\" nowprocket type=\"application\/javascript\">window.option_df_21394 = {\"outline\":[],\"autoEnableOutline\":\"false\",\"autoEnableThumbnail\":\"false\",\"overwritePDFOutline\":\"false\",\"direction\":\"1\",\"pageSize\":\"0\",\"source\":\"https:\\\/\\\/mybookselling.store\\\/wp-content\\\/uploads\\\/2023\\\/01\\\/Unete-a-mi-deseo-Print.pdf\",\"wpOptions\":\"true\"}; if(window.DFLIP && window.DFLIP.parseBooks){window.DFLIP.parseBooks();}<\/script>\n<\/div>\n<\/div>\n<\/div>\n","protected":false},"excerpt":{"rendered":"<p>M\u00e1s all\u00e1 de la apariencia de una joven estudiante bonita, con aspiraciones profesionales y objetivos, Luxury esconde todo aquello que le excita y libera. Su \u00edntima rebeld\u00eda contra las convenciones sociales y la hip\u00f3crita pol\u00edtica de la decencia y el pudor, explotan ante el \u00e9xtasis de sus encuentros sexuales. Pero m\u00e1s all\u00e1 de las noches fugaces, busca con desesperaci\u00f3n descubrir algo que aparentemente todos han conocido antes que ella: el amor.<\/p>\n<p><strong>Con generosas dosis de erotismo, cada p\u00e1gina agita nuestra respiraci\u00f3n al son de un coraz\u00f3n con ansias de vivir, y la pluma de Nath Juriel, con destreza y sensibilidad, nos describe los vaivenes de una mujer joven y aquello que le rodea.<\/strong><\/p>\n","protected":false},"featured_media":21406,"template":"","meta":[],"product_brand":[],"product_cat":[80],"product_tag":[28],"class_list":{"0":"post-21417","1":"product","2":"type-product","3":"status-publish","4":"has-post-thumbnail","6":"product_cat-romanticismo","7":"product_tag-award-winners","8":"sales-flash-overlay","9":"woocommerce-text-align-center","10":"woocommerce-image-align-center","11":"do-quantity-buttons","13":"first","14":"outofstock","15":"shipping-taxable","16":"purchasable","17":"product-type-variable"},"_links":{"self":[{"href":"https:\/\/mybookselling.velqorumholding.ee\/mbs2023\/wp-json\/wp\/v2\/product\/21417","targetHints":{"allow":["GET"]}}],"collection":[{"href":"https:\/\/mybookselling.velqorumholding.ee\/mbs2023\/wp-json\/wp\/v2\/product"}],"about":[{"href":"https:\/\/mybookselling.velqorumholding.ee\/mbs2023\/wp-json\/wp\/v2\/types\/product"}],"wp:featuredmedia":[{"embeddable":true,"href":"https:\/\/mybookselling.velqorumholding.ee\/mbs2023\/wp-json\/wp\/v2\/media\/21406"}],"wp:attachment":[{"href":"https:\/\/mybookselling.velqorumholding.ee\/mbs2023\/wp-json\/wp\/v2\/media?parent=21417"}],"wp:term":[{"taxonomy":"product_brand","embeddable":true,"href":"https:\/\/mybookselling.velqorumholding.ee\/mbs2023\/wp-json\/wp\/v2\/product_brand?post=21417"},{"taxonomy":"product_cat","embeddable":true,"href":"https:\/\/mybookselling.velqorumholding.ee\/mbs2023\/wp-json\/wp\/v2\/product_cat?post=21417"},{"taxonomy":"product_tag","embeddable":true,"href":"https:\/\/mybookselling.velqorumholding.ee\/mbs2023\/wp-json\/wp\/v2\/product_tag?post=21417"}],"curies":[{"name":"wp","href":"https:\/\/api.w.org\/{rel}","templated":true}]}}