{"id":21378,"date":"2023-01-20T16:27:59","date_gmt":"2023-01-20T16:27:59","guid":{"rendered":"https:\/\/mybookselling.store\/?post_type=product&amp;p=21378"},"modified":"2025-01-06T21:47:10","modified_gmt":"2025-01-06T21:47:10","slug":"frank-z-el-cazador","status":"publish","type":"product","link":"https:\/\/mybookselling.velqorumholding.ee\/mbs2023\/title\/frank-z-el-cazador\/","title":{"rendered":"Frank Z. El Cazador"},"content":{"rendered":"<div class=\"page\" title=\"Page 1\">\n<div class=\"section\">\n<div class=\"layoutArea\">\n<div class=\"column\">\n<p>Tras la aparici\u00f3n de varios cad\u00e1veres en Londres, un agente de Scotland Yard unir\u00e1 fuerzas con la Interpol para seguir la pista del autor de los cr\u00edmenes, que se hace llamar \u201cEl Cazador\u201d. Pero todo parece tomar un giro inesperado cuando se descubren nuevos asesinatos de similares caracter\u00edsticas en Alemania. Juntos, se embarcar\u00e1n en una carrera contrarreloj para desentra\u00f1ar algo que dista mucho de ser un asesino com\u00fan.<\/p>\n<p><b><i>Frank Z. El Cazador mantiene en vilo al lector p\u00e1gina tras p\u00e1gina. Escrita en una prosa fluida e imprimiendo suspense en cada rengl\u00f3n, se torna una obra imprescindible para los amantes del g\u00e9nero.<\/i><\/b><\/p>\n<p><i>#frankzelcazador #mainorroman<\/i><\/p>\n<\/div>\n<div class=\"_df_book df-lite\" id=\"df_21389\"  _slug=\"frank-z-el-cazador\" data-title=\"frank-z-el-cazador\" wpoptions=\"true\" thumbtype=\"\" ><\/div><script class=\"df-shortcode-script\" nowprocket type=\"application\/javascript\">window.option_df_21389 = {\"outline\":[],\"autoEnableOutline\":\"false\",\"autoEnableThumbnail\":\"false\",\"overwritePDFOutline\":\"false\",\"direction\":\"1\",\"pageSize\":\"0\",\"source\":\"https:\\\/\\\/mybookselling.store\\\/wp-content\\\/uploads\\\/2023\\\/01\\\/Frank-Z-Print.pdf\",\"wpOptions\":\"true\"}; if(window.DFLIP && window.DFLIP.parseBooks){window.DFLIP.parseBooks();}<\/script>\n<\/div>\n<\/div>\n<\/div>\n","protected":false},"excerpt":{"rendered":"<p>Tras la aparici\u00f3n de varios cad\u00e1veres en Londres, un agente de Scotland Yard unir\u00e1 fuerzas con la Interpol para seguir la pista del autor de los cr\u00edmenes, que se hace llamar \u201cEl Cazador\u201d. Pero todo parece tomar un giro inesperado cuando se descubren nuevos asesinatos de similares caracter\u00edsticas en Alemania. Juntos, se embarcar\u00e1n en una carrera contrarreloj para desentra\u00f1ar algo que dista mucho de ser un asesino com\u00fan.<\/p>\n<p><b><i>Frank Z. El Cazador mantiene en vilo al lector p\u00e1gina tras p\u00e1gina. Escrita en una prosa fluida e imprimiendo suspense en cada rengl\u00f3n, se torna una obra imprescindible para los amantes del g\u00e9nero.<\/i><\/b><\/p>\n","protected":false},"featured_media":21386,"template":"","meta":[],"product_brand":[],"product_cat":[77],"product_tag":[28],"class_list":{"0":"post-21378","1":"product","2":"type-product","3":"status-publish","4":"has-post-thumbnail","6":"product_cat-mystery","7":"product_tag-award-winners","8":"sales-flash-overlay","9":"woocommerce-text-align-center","10":"woocommerce-image-align-center","11":"do-quantity-buttons","13":"first","14":"outofstock","15":"shipping-taxable","16":"purchasable","17":"product-type-variable","18":"has-default-attributes"},"_links":{"self":[{"href":"https:\/\/mybookselling.velqorumholding.ee\/mbs2023\/wp-json\/wp\/v2\/product\/21378","targetHints":{"allow":["GET"]}}],"collection":[{"href":"https:\/\/mybookselling.velqorumholding.ee\/mbs2023\/wp-json\/wp\/v2\/product"}],"about":[{"href":"https:\/\/mybookselling.velqorumholding.ee\/mbs2023\/wp-json\/wp\/v2\/types\/product"}],"wp:featuredmedia":[{"embeddable":true,"href":"https:\/\/mybookselling.velqorumholding.ee\/mbs2023\/wp-json\/wp\/v2\/media\/21386"}],"wp:attachment":[{"href":"https:\/\/mybookselling.velqorumholding.ee\/mbs2023\/wp-json\/wp\/v2\/media?parent=21378"}],"wp:term":[{"taxonomy":"product_brand","embeddable":true,"href":"https:\/\/mybookselling.velqorumholding.ee\/mbs2023\/wp-json\/wp\/v2\/product_brand?post=21378"},{"taxonomy":"product_cat","embeddable":true,"href":"https:\/\/mybookselling.velqorumholding.ee\/mbs2023\/wp-json\/wp\/v2\/product_cat?post=21378"},{"taxonomy":"product_tag","embeddable":true,"href":"https:\/\/mybookselling.velqorumholding.ee\/mbs2023\/wp-json\/wp\/v2\/product_tag?post=21378"}],"curies":[{"name":"wp","href":"https:\/\/api.w.org\/{rel}","templated":true}]}}