{"id":21357,"date":"2023-01-16T16:07:53","date_gmt":"2023-01-16T16:07:53","guid":{"rendered":"https:\/\/mybookselling.store\/?post_type=product&amp;p=21357"},"modified":"2025-01-06T21:47:10","modified_gmt":"2025-01-06T21:47:10","slug":"la-ultima-noche","status":"publish","type":"product","link":"https:\/\/mybookselling.velqorumholding.ee\/mbs2023\/title\/la-ultima-noche\/","title":{"rendered":"La \u00faltima noche"},"content":{"rendered":"<div class=\"page\" title=\"Page 1\">\n<div class=\"section\">\n<div class=\"layoutArea\">\n<div class=\"column\">\n<p>De la mano del chileno Hern\u00e1n Rodr\u00edguez Neira, las p\u00e1ginas de La \u00faltima noche: entre el cielo y el infierno encierran la historia de la decadencia del joven que inicia la vida universitaria apoyado por sus padres. Pero la noche de la ciudad trae alcohol, las drogas y el sexo; y con ellos, el alejamiento del joven de sus estudios y su familia. A lo largo de la trama, iniciar\u00e1 una lucha por escapar de las mieles de una vida f\u00e1cil, depravada y marginal para recomponer los pedazos de aquel que fuera, redescubri\u00e9ndose a s\u00ed mismo a trav\u00e9s de un particular descenso a los infiernos.<\/p>\n<\/div>\n<div class=\"_df_book df-lite\" id=\"df_21367\"  _slug=\"la-ultima-noche\" data-title=\"la-ultima-noche\" wpoptions=\"true\" thumbtype=\"\" ><\/div><script class=\"df-shortcode-script\" nowprocket type=\"application\/javascript\">window.option_df_21367 = {\"outline\":[],\"autoEnableOutline\":\"false\",\"autoEnableThumbnail\":\"false\",\"overwritePDFOutline\":\"false\",\"direction\":\"1\",\"pageSize\":\"0\",\"source\":\"https:\\\/\\\/mybookselling.store\\\/wp-content\\\/uploads\\\/2023\\\/01\\\/La-ultima-noche-Print.pdf\",\"wpOptions\":\"true\"}; if(window.DFLIP && window.DFLIP.parseBooks){window.DFLIP.parseBooks();}<\/script>\n<\/div>\n<\/div>\n<\/div>\n","protected":false},"excerpt":{"rendered":"<p>De la mano del chileno Hern\u00e1n Rodr\u00edguez Neira, las p\u00e1ginas de La \u00faltima noche: entre el cielo y el infierno encierran la historia de la decadencia del joven que inicia la vida universitaria apoyado por sus padres. Pero la noche de la ciudad trae alcohol, las drogas y el sexo; y con ellos, el alejamiento del joven de sus estudios y su familia. A lo largo de la trama, iniciar\u00e1 una lucha por escapar de las mieles de una vida f\u00e1cil, depravada y marginal para recomponer los pedazos de aquel que fuera, redescubri\u00e9ndose a s\u00ed mismo a trav\u00e9s de un particular descenso a los infiernos.<\/p>\n","protected":false},"featured_media":21364,"template":"","meta":[],"product_brand":[],"product_cat":[21],"product_tag":[28],"class_list":{"0":"post-21357","1":"product","2":"type-product","3":"status-publish","4":"has-post-thumbnail","6":"product_cat-drama","7":"product_tag-award-winners","8":"sales-flash-overlay","9":"woocommerce-text-align-center","10":"woocommerce-image-align-center","11":"do-quantity-buttons","13":"first","14":"outofstock","15":"shipping-taxable","16":"purchasable","17":"product-type-variable"},"_links":{"self":[{"href":"https:\/\/mybookselling.velqorumholding.ee\/mbs2023\/wp-json\/wp\/v2\/product\/21357","targetHints":{"allow":["GET"]}}],"collection":[{"href":"https:\/\/mybookselling.velqorumholding.ee\/mbs2023\/wp-json\/wp\/v2\/product"}],"about":[{"href":"https:\/\/mybookselling.velqorumholding.ee\/mbs2023\/wp-json\/wp\/v2\/types\/product"}],"wp:featuredmedia":[{"embeddable":true,"href":"https:\/\/mybookselling.velqorumholding.ee\/mbs2023\/wp-json\/wp\/v2\/media\/21364"}],"wp:attachment":[{"href":"https:\/\/mybookselling.velqorumholding.ee\/mbs2023\/wp-json\/wp\/v2\/media?parent=21357"}],"wp:term":[{"taxonomy":"product_brand","embeddable":true,"href":"https:\/\/mybookselling.velqorumholding.ee\/mbs2023\/wp-json\/wp\/v2\/product_brand?post=21357"},{"taxonomy":"product_cat","embeddable":true,"href":"https:\/\/mybookselling.velqorumholding.ee\/mbs2023\/wp-json\/wp\/v2\/product_cat?post=21357"},{"taxonomy":"product_tag","embeddable":true,"href":"https:\/\/mybookselling.velqorumholding.ee\/mbs2023\/wp-json\/wp\/v2\/product_tag?post=21357"}],"curies":[{"name":"wp","href":"https:\/\/api.w.org\/{rel}","templated":true}]}}