{"id":21295,"date":"2023-02-26T18:00:10","date_gmt":"2023-02-26T18:00:10","guid":{"rendered":"https:\/\/mybookselling.store\/?post_type=product&amp;p=21295"},"modified":"2025-01-06T21:47:10","modified_gmt":"2025-01-06T21:47:10","slug":"destinos-tragicos","status":"publish","type":"product","link":"https:\/\/mybookselling.velqorumholding.ee\/mbs2023\/title\/destinos-tragicos\/","title":{"rendered":"Destinos tr\u00e1gicos"},"content":{"rendered":"<div class=\"page\" title=\"Page 1\">\n<div class=\"section\">\n<div class=\"layoutArea\">\n<div class=\"column\">\n<p>En la pandemia pasada. Covid-19, a un narco colombiano le confiscan un cargamento de coca\u00edna; sus secuaces y un hijo suyo que esperaba la mercanc\u00eda en Espa\u00f1a, son detenidos. A ra\u00edz de ello el capo sufre enfermedad cardiovascular. Necesitado de un trasplante, el malhechor con su poder acude a su segundo en el mando y secuestran a un joven universitario. Sacrificado, su coraz\u00f3n es donado al capo. Ese crimen no tiene castigo terrenal; desde ese momento el capo queda prisionero en su mismo destino, huy\u00e9ndose a la extradici\u00f3n.<\/p>\n<p><b><i>Destinos tr\u00e1gicos es la obra que te mantendr\u00e1 inmerso en un mundo oscuro y de humanidad decadente donde la Justicia responde al dinero y tiene nombre y apellidos.<\/i><\/b><\/p>\n<p><i>#destinostragicos<\/i><\/p>\n<\/div>\n<div class=\"_df_book df-lite\" id=\"df_21654\"  _slug=\"destinos-tragicos\" data-title=\"destinos-tragicos\" wpoptions=\"true\" thumbtype=\"\" ><\/div><script class=\"df-shortcode-script\" nowprocket type=\"application\/javascript\">window.option_df_21654 = {\"outline\":[],\"autoEnableOutline\":\"false\",\"autoEnableThumbnail\":\"false\",\"overwritePDFOutline\":\"false\",\"direction\":\"1\",\"pageSize\":\"0\",\"source\":\"https:\\\/\\\/mybookselling.store\\\/wp-content\\\/uploads\\\/2023\\\/02\\\/Destinos-tragicos-Print.pdf\",\"wpOptions\":\"true\"}; if(window.DFLIP && window.DFLIP.parseBooks){window.DFLIP.parseBooks();}<\/script>\n<\/div>\n<\/div>\n<\/div>\n","protected":false},"excerpt":{"rendered":"<p>En la pandemia pasada. Covid-19, a un narco colombiano le confiscan un cargamento de coca\u00edna; sus secuaces y un hijo suyo que esperaba la mercanc\u00eda en Espa\u00f1a, son detenidos. A ra\u00edz de ello el capo sufre enfermedad cardiovascular. Necesitado de un trasplante, el malhechor con su poder acude a su segundo en el mando y secuestran a un joven universitario. Sacrificado, su coraz\u00f3n es donado al capo. Ese crimen no tiene castigo terrenal; desde ese momento el capo queda prisionero en su mismo destino, huy\u00e9ndose a la extradici\u00f3n.<\/p>\n<p><b><i>Destinos tr\u00e1gicos es la obra que te mantendr\u00e1 inmerso en un mundo oscuro y de humanidad decadente donde la Justicia responde al dinero y tiene nombre y apellidos.<\/i><\/b><\/p>\n","protected":false},"featured_media":21299,"template":"","meta":[],"product_brand":[],"product_cat":[93],"product_tag":[],"class_list":{"0":"post-21295","1":"product","2":"type-product","3":"status-publish","4":"has-post-thumbnail","6":"product_cat-aventura","7":"sales-flash-overlay","8":"woocommerce-text-align-center","9":"woocommerce-image-align-center","10":"do-quantity-buttons","12":"first","13":"outofstock","14":"shipping-taxable","15":"purchasable","16":"product-type-variable"},"_links":{"self":[{"href":"https:\/\/mybookselling.velqorumholding.ee\/mbs2023\/wp-json\/wp\/v2\/product\/21295","targetHints":{"allow":["GET"]}}],"collection":[{"href":"https:\/\/mybookselling.velqorumholding.ee\/mbs2023\/wp-json\/wp\/v2\/product"}],"about":[{"href":"https:\/\/mybookselling.velqorumholding.ee\/mbs2023\/wp-json\/wp\/v2\/types\/product"}],"wp:featuredmedia":[{"embeddable":true,"href":"https:\/\/mybookselling.velqorumholding.ee\/mbs2023\/wp-json\/wp\/v2\/media\/21299"}],"wp:attachment":[{"href":"https:\/\/mybookselling.velqorumholding.ee\/mbs2023\/wp-json\/wp\/v2\/media?parent=21295"}],"wp:term":[{"taxonomy":"product_brand","embeddable":true,"href":"https:\/\/mybookselling.velqorumholding.ee\/mbs2023\/wp-json\/wp\/v2\/product_brand?post=21295"},{"taxonomy":"product_cat","embeddable":true,"href":"https:\/\/mybookselling.velqorumholding.ee\/mbs2023\/wp-json\/wp\/v2\/product_cat?post=21295"},{"taxonomy":"product_tag","embeddable":true,"href":"https:\/\/mybookselling.velqorumholding.ee\/mbs2023\/wp-json\/wp\/v2\/product_tag?post=21295"}],"curies":[{"name":"wp","href":"https:\/\/api.w.org\/{rel}","templated":true}]}}