{"id":21270,"date":"2023-01-08T16:10:31","date_gmt":"2023-01-08T16:10:31","guid":{"rendered":"https:\/\/mybookselling.store\/?post_type=product&amp;p=21270"},"modified":"2025-01-06T21:47:10","modified_gmt":"2025-01-06T21:47:10","slug":"de-lunas-y-centauros","status":"publish","type":"product","link":"https:\/\/mybookselling.velqorumholding.ee\/mbs2023\/title\/de-lunas-y-centauros\/","title":{"rendered":"De lunas y centauros"},"content":{"rendered":"<div class=\"page\" title=\"Page 1\">\n<div class=\"section\">\n<div class=\"layoutArea\">\n<div class=\"column\">\n<p>Escrito en una \u00e9poca de represi\u00f3n pol\u00edtica y moral, <i>De lunas y centauros<\/i> aborda las manifestaciones humanas hasta un l\u00edmite extraordinario. Desde el amor y sus vertientes, su relaci\u00f3n con la moral y la desnudez, f\u00edsica y emocional del hombre, hasta su descomposici\u00f3n en infinitas muestras de odio, cada estrofa es un grito desgarrador del oprimido, del que est\u00e1 muriendo, para dejar libre el camino a un ser renacido y sin condicionamientos morales; un ser deconstruido capaz de fortalecerse con la energ\u00eda de la naturaleza.<\/p>\n<p><b><i>Atrevida y expl\u00edcita, <\/i>De lunas y centauros<i> nos incomoda en cierta manera para sacarnos de nuestra zona de confort para lanzarnos a una realidad que es belicosa e inh\u00f3spita.<\/i><\/b><\/p>\n<p><i>#miguelfaundez #delunas<\/i><\/p>\n<\/div>\n<div class=\"_df_book df-lite\" id=\"df_21285\"  _slug=\"de-lunas-y-centauros\" data-title=\"de-lunas-y-centauros\" wpoptions=\"true\" thumbtype=\"\" ><\/div><script class=\"df-shortcode-script\" nowprocket type=\"application\/javascript\">window.option_df_21285 = {\"outline\":[],\"autoEnableOutline\":\"false\",\"autoEnableThumbnail\":\"false\",\"overwritePDFOutline\":\"false\",\"direction\":\"1\",\"pageSize\":\"0\",\"source\":\"https:\\\/\\\/mybookselling.store\\\/wp-content\\\/uploads\\\/2023\\\/01\\\/De-Lunas-y-Centauros-Print.pdf\",\"wpOptions\":\"true\"}; if(window.DFLIP && window.DFLIP.parseBooks){window.DFLIP.parseBooks();}<\/script>\n<\/div>\n<\/div>\n<\/div>\n","protected":false},"excerpt":{"rendered":"<p>Escrito en una \u00e9poca de represi\u00f3n pol\u00edtica y moral, <i>De lunas y centauros<\/i> aborda las manifestaciones humanas hasta un l\u00edmite extraordinario. Desde el amor y sus vertientes, su relaci\u00f3n con la moral y la desnudez, f\u00edsica y emocional del hombre, hasta su descomposici\u00f3n en infinitas muestras de odio, cada estrofa es un grito desgarrador del oprimido, del que est\u00e1 muriendo, para dejar libre el camino a un ser renacido y sin condicionamientos morales; un ser deconstruido capaz de fortalecerse con la energ\u00eda de la naturaleza.<\/p>\n<p><b><i>Atrevida y expl\u00edcita, <\/i>De lunas y centauros<i> nos incomoda en cierta manera para sacarnos de nuestra zona de confort para lanzarnos a una realidad que es belicosa e inh\u00f3spita.<\/i><\/b><\/p>\n","protected":false},"featured_media":21275,"template":"","meta":[],"product_brand":[],"product_cat":[62],"product_tag":[28],"class_list":{"0":"post-21270","1":"product","2":"type-product","3":"status-publish","4":"has-post-thumbnail","6":"product_cat-poesia","7":"product_tag-award-winners","8":"sales-flash-overlay","9":"woocommerce-text-align-center","10":"woocommerce-image-align-center","11":"do-quantity-buttons","13":"first","14":"outofstock","15":"shipping-taxable","16":"purchasable","17":"product-type-variable"},"_links":{"self":[{"href":"https:\/\/mybookselling.velqorumholding.ee\/mbs2023\/wp-json\/wp\/v2\/product\/21270","targetHints":{"allow":["GET"]}}],"collection":[{"href":"https:\/\/mybookselling.velqorumholding.ee\/mbs2023\/wp-json\/wp\/v2\/product"}],"about":[{"href":"https:\/\/mybookselling.velqorumholding.ee\/mbs2023\/wp-json\/wp\/v2\/types\/product"}],"wp:featuredmedia":[{"embeddable":true,"href":"https:\/\/mybookselling.velqorumholding.ee\/mbs2023\/wp-json\/wp\/v2\/media\/21275"}],"wp:attachment":[{"href":"https:\/\/mybookselling.velqorumholding.ee\/mbs2023\/wp-json\/wp\/v2\/media?parent=21270"}],"wp:term":[{"taxonomy":"product_brand","embeddable":true,"href":"https:\/\/mybookselling.velqorumholding.ee\/mbs2023\/wp-json\/wp\/v2\/product_brand?post=21270"},{"taxonomy":"product_cat","embeddable":true,"href":"https:\/\/mybookselling.velqorumholding.ee\/mbs2023\/wp-json\/wp\/v2\/product_cat?post=21270"},{"taxonomy":"product_tag","embeddable":true,"href":"https:\/\/mybookselling.velqorumholding.ee\/mbs2023\/wp-json\/wp\/v2\/product_tag?post=21270"}],"curies":[{"name":"wp","href":"https:\/\/api.w.org\/{rel}","templated":true}]}}