{"id":20520,"date":"2023-01-04T17:10:29","date_gmt":"2023-01-04T17:10:29","guid":{"rendered":"https:\/\/mybookselling.store\/?post_type=product&amp;p=20520"},"modified":"2025-01-06T21:47:10","modified_gmt":"2025-01-06T21:47:10","slug":"historias-de-espejos-rotos","status":"publish","type":"product","link":"https:\/\/mybookselling.velqorumholding.ee\/mbs2023\/title\/historias-de-espejos-rotos\/","title":{"rendered":"Historias de espejos rotos"},"content":{"rendered":"<div class=\"page\" title=\"Page 1\">\n<div class=\"section\">\n<div class=\"layoutArea\">\n<div class=\"column\">\n<p>De la mano del escritor costarricense Dereck Montoya C., Historias de espejos rotos nos ofrece un abanico de relatos futuristas, que nos transportan a una \u00e9poca de avanzada tecnolog\u00eda pero de decadente humanidad, donde la l\u00ednea entre lo humano y lo inhumano, la vida y la no vida, lo justo y lo injusto se torna delgada y fina. Cada relato es un intento logrado y atrevido de adentrarnos en la psique humana y desentra\u00f1ar el misterio de lo humano. Y, tambi\u00e9n, de lo no humano.<\/p>\n<p><b><i>Historias de espejos rotos re\u00fane diecinueve relatos breves escritos con un estilo atrevido, que se enfrenta al lector desde el comienzo para comprender nuestra psique y, a la postre, nuestra condici\u00f3n humana.<\/i><\/b><\/p>\n<p><i>#historiasdeespejos #dereckelias<\/i><\/p>\n<\/div>\n<div class=\"_df_book df-lite\" id=\"df_20527\"  _slug=\"historias-de-espejos-rotos\" data-title=\"historias-de-espejos-rotos\" wpoptions=\"true\" thumbtype=\"\" ><\/div><script class=\"df-shortcode-script\" nowprocket type=\"application\/javascript\">window.option_df_20527 = {\"outline\":[],\"autoEnableOutline\":\"false\",\"autoEnableThumbnail\":\"false\",\"overwritePDFOutline\":\"false\",\"direction\":\"1\",\"pageSize\":\"0\",\"source\":\"https:\\\/\\\/mybookselling.store\\\/wp-content\\\/uploads\\\/2023\\\/01\\\/Historias-de-espejos-rotos-Print.pdf\",\"wpOptions\":\"true\"}; if(window.DFLIP && window.DFLIP.parseBooks){window.DFLIP.parseBooks();}<\/script>\n<\/div>\n<\/div>\n<\/div>\n","protected":false},"excerpt":{"rendered":"<p>De la mano del escritor costarricense Dereck Montoya C., Historias de espejos rotos nos ofrece un abanico de relatos futuristas, que nos transportan a una \u00e9poca de avanzada tecnolog\u00eda pero de decadente humanidad, donde la l\u00ednea entre lo humano y lo inhumano, la vida y la no vida, lo justo y lo injusto se torna delgada y fina. Cada relato es un intento logrado y atrevido de adentrarnos en la psique humana y desentra\u00f1ar el misterio de lo humano. Y, tambi\u00e9n, de lo no humano.<\/p>\n<p><b><i>Historias de espejos rotos re\u00fane diecinueve relatos breves escritos con un estilo atrevido, que se enfrenta al lector desde el comienzo para comprender nuestra psique y, a la postre, nuestra condici\u00f3n humana.<\/i><\/b><\/p>\n","protected":false},"featured_media":20526,"template":"","meta":[],"product_brand":[],"product_cat":[67],"product_tag":[28],"class_list":{"0":"post-20520","1":"product","2":"type-product","3":"status-publish","4":"has-post-thumbnail","6":"product_cat-cuentos","7":"product_tag-award-winners","8":"sales-flash-overlay","9":"woocommerce-text-align-center","10":"woocommerce-image-align-center","11":"do-quantity-buttons","13":"first","14":"outofstock","15":"shipping-taxable","16":"purchasable","17":"product-type-variable"},"_links":{"self":[{"href":"https:\/\/mybookselling.velqorumholding.ee\/mbs2023\/wp-json\/wp\/v2\/product\/20520","targetHints":{"allow":["GET"]}}],"collection":[{"href":"https:\/\/mybookselling.velqorumholding.ee\/mbs2023\/wp-json\/wp\/v2\/product"}],"about":[{"href":"https:\/\/mybookselling.velqorumholding.ee\/mbs2023\/wp-json\/wp\/v2\/types\/product"}],"wp:featuredmedia":[{"embeddable":true,"href":"https:\/\/mybookselling.velqorumholding.ee\/mbs2023\/wp-json\/wp\/v2\/media\/20526"}],"wp:attachment":[{"href":"https:\/\/mybookselling.velqorumholding.ee\/mbs2023\/wp-json\/wp\/v2\/media?parent=20520"}],"wp:term":[{"taxonomy":"product_brand","embeddable":true,"href":"https:\/\/mybookselling.velqorumholding.ee\/mbs2023\/wp-json\/wp\/v2\/product_brand?post=20520"},{"taxonomy":"product_cat","embeddable":true,"href":"https:\/\/mybookselling.velqorumholding.ee\/mbs2023\/wp-json\/wp\/v2\/product_cat?post=20520"},{"taxonomy":"product_tag","embeddable":true,"href":"https:\/\/mybookselling.velqorumholding.ee\/mbs2023\/wp-json\/wp\/v2\/product_tag?post=20520"}],"curies":[{"name":"wp","href":"https:\/\/api.w.org\/{rel}","templated":true}]}}