{"id":20448,"date":"2022-12-20T17:33:00","date_gmt":"2022-12-20T17:33:00","guid":{"rendered":"https:\/\/mybookselling.store\/?post_type=product&amp;p=20448"},"modified":"2025-01-06T21:47:09","modified_gmt":"2025-01-06T21:47:09","slug":"naranjo","status":"publish","type":"product","link":"https:\/\/mybookselling.velqorumholding.ee\/mbs2023\/title\/naranjo\/","title":{"rendered":"Naranjo"},"content":{"rendered":"<p>Con la tinta exprimida del fruto del naranjo, la autora mexicana Minerva Velasco nos invita a acompasar cada latido de sus emociones, memorias, esperanzas, anhelos y frustraciones sobre el papel. Naranjo \u2013nos dice\u2013 es ese \u00e1rbol donde me escondo a so\u00f1ar; ese testigo de mis desvelos, amores y amantes pasajeros. Es mi rinc\u00f3n favorito para gritar con libertad aquello que he guardado con recelo.<\/p>\n<p><strong>Naranjo. Setenta y ocho piezas l\u00edricas es la obra que recoge a\u00f1os de recopilaci\u00f3n l\u00edrica y que representa la metamorfosis de quien se hace a s\u00ed misma a golpe de verso.<\/strong><\/p>\n<p><i>#naranjolibro #minervavelasco<\/i><\/p>\n","protected":false},"excerpt":{"rendered":"<p>Con la tinta exprimida del fruto del naranjo, la autora mexicana Minerva Velasco nos invita a acompasar cada latido de sus emociones, memorias, esperanzas, anhelos y frustraciones sobre el papel. Naranjo \u2013nos dice\u2013 es ese \u00e1rbol donde me escondo a so\u00f1ar; ese testigo de mis desvelos, amores y amantes pasajeros. Es mi rinc\u00f3n favorito para gritar con libertad aquello que he guardado con recelo.<\/p>\n<p><strong>Naranjo. Setenta y ocho piezas l\u00edricas es la obra que recoge a\u00f1os de recopilaci\u00f3n l\u00edrica y que representa la metamorfosis de quien se hace a s\u00ed misma a golpe de verso.<\/strong><\/p>\n","protected":false},"featured_media":20450,"template":"","meta":[],"product_brand":[],"product_cat":[62],"product_tag":[28],"class_list":{"0":"post-20448","1":"product","2":"type-product","3":"status-publish","4":"has-post-thumbnail","6":"product_cat-poesia","7":"product_tag-award-winners","8":"sales-flash-overlay","9":"woocommerce-text-align-center","10":"woocommerce-image-align-center","11":"do-quantity-buttons","13":"first","14":"outofstock","15":"shipping-taxable","16":"purchasable","17":"product-type-variable"},"_links":{"self":[{"href":"https:\/\/mybookselling.velqorumholding.ee\/mbs2023\/wp-json\/wp\/v2\/product\/20448","targetHints":{"allow":["GET"]}}],"collection":[{"href":"https:\/\/mybookselling.velqorumholding.ee\/mbs2023\/wp-json\/wp\/v2\/product"}],"about":[{"href":"https:\/\/mybookselling.velqorumholding.ee\/mbs2023\/wp-json\/wp\/v2\/types\/product"}],"wp:featuredmedia":[{"embeddable":true,"href":"https:\/\/mybookselling.velqorumholding.ee\/mbs2023\/wp-json\/wp\/v2\/media\/20450"}],"wp:attachment":[{"href":"https:\/\/mybookselling.velqorumholding.ee\/mbs2023\/wp-json\/wp\/v2\/media?parent=20448"}],"wp:term":[{"taxonomy":"product_brand","embeddable":true,"href":"https:\/\/mybookselling.velqorumholding.ee\/mbs2023\/wp-json\/wp\/v2\/product_brand?post=20448"},{"taxonomy":"product_cat","embeddable":true,"href":"https:\/\/mybookselling.velqorumholding.ee\/mbs2023\/wp-json\/wp\/v2\/product_cat?post=20448"},{"taxonomy":"product_tag","embeddable":true,"href":"https:\/\/mybookselling.velqorumholding.ee\/mbs2023\/wp-json\/wp\/v2\/product_tag?post=20448"}],"curies":[{"name":"wp","href":"https:\/\/api.w.org\/{rel}","templated":true}]}}