{"id":20437,"date":"2022-12-20T16:35:54","date_gmt":"2022-12-20T16:35:54","guid":{"rendered":"https:\/\/mybookselling.store\/?post_type=product&#038;p=20437"},"modified":"2025-01-06T21:47:09","modified_gmt":"2025-01-06T21:47:09","slug":"senores-del-salitre","status":"publish","type":"product","link":"https:\/\/mybookselling.velqorumholding.ee\/mbs2023\/title\/senores-del-salitre\/","title":{"rendered":"Se\u00f1ores del Salitre"},"content":{"rendered":"<p>Tras la firma del acuerdo de Paz que puso fin a la Guerra del Salitre, se pronosticaban tiempos esplendorosos para Chile. No obstante, la ambici\u00f3n desmedida de un empresario y la desidia de los pol\u00edticos arrastran a la naci\u00f3n chilena a un nuevo enfrentamiento armado; en esta ocasi\u00f3n, contra su propio pueblo.<span class=\"Apple-converted-space\">\u00a0<\/span>Durante este episodio sangriento, cuatro personajes destacados cruzar\u00e1n misivas y compartir\u00e1n los sue\u00f1os y las penurias en pos de la defensa de sus ideales.<\/p>\n<p><strong>Se\u00f1ores del Salitre es la \u00faltima novela del chileno Franco \u00c1lvarez, quien tras una exhausta investigaci\u00f3n sobre la guerra civil de 1891, nos presenta esta trama interesante y ucr\u00f3nica.<\/strong><\/p>\n<p><em>#senoresdelsalitre #francoalvarez<\/em><\/p>\n<div class=\"_df_book df-lite\" id=\"df_20444\"  _slug=\"senores-del-salitre\" data-title=\"senores-del-salitre\" wpoptions=\"true\" thumbtype=\"\" ><\/div><script class=\"df-shortcode-script\" nowprocket type=\"application\/javascript\">window.option_df_20444 = {\"outline\":[],\"autoEnableOutline\":\"false\",\"autoEnableThumbnail\":\"false\",\"overwritePDFOutline\":\"false\",\"direction\":\"1\",\"pageSize\":\"0\",\"source\":\"https:\\\/\\\/mybookselling.store\\\/wp-content\\\/uploads\\\/2022\\\/12\\\/Senores-del-Salitre-extracto.pdf\",\"wpOptions\":\"true\"}; if(window.DFLIP && window.DFLIP.parseBooks){window.DFLIP.parseBooks();}<\/script>\n","protected":false},"excerpt":{"rendered":"<p>Tras la firma del acuerdo de Paz que puso fin a la Guerra del Salitre, se pronosticaban tiempos esplendorosos para Chile. No obstante, la ambici\u00f3n desmedida de un empresario y la desidia de los pol\u00edticos arrastran a la naci\u00f3n chilena a un nuevo enfrentamiento armado; en esta ocasi\u00f3n, contra su propio pueblo. Durante este episodio sangriento, cuatro personajes destacados cruzar\u00e1n misivas y compartir\u00e1n los sue\u00f1os y las penurias en pos de la defensa de sus ideales.<\/p>\n<p><strong>Se\u00f1ores del Salitre es la \u00faltima novela del chileno Franco \u00c1lvarez, quien tras una exhausta investigaci\u00f3n sobre la guerra civil de 1891, nos presenta esta trama interesante y ucr\u00f3nica.<\/strong><\/p>\n","protected":false},"featured_media":23411,"template":"","meta":[],"product_brand":[],"product_cat":[21],"product_tag":[28],"class_list":{"0":"post-20437","1":"product","2":"type-product","3":"status-publish","4":"has-post-thumbnail","6":"product_cat-drama","7":"product_tag-award-winners","8":"sales-flash-overlay","9":"woocommerce-text-align-center","10":"woocommerce-image-align-center","11":"do-quantity-buttons","13":"first","14":"instock","15":"shipping-taxable","16":"purchasable","17":"product-type-simple"},"_links":{"self":[{"href":"https:\/\/mybookselling.velqorumholding.ee\/mbs2023\/wp-json\/wp\/v2\/product\/20437","targetHints":{"allow":["GET"]}}],"collection":[{"href":"https:\/\/mybookselling.velqorumholding.ee\/mbs2023\/wp-json\/wp\/v2\/product"}],"about":[{"href":"https:\/\/mybookselling.velqorumholding.ee\/mbs2023\/wp-json\/wp\/v2\/types\/product"}],"wp:featuredmedia":[{"embeddable":true,"href":"https:\/\/mybookselling.velqorumholding.ee\/mbs2023\/wp-json\/wp\/v2\/media\/23411"}],"wp:attachment":[{"href":"https:\/\/mybookselling.velqorumholding.ee\/mbs2023\/wp-json\/wp\/v2\/media?parent=20437"}],"wp:term":[{"taxonomy":"product_brand","embeddable":true,"href":"https:\/\/mybookselling.velqorumholding.ee\/mbs2023\/wp-json\/wp\/v2\/product_brand?post=20437"},{"taxonomy":"product_cat","embeddable":true,"href":"https:\/\/mybookselling.velqorumholding.ee\/mbs2023\/wp-json\/wp\/v2\/product_cat?post=20437"},{"taxonomy":"product_tag","embeddable":true,"href":"https:\/\/mybookselling.velqorumholding.ee\/mbs2023\/wp-json\/wp\/v2\/product_tag?post=20437"}],"curies":[{"name":"wp","href":"https:\/\/api.w.org\/{rel}","templated":true}]}}