{"id":20398,"date":"2022-12-12T18:05:34","date_gmt":"2022-12-12T18:05:34","guid":{"rendered":"https:\/\/mybookselling.store\/?post_type=product&amp;p=20398"},"modified":"2025-01-06T21:47:09","modified_gmt":"2025-01-06T21:47:09","slug":"insueno-el-sueno-creador","status":"publish","type":"product","link":"https:\/\/mybookselling.velqorumholding.ee\/mbs2023\/title\/insueno-el-sueno-creador\/","title":{"rendered":"Insue\u00f1o. El sue\u00f1o creador"},"content":{"rendered":"<p>Tras a\u00f1os de investigaciones a escala mundial, los neurocient\u00edficos descubren que es posible vivir en mundos paralelos a trav\u00e9s de la inducci\u00f3n al sue\u00f1o. Lo que en un principio parece la soluci\u00f3n id\u00f3nea para solventar los problemas que acucian al mundo actual, pronto se torna un problema cuando los habitantes de los mundos on\u00edricos advierten de la presencia humana y desean entablar comunicaci\u00f3n, junto a la apropiaci\u00f3n de la c\u00e1psula del <i>sue\u00f1o creador<\/i> en manos de la \u00e9lite mundial.<span class=\"Apple-converted-space\">\u00a0<\/span><\/p>\n<p><b><i>Insue\u00f1o: el sue\u00f1o creador<\/i> es la \u00f3pera prima del nicarag\u00fcense Juan Libertad Mora, que incursiona en el g\u00e9nero de ciencia ficci\u00f3n, incorporando amplias dosis de pensamiento metaf\u00edsico.<\/b><\/p>\n<p><i>#insueno #juanlibertadmora<\/i><\/p>\n<div class=\"_df_book df-lite\" id=\"df_20402\"  _slug=\"insueno\" data-title=\"insueno\" wpoptions=\"true\" thumbtype=\"\" ><\/div><script class=\"df-shortcode-script\" nowprocket type=\"application\/javascript\">window.option_df_20402 = {\"outline\":[],\"autoEnableOutline\":\"false\",\"autoEnableThumbnail\":\"false\",\"overwritePDFOutline\":\"false\",\"direction\":\"1\",\"pageSize\":\"0\",\"source\":\"https:\\\/\\\/mybookselling.store\\\/wp-content\\\/uploads\\\/2022\\\/12\\\/Insueno-Print.pdf\",\"wpOptions\":\"true\"}; if(window.DFLIP && window.DFLIP.parseBooks){window.DFLIP.parseBooks();}<\/script>\n","protected":false},"excerpt":{"rendered":"<p>Tras a\u00f1os de investigaciones a escala mundial, los neurocient\u00edficos descubren que es posible vivir en mundos paralelos a trav\u00e9s de la inducci\u00f3n al sue\u00f1o. Lo que en un principio parece la soluci\u00f3n id\u00f3nea para solventar los problemas que acucian al mundo actual, pronto se torna un problema cuando los habitantes de los mundos on\u00edricos advierten de la presencia humana y desean entablar comunicaci\u00f3n, junto a la apropiaci\u00f3n de la c\u00e1psula del <i>sue\u00f1o creador<\/i> en manos de la \u00e9lite mundial.<span class=\"Apple-converted-space\">\u00a0<\/span><\/p>\n<p><b><i>Insue\u00f1o: el sue\u00f1o creador<\/i> es la \u00f3pera prima del nicarag\u00fcense Juan Libertad Mora, que incursiona en el g\u00e9nero de ciencia ficci\u00f3n, incorporando amplias dosis de pensamiento metaf\u00edsico.<\/b><\/p>\n","protected":false},"featured_media":20396,"template":"","meta":[],"product_brand":[],"product_cat":[55],"product_tag":[28],"class_list":{"0":"post-20398","1":"product","2":"type-product","3":"status-publish","4":"has-post-thumbnail","6":"product_cat-ciencia-ficcion","7":"product_tag-award-winners","8":"sales-flash-overlay","9":"woocommerce-text-align-center","10":"woocommerce-image-align-center","11":"do-quantity-buttons","13":"first","14":"outofstock","15":"shipping-taxable","16":"purchasable","17":"product-type-variable"},"_links":{"self":[{"href":"https:\/\/mybookselling.velqorumholding.ee\/mbs2023\/wp-json\/wp\/v2\/product\/20398","targetHints":{"allow":["GET"]}}],"collection":[{"href":"https:\/\/mybookselling.velqorumholding.ee\/mbs2023\/wp-json\/wp\/v2\/product"}],"about":[{"href":"https:\/\/mybookselling.velqorumholding.ee\/mbs2023\/wp-json\/wp\/v2\/types\/product"}],"wp:featuredmedia":[{"embeddable":true,"href":"https:\/\/mybookselling.velqorumholding.ee\/mbs2023\/wp-json\/wp\/v2\/media\/20396"}],"wp:attachment":[{"href":"https:\/\/mybookselling.velqorumholding.ee\/mbs2023\/wp-json\/wp\/v2\/media?parent=20398"}],"wp:term":[{"taxonomy":"product_brand","embeddable":true,"href":"https:\/\/mybookselling.velqorumholding.ee\/mbs2023\/wp-json\/wp\/v2\/product_brand?post=20398"},{"taxonomy":"product_cat","embeddable":true,"href":"https:\/\/mybookselling.velqorumholding.ee\/mbs2023\/wp-json\/wp\/v2\/product_cat?post=20398"},{"taxonomy":"product_tag","embeddable":true,"href":"https:\/\/mybookselling.velqorumholding.ee\/mbs2023\/wp-json\/wp\/v2\/product_tag?post=20398"}],"curies":[{"name":"wp","href":"https:\/\/api.w.org\/{rel}","templated":true}]}}