{"id":3713,"date":"2020-05-26T10:30:22","date_gmt":"2020-05-26T10:30:22","guid":{"rendered":"https:\/\/milibropublicado.online\/?page_id=3713"},"modified":"2023-07-15T20:09:55","modified_gmt":"2023-07-15T20:09:55","slug":"nuestro-equipo","status":"publish","type":"page","link":"https:\/\/mybookselling.velqorumholding.ee\/mbs2023\/nuestro-equipo\/","title":{"rendered":"Nuestro equipo"},"content":{"rendered":"<p>Para qu\u00e9 nacimos<\/p>\n<h1>Aportando valor a los autores<\/h1>\n<p>Somos un equipo de editores profesionales que conocemos el mercado del libro a nivel internacional; desde los autores que ceden los derechos sobre su creaci\u00f3n para obtener, si llega, el 10% de cada venta, hasta quienes invierten inmensa cantidad de dinero para contratar los servicios de falsas editoriales que son, en realidad, imprentas camufladas; llegamos a la conclusi\u00f3n de que el autor independiente del siglo XXI, lejos de ceder su obra o imprimir copias, necesita de un equipo que valore su trabajo y transforme su manuscrito en todo un libro editado y con todas las garant\u00edas para competir en el mercado; y que junto al autor, ambos dos puedan beneficiarse justamente de su mutua contribuci\u00f3n.<\/p>\n<h4>Edici\u00f3n sin costo<\/h4>\n<p>Tu contribuci\u00f3n es la escritura; la nuestra, la edici\u00f3n. Publicamos y vendemos bajo contratos justos y mutuamente beneficiosos.<\/p>\n<h4>Te asesoramos<\/h4>\n<p>Desde el estilo gr\u00e1fico del contenido, hasta el precio que recomendamos, nos tienes a tu lado por email y whatsapp para asesorarte personalmente.<\/p>\n<h4>T\u00fa vendes<\/h4>\n<p>Ver\u00e1s qui\u00e9n compra, desde d\u00f3nde, cu\u00e1ntos ejemplares, qu\u00e9 precio ha pagado y en qu\u00e9 divisa. No tienes que esperar reportes de venta que no llegan.<\/p>\n<h4>Autonom\u00eda<\/h4>\n<p>T\u00fa decides qu\u00e9 precio establecer, cu\u00e1ndo generar cupones de descuento, promociones o retirar las ganancias acumuladas y en qu\u00e9 divisa.<!-- \/.sc_icons --><\/p>\n","protected":false},"excerpt":{"rendered":"<p>Para qu\u00e9 nacimos Aportando valor a los autores Somos un equipo de editores profesionales que conocemos el mercado del libro a nivel internacional; desde los autores que ceden los derechos sobre su creaci\u00f3n para obtener, si llega, el 10% de cada venta, hasta quienes invierten inmensa cantidad de dinero para contratar los servicios de falsas &#8230; <a title=\"Nuestro equipo\" class=\"read-more\" href=\"https:\/\/mybookselling.velqorumholding.ee\/mbs2023\/nuestro-equipo\/\" aria-label=\"M\u00e1s en Nuestro equipo\">Leer m\u00e1s<\/a><\/p>\n","protected":false},"author":1,"featured_media":0,"parent":0,"menu_order":0,"comment_status":"closed","ping_status":"closed","template":"","meta":{"footnotes":""},"class_list":["post-3713","page","type-page","status-publish"],"_links":{"self":[{"href":"https:\/\/mybookselling.velqorumholding.ee\/mbs2023\/wp-json\/wp\/v2\/pages\/3713","targetHints":{"allow":["GET"]}}],"collection":[{"href":"https:\/\/mybookselling.velqorumholding.ee\/mbs2023\/wp-json\/wp\/v2\/pages"}],"about":[{"href":"https:\/\/mybookselling.velqorumholding.ee\/mbs2023\/wp-json\/wp\/v2\/types\/page"}],"author":[{"embeddable":true,"href":"https:\/\/mybookselling.velqorumholding.ee\/mbs2023\/wp-json\/wp\/v2\/users\/1"}],"replies":[{"embeddable":true,"href":"https:\/\/mybookselling.velqorumholding.ee\/mbs2023\/wp-json\/wp\/v2\/comments?post=3713"}],"version-history":[{"count":0,"href":"https:\/\/mybookselling.velqorumholding.ee\/mbs2023\/wp-json\/wp\/v2\/pages\/3713\/revisions"}],"wp:attachment":[{"href":"https:\/\/mybookselling.velqorumholding.ee\/mbs2023\/wp-json\/wp\/v2\/media?parent=3713"}],"curies":[{"name":"wp","href":"https:\/\/api.w.org\/{rel}","templated":true}]}}