{"id":23423,"date":"2023-07-16T11:24:47","date_gmt":"2023-07-16T11:24:47","guid":{"rendered":"https:\/\/mybookselling.velqorumholding.ee\/mbs2023\/?page_id=23423"},"modified":"2023-07-16T11:24:48","modified_gmt":"2023-07-16T11:24:48","slug":"ventajas-sobre-amazon","status":"publish","type":"page","link":"https:\/\/mybookselling.velqorumholding.ee\/mbs2023\/ventajas-sobre-amazon\/","title":{"rendered":"Ventajas sobre Amazon"},"content":{"rendered":"\n<p>Sin duda, para un escritor, editor y librero tener nuestro hueco en el mayor marketplace a nivel global es indispensable. Es f\u00e1cil entender el \u00e9xito de Amazon Kindle Direct Publishing, por supuesto; cualquier persona, sea cual sea su estilo narrativo, el g\u00e9nero de su obra, su estado econ\u00f3mico o condici\u00f3n, puede poner a la venta en cuesti\u00f3n de minutos su libro para que, en unas horas, un lector lo adquiera a miles de kil\u00f3metros de distancia y lo reciba en su domicilio.&nbsp;<\/p>\n\n\n\n<p>Ahora bien, Amazon KDP no es un editor de mesa, editor gr\u00e1fico o productor editorial; su objetivo es que t\u00fa puedas cargar desde tu cuenta un producto (tu libro) y que tras cada adquisici\u00f3n, cobre el 60% del precio final; monto sobre el que (no lo olvidemos) el autor debe descontar el costo de impresi\u00f3n, del que tambi\u00e9n se lucra. As\u00ed, si tenemos en cuenta el verdadero negocio de Amazon, no es de extra\u00f1ar que muchas sean las ocasiones en que recibimos como lectores un libro adquirido en Amazon&#8230; lleno de errores ortogr\u00e1ficos, ausencia de signos de puntuaci\u00f3n, incoherencias conceptuales, etc.&nbsp;<\/p>\n\n\n\n<h6 class=\"wp-block-heading\" id=\"h-amazon-kdp-vende-un-producto-creado-por-el-autor-mybookselling-online-vende-un-producto-que-ha-pasado-por-las-manos-de-un-equipo-de-editores-que-lo-ha-estudiado-diagramado-generado-una-cubierta-adecuada-al-tipo-de-lector-objetivo-y-que-ademas-puede-llegar-a-generar-mejores-ingresos-en-la-cartera-del-autor\"><strong>Amazon KDP vende un producto creado por el autor; mybookselling.online vende un producto que ha pasado por las manos de un equipo de editores, que lo ha estudiado, diagramado, generado una cubierta adecuada al tipo de lector objetivo y que, adem\u00e1s, puede llegar a generar mejores ingresos en la cartera del autor.<\/strong><\/h6>\n\n\n\n<p>Y es que milibropublicado.online, como plataforma de publicaci\u00f3n asistida, ofrece t\u00edtulos de calidad, que han sido validados y que, gracias a este proceso, la imagen del autor no se compromete en ning\u00fan momento. Adem\u00e1s, el autor es en todo momento quien decide qu\u00e9 precio fijar y qu\u00e9 promociones desea ejecutar.<\/p>\n\n\n\n<h6 class=\"wp-block-heading\"><strong>T\u00fa decides qu\u00e9 precio tiene tu libro, qu\u00e9 descuentos, promociones y cupones vas a gestionar y aplicar; con reporte actualizado de ventas en todo momento.<\/strong><\/h6>\n\n\n\n<p>Y es que en\u00a0<strong>mybookselling.online<\/strong>, el autor y nosotros somos un equipo unido, ya que con cada paso que damos, el beneficio de cada venta es mutuo. Por eso, tienes a tu disposici\u00f3n tu \u00e1rea personal donde en todo momento puedes registrar y cargar los archivos de un nuevo libro, dar de baja o pausar la venta de un libro ya publicado, estar informado en tiempo real de forma automatizada de las ventas que has generado y el cr\u00e9dito a tu favor, pudiendo solicitarlo cuando desees.\u00a0<\/p>\n\n\n\n<h6 class=\"wp-block-heading\"><strong>T\u00fa decides qu\u00e9 precio tiene tu libro, qu\u00e9 descuentos, promociones y cupones vas a gestionar y aplicar; con reporte actualizado de ventas en todo momento.<\/strong><\/h6>\n\n\n\n<p>Y es que en&nbsp;<strong>mybookselling.online<\/strong>, el autor y nosotros somos un equipo unido, ya que con cada paso que damos, el beneficio de cada venta es mutuo. Por eso, tienes a tu disposici\u00f3n tu \u00e1rea personal donde en todo momento puedes registrar y cargar los archivos de un nuevo libro, dar de baja o pausar la venta de un libro ya publicado, estar informado en tiempo real de forma automatizada de las ventas que has generado y el cr\u00e9dito a tu favor, pudiendo solicitarlo cuando desees.&nbsp;<\/p>\n","protected":false},"excerpt":{"rendered":"<p>Sin duda, para un escritor, editor y librero tener nuestro hueco en el mayor marketplace a nivel global es indispensable. Es f\u00e1cil entender el \u00e9xito de Amazon Kindle Direct Publishing, por supuesto; cualquier persona, sea cual sea su estilo narrativo, el g\u00e9nero de su obra, su estado econ\u00f3mico o condici\u00f3n, puede poner a la venta &#8230; <a title=\"Ventajas sobre Amazon\" class=\"read-more\" href=\"https:\/\/mybookselling.velqorumholding.ee\/mbs2023\/ventajas-sobre-amazon\/\" aria-label=\"M\u00e1s en Ventajas sobre Amazon\">Leer m\u00e1s<\/a><\/p>\n","protected":false},"author":1,"featured_media":0,"parent":0,"menu_order":0,"comment_status":"closed","ping_status":"closed","template":"","meta":{"footnotes":""},"class_list":["post-23423","page","type-page","status-publish"],"_links":{"self":[{"href":"https:\/\/mybookselling.velqorumholding.ee\/mbs2023\/wp-json\/wp\/v2\/pages\/23423","targetHints":{"allow":["GET"]}}],"collection":[{"href":"https:\/\/mybookselling.velqorumholding.ee\/mbs2023\/wp-json\/wp\/v2\/pages"}],"about":[{"href":"https:\/\/mybookselling.velqorumholding.ee\/mbs2023\/wp-json\/wp\/v2\/types\/page"}],"author":[{"embeddable":true,"href":"https:\/\/mybookselling.velqorumholding.ee\/mbs2023\/wp-json\/wp\/v2\/users\/1"}],"replies":[{"embeddable":true,"href":"https:\/\/mybookselling.velqorumholding.ee\/mbs2023\/wp-json\/wp\/v2\/comments?post=23423"}],"version-history":[{"count":0,"href":"https:\/\/mybookselling.velqorumholding.ee\/mbs2023\/wp-json\/wp\/v2\/pages\/23423\/revisions"}],"wp:attachment":[{"href":"https:\/\/mybookselling.velqorumholding.ee\/mbs2023\/wp-json\/wp\/v2\/media?parent=23423"}],"curies":[{"name":"wp","href":"https:\/\/api.w.org\/{rel}","templated":true}]}}