{"id":23419,"date":"2023-07-16T11:21:36","date_gmt":"2023-07-16T11:21:36","guid":{"rendered":"https:\/\/mybookselling.velqorumholding.ee\/mbs2023\/?page_id=23419"},"modified":"2023-07-16T11:22:23","modified_gmt":"2023-07-16T11:22:23","slug":"publicamos-y-distribuimos","status":"publish","type":"page","link":"https:\/\/mybookselling.velqorumholding.ee\/mbs2023\/publicamos-y-distribuimos\/","title":{"rendered":"Publicamos y distribuimos"},"content":{"rendered":"<div class=\"wp-block-image\">\n<figure class=\"aligncenter size-full\"><img loading=\"lazy\" decoding=\"async\" width=\"2560\" height=\"960\" src=\"https:\/\/mybookselling.velqorumholding.ee\/mbs2023\/wp-content\/uploads\/2023\/07\/booklovers_slide-1-copyright1.jpg\" alt=\"\" class=\"wp-image-23410\"\/><\/figure>\n<\/div>\n\n\n<p>Somos conscientes de la situaci\u00f3n del mercado editorial y del extenso desconocimiento por parte de los agentes de la cadena de valor del libro. Desde el autor que ha puesto punto y final a meses o a\u00f1os de trabajo, hasta el lector al que no se le garantiza la calidad del libro que desea adquirir en Amazon; vivimos inmersos en un mundo en constante transformaci\u00f3n.&nbsp;<\/p>\n\n\n\n<h2 class=\"wp-block-heading\" id=\"h-no-somos-editorial-de-autoedicion\">No somos editorial de autoedici\u00f3n<\/h2>\n\n\n\n<p>Lo primero que debes saber es que no ofrecemos un paquete de servicios con unos supuestos beneficios a medio o largo plazo. No vendemos promesas de \u00e9xito ni proveemos de servicios de colocaci\u00f3n en librer\u00edas que, en el mejor de los casos, llegan a unos pocos locales y no siempre con el \u00e9xito que se espera.&nbsp;<\/p>\n\n\n\n<p>Todos conocemos compa\u00f1\u00edas afamadas que durante a\u00f1os han promovido la imagen rom\u00e1ntica del autor que por un m\u00f3dico precio es capaz de distribuir a nivel nacional e internacional su libro y generar ping\u00fces beneficios. En la mayor\u00eda de los casos, los autores ven con desilusi\u00f3n c\u00f3mo, al cabo de un tiempo, la editorial deja de prestar atenci\u00f3n a su obra. \u00bfSabes por qu\u00e9? Porque su negocio no es comercializar tu libro, sino sus servicios de edici\u00f3n. \u00a1Y esto no es negativo! Prestan un servicio profesional para generar un buen producto comercial. Pero todas tienen algo en com\u00fan: una vez editado y publicado, no prestan la debida importancia a la log\u00edstica ni promoci\u00f3n de la obra.<\/p>\n\n\n\n<p>Frente a este modelo que consideramos insuficiente,&nbsp;<strong>mybookselling.online<\/strong>&nbsp;ofrece la posibilidad de&nbsp;<strong>publicar un libro profesionalmente editado sin que el autor deba asumir una inversi\u00f3n<\/strong>&nbsp;que no siempre puede enfrentar. As\u00ed, nosotros comercializamos la obra, a cambio de un porcentaje peque\u00f1o con cada venta y preocup\u00e1ndonos de que cada ejemplar adquirido sea producido con los adecuados est\u00e1ndares de calidad en cada uno de los pa\u00edses de nuestra red.<\/p>\n\n\n\n<h6 class=\"wp-block-heading\" id=\"h-tu-libro-estara-a-la-venta-en-la-red-logistica-de-mybookselling-online-a-nivel-global-que-mantiene-acuerdos-con-las-principales-imprentas-de-diferentes-paises-y-acuerdos-de-empresas-de-paqueteria-para-que-a-un-tiempo-record-y-con-calidad-editorial-tus-lectores-reciban-tu-libro-en-sus-manos\">Tu libro estar\u00e1 a la venta en la red log\u00edstica de&nbsp;<strong>mybookselling.online<\/strong>&nbsp;a nivel global, que mantiene acuerdos con las principales imprentas de diferentes pa\u00edses y acuerdos de empresas de paqueter\u00eda para que a un tiempo r\u00e9cord y con calidad editorial, tus lectores reciban tu libro en sus manos.<\/h6>\n\n\n\n<p>D\u00e9janos abajo tus datos y te asesoraremos sin compromiso para que puedas beneficiarte de nuestra modalidad de trabajo y nuestra red de distribuci\u00f3n a nivel nacional e internacional. Estaremos encantados de hablar sobre tu libro.<\/p>\n","protected":false},"excerpt":{"rendered":"<p>Somos conscientes de la situaci\u00f3n del mercado editorial y del extenso desconocimiento por parte de los agentes de la cadena de valor del libro. Desde el autor que ha puesto punto y final a meses o a\u00f1os de trabajo, hasta el lector al que no se le garantiza la calidad del libro que desea adquirir &#8230; <a title=\"Publicamos y distribuimos\" class=\"read-more\" href=\"https:\/\/mybookselling.velqorumholding.ee\/mbs2023\/publicamos-y-distribuimos\/\" aria-label=\"M\u00e1s en Publicamos y distribuimos\">Leer m\u00e1s<\/a><\/p>\n","protected":false},"author":1,"featured_media":0,"parent":0,"menu_order":0,"comment_status":"closed","ping_status":"closed","template":"","meta":{"footnotes":""},"class_list":["post-23419","page","type-page","status-publish"],"_links":{"self":[{"href":"https:\/\/mybookselling.velqorumholding.ee\/mbs2023\/wp-json\/wp\/v2\/pages\/23419","targetHints":{"allow":["GET"]}}],"collection":[{"href":"https:\/\/mybookselling.velqorumholding.ee\/mbs2023\/wp-json\/wp\/v2\/pages"}],"about":[{"href":"https:\/\/mybookselling.velqorumholding.ee\/mbs2023\/wp-json\/wp\/v2\/types\/page"}],"author":[{"embeddable":true,"href":"https:\/\/mybookselling.velqorumholding.ee\/mbs2023\/wp-json\/wp\/v2\/users\/1"}],"replies":[{"embeddable":true,"href":"https:\/\/mybookselling.velqorumholding.ee\/mbs2023\/wp-json\/wp\/v2\/comments?post=23419"}],"version-history":[{"count":0,"href":"https:\/\/mybookselling.velqorumholding.ee\/mbs2023\/wp-json\/wp\/v2\/pages\/23419\/revisions"}],"wp:attachment":[{"href":"https:\/\/mybookselling.velqorumholding.ee\/mbs2023\/wp-json\/wp\/v2\/media?parent=23419"}],"curies":[{"name":"wp","href":"https:\/\/api.w.org\/{rel}","templated":true}]}}