{"id":20245,"date":"2022-11-23T17:09:56","date_gmt":"2022-11-23T17:09:56","guid":{"rendered":"https:\/\/mybookselling.store\/?page_id=20245"},"modified":"2023-07-15T20:12:13","modified_gmt":"2023-07-15T20:12:13","slug":"inicio-edicion-gratis","status":"publish","type":"page","link":"https:\/\/mybookselling.velqorumholding.ee\/mbs2023\/inicio-edicion-gratis\/","title":{"rendered":"Inicio de edici\u00f3n"},"content":{"rendered":"<p>Vamos a iniciar el proceso de edici\u00f3n<br \/>\nTen en consideraci\u00f3n que el proceso de publicaci\u00f3n supone que tu libro estar\u00e1 a la venta a nivel internacional, por lo que tus lectores van a conocer tu trabajo, editado con los datos que aqu\u00ed nos env\u00edes. Por favor, t\u00f3mate el tiempo necesario para responder.<\/p>\n<p><strong>(Estamos trabajando en un mejor formato de formulario. Puedes enviar tu manuscrito a info@mybookselling.online y te daremos respuesta a la mayor brevedad. Disculpe la molestia).<\/strong><\/p>\n","protected":false},"excerpt":{"rendered":"<p>Vamos a iniciar el proceso de edici\u00f3n Ten en consideraci\u00f3n que el proceso de publicaci\u00f3n supone que tu libro estar\u00e1 a la venta a nivel internacional, por lo que tus lectores van a conocer tu trabajo, editado con los datos que aqu\u00ed nos env\u00edes. Por favor, t\u00f3mate el tiempo necesario para responder. (Estamos trabajando en &#8230; <a title=\"Inicio de edici\u00f3n\" class=\"read-more\" href=\"https:\/\/mybookselling.velqorumholding.ee\/mbs2023\/inicio-edicion-gratis\/\" aria-label=\"M\u00e1s en Inicio de edici\u00f3n\">Leer m\u00e1s<\/a><\/p>\n","protected":false},"author":1,"featured_media":0,"parent":0,"menu_order":0,"comment_status":"closed","ping_status":"closed","template":"","meta":{"footnotes":""},"class_list":["post-20245","page","type-page","status-publish"],"_links":{"self":[{"href":"https:\/\/mybookselling.velqorumholding.ee\/mbs2023\/wp-json\/wp\/v2\/pages\/20245","targetHints":{"allow":["GET"]}}],"collection":[{"href":"https:\/\/mybookselling.velqorumholding.ee\/mbs2023\/wp-json\/wp\/v2\/pages"}],"about":[{"href":"https:\/\/mybookselling.velqorumholding.ee\/mbs2023\/wp-json\/wp\/v2\/types\/page"}],"author":[{"embeddable":true,"href":"https:\/\/mybookselling.velqorumholding.ee\/mbs2023\/wp-json\/wp\/v2\/users\/1"}],"replies":[{"embeddable":true,"href":"https:\/\/mybookselling.velqorumholding.ee\/mbs2023\/wp-json\/wp\/v2\/comments?post=20245"}],"version-history":[{"count":0,"href":"https:\/\/mybookselling.velqorumholding.ee\/mbs2023\/wp-json\/wp\/v2\/pages\/20245\/revisions"}],"wp:attachment":[{"href":"https:\/\/mybookselling.velqorumholding.ee\/mbs2023\/wp-json\/wp\/v2\/media?parent=20245"}],"curies":[{"name":"wp","href":"https:\/\/api.w.org\/{rel}","templated":true}]}}