{"id":19659,"date":"2022-10-11T18:48:07","date_gmt":"2022-10-11T18:48:07","guid":{"rendered":"https:\/\/milibropublicado.online\/?page_id=19659"},"modified":"2022-10-11T18:48:07","modified_gmt":"2022-10-11T18:48:07","slug":"preguntas-frecuentes","status":"publish","type":"page","link":"https:\/\/mybookselling.velqorumholding.ee\/mbs2023\/preguntas-frecuentes\/","title":{"rendered":"Preguntas frecuentes"},"content":{"rendered":"<p><a href=\"\">\u00bfConservar\u00e9 mis derechos autorales sobre mi libro?<\/a><\/p>\n<p style=\"font-weight: 400;\">Si algo preocupa a muchos autores es qu\u00e9 ocurrir\u00e1 con los derechos que posee sobre su creaci\u00f3n. \u00bfQu\u00e9 puede hacer o no mybookselling.online con el manuscrito?<\/p>\n<p style=\"font-weight: 400;\">Nuestro trabajo consistir\u00e1 en valorar tu manuscrito y si lo consideramos apto, procederemos a trabajar en la diagramaci\u00f3n del contenido. Por supuesto, te mostraremos el resultado antes de su publicaci\u00f3n, para que apruebes el resultado. <strong>Y es que nunca publicaremos un libro que no cuente con tu aprobaci\u00f3n expl\u00edcita por escrito<\/strong>. Por tanto, al mantener tus derechos sobre el libro, podr\u00e1s decidir sus acabados, sin miedo y con nuestro asesoramiento constante.<\/p>\n<p>\t\t\t\t\t\t\t\t\t\t\t\t<a href=\"\">\u00bfY si quiero rescindir mi contrato con mybookselling.online?<\/a><\/p>\n<p style=\"font-weight: 400;\">Frente a editoriales tradicionales y de autoedici\u00f3n, nosotros no aplicamos cl\u00e1usulas de permanencia, pero s\u00ed pedimos al autor que se comprometa a mantener en la plataforma el libro, para que lo comercialicemos un\u00a0<strong>m\u00ednimo de dos meses<\/strong>. Pasado ese tiempo, rescidimos el contrato sin ning\u00fan problema.<\/p>\n<p>\t\t\t\t\t\t\t\t\t\t\t\t<a href=\"\">\u00bfDebo pagar algo?<\/a><\/p>\n<p>Nosotros somos plataforma de publicaci\u00f3n, venta y distribuci\u00f3n de tus libros, no somos editorial de autoedici\u00f3n, por lo que\u00a0<b>no cobramos un pack de servicios, ni por maquetar, ni por dise\u00f1ar las cubiertas, ni gestionar los aspectos legales\u00a0<\/b>de tu libro. \u00a1Eso nos diferencia!\u00a0<\/p>\n<p style=\"font-weight: 400;\">No obstante, y aunque el proceso de edici\u00f3n gr\u00e1fica y gesti\u00f3n no se factura, existe una cuota de registro del libro en nuestra red de distribuci\u00f3n.\u00a0<strong>Esta cuota es un \u00fanico pago de 89 euros<\/strong>\u00a0<strong>y solo se abona una vez<\/strong>, por lo que el libro puede estar a la venta durante a\u00f1os con nosotros sin que tengas que afrontar costes mensuales o anuales. En otras palabras, desde que contactas con nosotros despu\u00e9s de visitar nuestra web, hasta que ingresas regal\u00edas por las ventas, solo debes abonar la cuota. Ni un solo euro m\u00e1s.\u00a0<\/p>\n<p>Con el abono de la cuota \u00fanica, conseguiremos que el libro pertenezca al fondo editorial de nuestra plataforma y que est\u00e9 operativo en los pa\u00edses en los que milibropublicado.online vende, imprime y env\u00eda tu libro.\u00a0<\/p>\n<p>\t\t\t\t\t\t\t\t\t\t\t\t<a href=\"\">\u00bfY si mi libro no est\u00e1 corregido?<\/a><\/p>\n<p>Nuestro equipo de editores inicia un proceso de validaci\u00f3n. Este proceso consiste en verificar que el libro cuenta con unos m\u00ednimos de calidad literaria. Si no cumpliera esta condici\u00f3n indispensable, lament\u00e1ndolo mucho, no podremos trabajar con tu manuscrito. En estos casos,\u00a0<b>nuestro departamento de Lectura puede leerlo, analizarlo, mejorar la narraci\u00f3n, eliminar, incluir o modificar parcialmente el contenido, as\u00ed como corregir todos los errores ortogr\u00e1ficos, gramaticales y sint\u00e1cticos\u00a0<\/b>que tenga tu manuscrito. Este servicio es adicional, por lo que es el \u00fanico servicio que no incluimos en nuestro trabajo. Por ello,\u00a0<b>para poder acceder a \u00e9l, deberemos enviarte una propuesta.<\/b><\/p>\n<p style=\"font-weight: 400;\">Eso s\u00ed: nuestros precios y plazos son muy interesantes. Por ejemplo, para un libro de 17000 matrices (en torno a 50 p\u00e1ginas), el servicio adicional de lectura y correcci\u00f3n es de 17 euros. Y lo entregamos en 5 d\u00edas h\u00e1biles.\u00a0<\/p>\n<p>\t\t\t\t\t\t\t\t\t\t\t\t<a href=\"\">\u00bfPuedo tener mi libro publicado en otros marketplaces como Amazon o en versi\u00f3n digital?<\/a><\/p>\n<p style=\"font-weight: 400;\"><strong>S\u00ed, nosotros no firmamos cl\u00e1usulas de exclusividad<\/strong>, por lo que puedes tener tu libro a la venta en varias webs o librer\u00edas online. No obstante, nuestra recomendaci\u00f3n es que trates de dirigir a tus compradores a nuestra plataforma, ya que t\u00fa, como autor, generas beneficio por cada venta.\u00a0<\/p>\n<p>\t\t\t\t\t\t\t\t\t\t\t\t<a href=\"\">\u00bfQui\u00e9n paga los costes de env\u00edo de mi libro al domicilio del comprador?<\/a><\/p>\n<p style=\"font-weight: 400;\">Una vez que se produce una venta de tu libro, el comprador abona el precio total del libro as\u00ed como los portes de env\u00edo (como en cualquier librer\u00eda online). Estos costes de distribuci\u00f3n, gracias a nuestros acuerdos, son verdaderamente competitivos (entre 4 y 7 euros), frente a los portes que cobran plataformas como Amazon a aquellos compradores de pa\u00edses en los que no tiene acuerdos de impresi\u00f3n (que pueden llegar a 30 euros).\u00a0<\/p>\n<p>\t\t\t\t\t\t\t\t\t\t\t\t<a href=\"\">\u00bfCu\u00e1l es mi ganancia con la venta de mi libro?<\/a><\/p>\n<p>Teniendo en cuenta que el precio de un libro en el mercado es conformado por m\u00faltiples factores, debemos atender a la estructura de costo + beneficio para poder trazar un precio asequible y que optimice el beneficio para el autor. Por ello, tomamos en cuenta que del 100% del precio final, <strong>el 50% corresponde al costo de producci\u00f3n tras la venta, el 20% es la regal\u00eda de MBS y el 30%, corresponde al autor.\u00a0<\/strong><\/p>\n<p>Expliquemos esto: Amazon, del precio final, cobra el 40% (el doble que nosotros) mientras que, en principio, el porcentaje atribuido al autor es generoso: el 60%. No obstante, la realidad es diferente <strong>cuando el autor va a cobrar sus regal\u00edas en KDP, pues del 60% atribuido Amazon resta el costo de producci\u00f3n del libro, lo que resulta para el autor en un beneficio neto real que, en el mejor de los casos, alcanza el 30%.<\/strong> Ve\u00e1moslo en el siguiente ejemplo:<\/p>\n<p>Usted vende su libro de 150 p\u00e1ginas en KDP por 10 euros. Con la primera venta, Amazon cobra 4 euros. A usted, le corresponde el 60%, es decir 6 euros. Amazon le indica que el costo de producci\u00f3n para un ejemplar de 150 p\u00e1ginas con interiores en blanco y negro es de 3.30 euros. Por lo que su ganancia real es 6 euros &#8211; 3.30 euros = 2.70 euros, que respecto del precio final del libro representa el 27%.\u00a0<\/p>\n<p>Por ello, nuestro planteamiento es un planteamiento real y transparente desde el principio, y nuestra ganancia es inferior a la de Amazon, con lo que el precio est\u00e1 equilibrado y el autor obtiene una seguridad desde el inicio de lo que va a obtener con cada venta.\u00a0<\/p>\n<p>\t\t\t\t\t\t\t\t\t\t\t\t<a href=\"\">\u00bfC\u00f3mo cobro mis regal\u00edas acumuladas?<\/a><\/p>\n<p>Como autor, tendr\u00e1s tu panel de administraci\u00f3n, el cual te dar\u00e1 en tiempo real toda la informaci\u00f3n con respecto de tu libro: qui\u00e9n lo ha comprado, en qu\u00e9 pa\u00eds, en qu\u00e9 moneda, incluso por qu\u00e9 medio de pago ha realizado la transacci\u00f3n. Y, como no, tambi\u00e9n a cu\u00e1nto asciende el importe de las ventas generadas.\u00a0<\/p>\n<p style=\"font-weight: 400;\">As\u00ed,\u00a0<strong>en cualquier momento puedes solicitar el ingreso de tus regal\u00edas en una cuenta bancaria, una cuenta de PayPal, Airtm o Wise<\/strong>. Puesto que algunas entidades cobran una peque\u00f1a cantidad en concepto de comisi\u00f3n, debemos repercutir este importe al autor, por lo que siempre recomendamos que el autor acumule hasta un m\u00ednimo de 10 euros.\u00a0<\/p>\n<p>Un ejemplo real: mybookselling.online abona un importe totalizado de 34,50 euros a un autor en M\u00e9xico a trav\u00e9s de cuenta bancaria. La entidad cobra 3 euros por esa transacci\u00f3n, por lo que el autor percibe 31,50 euros.\u00a0<\/p>\n<p>\u00a1Un momento! \u00bfNo hay un m\u00e9todo de pago en el que el autor no deba soportar las comisiones? Por supuesto; se llama Wise y puedes crear una cuenta en cuesti\u00f3n de minutos.\u00a0<strong>Con una cuenta de autor en Wise, \u00a1no pagar\u00e1s ni un euro de comisi\u00f3n!<\/strong><\/p>\n<p>\t\t\t\t\t\t\t\t\t\t\t\t<a href=\"\">\u00bfCu\u00e1nto tiempo debe esperar el comprador hasta recibir el libro que ha comprado?<\/a><\/p>\n<p style=\"font-weight: 400;\">Por acuerdo con cada planta de producci\u00f3n, el comprador recibir\u00e1 el libro en un plazo no superior a 10 d\u00edas h\u00e1biles. En caso de existir alg\u00fan problema con la producci\u00f3n o un retraso por problemas de la empresa distribuidora, nosotros contactaremos con el comprador para mantenerle informado. Nuestra reputaci\u00f3n est\u00e1 en juego por lo que recuerda que cuidamos del libro y los plazos de entrega como el propio autor.<\/p>\n<p>\t\t\t\t\t\t\t\t\t\t\t\t<a href=\"\">Me he decidido. \u00bfCu\u00e1nto se demora el equipo en tener a la venta mi libro?<\/a><\/p>\n<p style=\"font-weight: 400;\">Si te has decidido, nuestro equipo de validaci\u00f3n contacta contigo en un plazo inferior a 24 horas desde que recibimos tu manuscrito para notificarte si tu libro es apto o no. Si lo es, \u00a1perfecto! Te enviamos un breve cuestionario que deber\u00e1s completar con mucha atenci\u00f3n, ya que con esos datos construiremos un buen perfil de ti, como autor de la obra. Despu\u00e9s, trabajaremos gr\u00e1ficamente tu libro y te presentaremos la propuesta del contenido y la cubierta en un plazo no superior a los 10 d\u00edas h\u00e1biles. Si todo est\u00e1 de acuerdo a lo que deseas, \u00a1genial! Eso significa que vamos a proceder a publicar el libro en la plataforma por lo que \u00a1podr\u00e1s empezar a generar ventas en menos de 15 d\u00edas desde que comenzamos!<\/p>\n<p>\t\t\t\t\t\t\t\t\t\t\t\t<a href=\"\">Quiero varios ejemplares impresos. \u00bfTambi\u00e9n debo deducir el porcentaje asignado a la plataforma?<\/a><\/p>\n<p style=\"font-weight: 400;\">\u00a1No! \u00a1De ninguna manera! El porcentaje del 20% solo nos corresponde en el momento de una venta en nuestra plataforma. Si t\u00fa decides vender los libros por tu cuenta, o presentarlos a librer\u00edas de tu ciudad, nosotros no te exigiremos jam\u00e1s ning\u00fan porcentaje. Solo cobraremos el servicio de impresi\u00f3n y env\u00edo hasta tu domicilio o el punto de venta que nos indiques. \u00a1Y nada m\u00e1s!<\/p>\n<p>\t\t\t\t\t\t\t\t\t\t\t\t<a href=\"\">Y si un comprador compra mi libro en mybookselling.online, \u00bfpuedo enviarle a su direcci\u00f3n un ejemplar de los que tenga impresos?<\/a><\/p>\n<p style=\"font-weight: 400;\">No, toda venta en nuestra plataforma exige que nosotros imprimamos y enviemos el ejemplar adquirido, para tener total transparencia y que las ventas en nuestra web se reflejen en tu panel de autor.\u00a0<\/p>\n<p>\t\t\t\t\t\t\t\t\t\t\t\t<a href=\"\">\u00bfQu\u00e9 m\u00e9todos de compra pueden usar los lectores que adquieran desde la plataforma mi libro?<\/a><\/p>\n<p style=\"font-weight: 400;\">Ofrecemos los siguientes m\u00e9todos a nivel global: pago con tarjeta de d\u00e9bito o de cr\u00e9dito, transferencia bancaria a cuenta europea, transferencia bancaria a cuenta estadounidense (solo disponible para compradores canadienses, europeos y australianos), dep\u00f3sito v\u00eda Airtm, dep\u00f3sito v\u00eda PayPal, as\u00ed como env\u00edo de efectivo a trav\u00e9s de Western Union (excepto para compradores de Argentina, Venezuela, Cuba, China y Corea del Norte). Para esta \u00faltima opci\u00f3n, la plataforma facilitar\u00e1 la informaci\u00f3n al comprador.<\/p>\n","protected":false},"excerpt":{"rendered":"<p>\u00bfConservar\u00e9 mis derechos autorales sobre mi libro? Si algo preocupa a muchos autores es qu\u00e9 ocurrir\u00e1 con los derechos que posee sobre su creaci\u00f3n. \u00bfQu\u00e9 puede hacer o no mybookselling.online con el manuscrito? Nuestro trabajo consistir\u00e1 en valorar tu manuscrito y si lo consideramos apto, procederemos a trabajar en la diagramaci\u00f3n del contenido. Por supuesto, &#8230; <a title=\"Preguntas frecuentes\" class=\"read-more\" href=\"https:\/\/mybookselling.velqorumholding.ee\/mbs2023\/preguntas-frecuentes\/\" aria-label=\"M\u00e1s en Preguntas frecuentes\">Leer m\u00e1s<\/a><\/p>\n","protected":false},"author":1,"featured_media":0,"parent":0,"menu_order":0,"comment_status":"closed","ping_status":"closed","template":"","meta":{"footnotes":""},"class_list":["post-19659","page","type-page","status-publish"],"_links":{"self":[{"href":"https:\/\/mybookselling.velqorumholding.ee\/mbs2023\/wp-json\/wp\/v2\/pages\/19659","targetHints":{"allow":["GET"]}}],"collection":[{"href":"https:\/\/mybookselling.velqorumholding.ee\/mbs2023\/wp-json\/wp\/v2\/pages"}],"about":[{"href":"https:\/\/mybookselling.velqorumholding.ee\/mbs2023\/wp-json\/wp\/v2\/types\/page"}],"author":[{"embeddable":true,"href":"https:\/\/mybookselling.velqorumholding.ee\/mbs2023\/wp-json\/wp\/v2\/users\/1"}],"replies":[{"embeddable":true,"href":"https:\/\/mybookselling.velqorumholding.ee\/mbs2023\/wp-json\/wp\/v2\/comments?post=19659"}],"version-history":[{"count":0,"href":"https:\/\/mybookselling.velqorumholding.ee\/mbs2023\/wp-json\/wp\/v2\/pages\/19659\/revisions"}],"wp:attachment":[{"href":"https:\/\/mybookselling.velqorumholding.ee\/mbs2023\/wp-json\/wp\/v2\/media?parent=19659"}],"curies":[{"name":"wp","href":"https:\/\/api.w.org\/{rel}","templated":true}]}}